{"id":38277,"date":"2023-01-19T06:45:12","date_gmt":"2023-01-19T06:45:12","guid":{"rendered":"https:\/\/drkorn-original-bu.cwis.org\/trabaja-conmigo\/mi-proceso-y-tarifas-para-la-asesoria-personalizada-y-supervision-clinica\/"},"modified":"2023-07-31T13:39:14","modified_gmt":"2023-07-31T13:39:14","slug":"mi-proceso-y-tarifas-para-la-asesoria-personalizada-y-supervision-clinica","status":"publish","type":"page","link":"https:\/\/drkorn-original-bu.cwis.org\/es\/trabaja-conmigo\/mi-proceso-y-tarifas-para-la-asesoria-personalizada-y-supervision-clinica\/","title":{"rendered":"Mi proceso y tarifas para la Asesor\u00eda personalizada y supervisi\u00f3n cl\u00ednica"},"content":{"rendered":"\n<div class=\"wp-block-group process-fee-sec\"><div class=\"wp-block-group__inner-container is-layout-flow wp-block-group-is-layout-flow\">\n<h1 class=\"wp-block-heading has-text-align-left\" id=\"h-mi-proceso-y-tarifas-para-la-asesoria-personalizada-y-supervision-clinica\">Mi proceso y tarifas para la Asesor\u00eda personalizada y supervisi\u00f3n cl\u00ednica<\/h1>\n\n\n\n<p class=\"has-text-align-left subhead1\">Aqu\u00ed es donde empezamos:<\/p>\n\n\n\n<h2 class=\"wp-block-heading inner-head\">1. Solicitud<\/h2>\n\n\n\n<p class=\"subhead1 mgbt\">Llena el <a href=\"https:\/\/drkorn-original-bu.cwis.org\/es\/trabaja-conmigo\/agenda-una-cita\/\"><strong>Formulario de aplicaci\u00f3n<\/strong><\/a> y cu\u00e9ntame un poco acerca de tu pr\u00e1ctica cl\u00ednica y tu inter\u00e9s en recibir apoyo de asesor\u00eda, consulta de casos y supervisi\u00f3n. En resumen, c\u00f3mo puedo ayudarte con los clientes (ni\u00f1os, adolescentes, adultos o parejas) que est\u00e1s tratando. Mi estilo de supervisi\u00f3n es compasivo y ecl\u00e9ctico, y mi objetivo es nutrirte y apoyar tus resultados satisfactorios con tu clientela.<\/p>\n\n\n\n<h2 class=\"wp-block-heading inner-head\">2. Programa&nbsp;tu&nbsp;primera&nbsp;cita<\/h2>\n\n\n\n<p class=\"subhead1 mgbt\">Me pondr\u00e9 en contacto contigo para agendar tu primera cita. Mi agenda est\u00e1 programada con unas 6-8 semanas de anticipaci\u00f3n, pero te puedo agregar a la lista de espera de cancelaciones si tienes una sensaci\u00f3n de urgencia. Por favor, a\u00f1ade dkorn@protonmail.com y drkorn@protonmail.com a tus contactos. F\u00edjate en que hay una peque\u00f1a diferencia en las dos direcciones de correo.<\/p>\n\n\n\n<h3 class=\"wp-block-heading inner-head\">3. Pago<\/h3>\n\n\n\n<p class=\"subhead1 mgbt\">Tras la confirmaci\u00f3n de una cita inicial de 75 minutos (por Zoom), recibir\u00e1s una solicitud de pago. Debes realizar este pago en un plazo de 48 horas para mantener el horario de tu cita.<\/p>\n\n\n\n<p><\/p>\n<\/div><\/div>\n\n\n\t\t<div class=\"course-fees-card\">\t\n\t\t\t<div class=\"course-fees-title\">\n\t\t\t\t<h2>\n\t\t\t\t\tTarifa\t\t\t\t<\/h2>\n\t\t\t<\/div>\n\t\t\t<div class=\"course-fees\">\n\t\t\t\t<div class=\"course-price\"><span>\n\t\t\t\t\t$345.00 USD\t\t\t\t<\/span>\n\t\t\t\t<\/div>\n\t\t\t\t<div class=\"appoinment-button\"><a href=\"https:\/\/drkorn-original-bu.cwis.org\/es\/trabaja-conmigo\/agenda-una-cita\/ \" class=\"button\">Agenda una cita <\/a><\/div>\n\t\t\t<\/div>\n\t\t\t<div class=\"course-fees-description\">\n\t\t\t\t<h3>\n\t\t\t\t\tIncluye:\t\t\t\t<\/h3>\n\t\t\t\t \n\t\t\t\t<ul>\n\t\t\t\t\t\t\t\t\t\t<li><p>Mi revisi\u00f3n y an\u00e1lisis de las notas de tu(s) caso(s) por adelantado<\/p><\/li>\n\t\t\t\t                \t\t\t\t\t<li><p>Tu primera cita (75 minutos, por Zoom)<\/p><\/li>\n\t\t\t\t                \t\t\t\t\t<li><p>Te proporcionar\u00e9 mis notas confidenciales por escrito y las recomendaciones que discutimos<\/p><\/li>\n\t\t\t\t                           <\/ul>\n\n        \t\t\t<\/div>\n\t\t\t<div class=\"course-image\">\n\t\t\t\t  <img decoding=\"async\" src=\"\" \/>\n\t\t\t<\/div>\n\t\t\t<div class=\"course-Disclaimer\">\n\t\t\t\t  <h3>\n\t\t\t\t\t\t\t\t\t<\/h3>\n\t\t\t\t\t<p>Las citas de seguimiento adicionales se cobran a $245 USD\/hora. <\/p>\n\t\t\t<\/div>\n\t\t<\/div>\n\n\n<div class=\"wp-block-group process-fee-sec2\"><div class=\"wp-block-group__inner-container is-layout-flow wp-block-group-is-layout-flow\">\n<h2 class=\"wp-block-heading inner-head\" id=\"h-que-ocurre-despues\">\u00bfQu\u00e9 ocurre despu\u00e9s?<\/h2>\n\n\n\n<h3 class=\"wp-block-heading\" style=\"font-size:28px\">Una vez recibido el pago, recibir\u00e1s:<\/h3>\n\n\n\n<p class=\"subhead1 pd-lft\"><span>a.<\/span> Una confirmaci\u00f3n <\/p>\n\n\n\n<p class=\"subhead1 pd-lft\"><span>b.<\/span> Un enlace para descargar la documentaci\u00f3n <\/p>\n\n\n\n<p class=\"subhead1 pd-lft\"><span>c.<\/span> Una direcci\u00f3n de correo electr\u00f3nico encriptada para proteger tu informaci\u00f3n<\/p>\n\n\n\n<h3 class=\"wp-block-heading head-p mgtop\" style=\"font-size:28px\">Documentacion<\/h3>\n\n\n\n<p class=\"subhead1\">Por\u00a0favor\u00a0envia\u00a0la\u00a0documentacion\u00a0inicial\u00a0al\u00a0menos\u00a03\u00a0dias\u00a0antes\u00a0de\u00a0tu\u00a0cita.<\/p>\n\n\n\n<h2 class=\"wp-block-heading fnt-wt\">Nuestra primera cita<\/h2>\n\n\n\n<p class=\"subhead1\">Durante nuestra primera cita, llegar\u00e9 a conocerte, te har\u00e9 preguntas adicionales basadas en tu formato de admisi\u00f3n y compartir\u00e9 contigo algunas ideas y planteamientos iniciales. <\/p>\n\n\n\n<p class=\"subhead1\">Podemos dedicar el tiempo a debatir un caso en concreto, o varios. <\/p>\n\n\n\n<h2 class=\"wp-block-heading inner-head2\">Supervisi\u00f3n cont\u00ednua<\/h2>\n\n\n\n<p class=\"subhead1\">Despu\u00e9s de nuestra primera cita, exploraremos tus objetivos y necesidades de supervisi\u00f3n. Seg\u00fan mi experiencia, la supervisi\u00f3n es m\u00e1s eficaz con una frecuencia regular de al menos una vez al mes.<\/p>\n\n\n\n<p class=\"subhead1\">Exploraremos las actualizaciones de casos anteriores e incorporaremos otros nuevos. Mi objetivo es tu \u00e9xito.<\/p>\n\n\n\n<p class=\"subhead1\">Las segundas citas y las citas de seguimiento se cobran a <strong>$245 USD\/hr..<\/strong><\/p>\n\n\n\n<div style=\"height:64px\" aria-hidden=\"true\" class=\"wp-block-spacer\"><\/div>\n\n\n\n<h2 class=\"wp-block-heading fnt-size\">Opci\u00f3n: Consulta de caso individual <\/h2>\n\n\n\n<p class=\"subhead1\">Muchos profesionales que se unen a mi supervisi\u00f3n mensual en grupo quieren tiempo s\u00f3lo para ellos. Me parece estupendo si lo que buscas es una consulta \u00fanica. Puedes hacer esta petici\u00f3n espec\u00edfica en tu correo electr\u00f3nico inicial. La tarifa de una consulta de caso individual es de <strong>$345.00<\/strong> USD por 75 minutos. <\/p>\n\n\n\n<div style=\"height:64px\" aria-hidden=\"true\" class=\"wp-block-spacer\"><\/div>\n\n\n\n<h2 class=\"wp-block-heading inner-head2\">Otros puntos a tener en cuenta<\/h2>\n\n\n\n<h3 class=\"wp-block-heading fnt-size2\">Link de Zoom<\/h3>\n\n\n\n<p class=\"subhead1\">Yo te proporcionar\u00e9 tu propio link personal de Zoom que seguir\u00e1 siendo el mismo durante todo nuestro trabajo juntos. Por favor, gu\u00e1rdalo para su uso continuo.<\/p>\n<\/div><\/div>\n\n\n\n<div style=\"height:240px\" aria-hidden=\"true\" class=\"wp-block-spacer\"><\/div>\n\n\n\n<div class=\"single-pst-st-main\"><div class=\"wrap\"><div class=\"single-pst-thumb\"><img decoding=\"async\" src=\"\/wp-content\/uploads\/2022\/02\/dr-leslie-korn.png\" alt=\"dr-leslie-korn\"\/><\/div><div class=\"single-pst-txt\" style=\"max-width: 580px;width: 100%;\"><p>Obtenga asesoramiento y supervisi\u00f3n uno a uno<\/p><\/div> <div class=\"vi-btn\"> <a href=\"https:\/\/drkorn-original-bu.cwis.org\/es\/trabaja-conmigo\/agenda-una-cita\/\" class=\"vi-btn\">Agenda una cita<\/a><\/div><\/div> <\/div>\n","protected":false},"excerpt":{"rendered":"<p>Mi proceso y tarifas para la Asesor\u00eda personalizada y supervisi\u00f3n cl\u00ednica Aqu\u00ed es donde empezamos: 1. Solicitud Llena el Formulario de aplicaci\u00f3n y cu\u00e9ntame un poco acerca de tu pr\u00e1ctica [&hellip;]<\/p>\n","protected":false},"author":20,"featured_media":0,"parent":37741,"menu_order":0,"comment_status":"closed","ping_status":"closed","template":"","meta":{"_acf_changed":false,"inline_featured_image":false,"_genesis_hide_title":true,"_genesis_hide_breadcrumbs":false,"_genesis_hide_singular_image":false,"_genesis_hide_footer_widgets":false,"_genesis_custom_body_class":"health-consultation-page","_genesis_custom_post_class":"","_genesis_layout":"","footnotes":""},"class_list":{"0":"post-38277","1":"page","2":"type-page","3":"status-publish","5":"entry"},"acf":[],"yoast_head":"<!-- This site is optimized with the Yoast SEO Premium plugin v25.3 (Yoast SEO v25.3) - https:\/\/yoast.com\/wordpress\/plugins\/seo\/ -->\n<title>Mi proceso y honorarios por asesoramiento y supervisi\u00f3n, Dra. Leslie Korn<\/title>\n<meta name=\"description\" content=\"Mi estilo de supervisi\u00f3n es compasivo y ecl\u00e9ctico y mi objetivo es nutrirlo y apoyar sus resultados exitosos con su clientela.\" \/>\n<meta name=\"robots\" content=\"noindex, follow, max-snippet:-1, max-image-preview:large, max-video-preview:-1\" \/>\n<meta property=\"og:locale\" content=\"es_ES\" \/>\n<meta property=\"og:type\" content=\"article\" \/>\n<meta property=\"og:title\" content=\"Mi proceso y tarifas para la Asesor\u00eda personalizada y supervisi\u00f3n cl\u00ednica | Dr. Leslie Korn\" \/>\n<meta property=\"og:description\" content=\"Mi proceso y tarifas para la Asesor\u00eda personalizada y supervisi\u00f3n cl\u00ednica Aqu\u00ed es donde empezamos: 1. Solicitud Llena el Formulario de aplicaci\u00f3n y\" \/>\n<meta property=\"og:url\" content=\"https:\/\/drkorndev.cwis.org\/es\/trabaja-conmigo\/mi-proceso-y-tarifas-para-la-asesoria-personalizada-y-supervision-clinica\/\" \/>\n<meta property=\"og:site_name\" content=\"Dr. Leslie Korn\" \/>\n<meta property=\"article:modified_time\" content=\"2023-07-31T13:39:14+00:00\" \/>\n<meta property=\"og:image\" content=\"https:\/\/drkorn-original-bu.cwis.org\/wp-content\/uploads\/2024\/09\/dr-leslie-korn-logo-english.webp\" \/>\n\t<meta property=\"og:image:width\" content=\"784\" \/>\n\t<meta property=\"og:image:height\" content=\"226\" \/>\n\t<meta property=\"og:image:type\" content=\"image\/webp\" \/>\n<meta name=\"twitter:card\" content=\"summary_large_image\" \/>\n<meta name=\"twitter:label1\" content=\"Tiempo de lectura\" \/>\n\t<meta name=\"twitter:data1\" content=\"3 minutos\" \/>\n<script type=\"application\/ld+json\" class=\"yoast-schema-graph\">{\"@context\":\"https:\/\/schema.org\",\"@graph\":[{\"@type\":\"WebPage\",\"@id\":\"https:\/\/drkorndev.cwis.org\/es\/trabaja-conmigo\/mi-proceso-y-tarifas-para-la-asesoria-personalizada-y-supervision-clinica\/\",\"url\":\"https:\/\/drkorndev.cwis.org\/es\/trabaja-conmigo\/mi-proceso-y-tarifas-para-la-asesoria-personalizada-y-supervision-clinica\/\",\"name\":\"Mi proceso y honorarios por asesoramiento y supervisi\u00f3n, Dra. Leslie Korn\",\"isPartOf\":{\"@id\":\"https:\/\/drkorn-original-bu.cwis.org\/#website\"},\"datePublished\":\"2023-01-19T06:45:12+00:00\",\"dateModified\":\"2023-07-31T13:39:14+00:00\",\"description\":\"Mi estilo de supervisi\u00f3n es compasivo y ecl\u00e9ctico y mi objetivo es nutrirlo y apoyar sus resultados exitosos con su clientela.\",\"breadcrumb\":{\"@id\":\"https:\/\/drkorndev.cwis.org\/es\/trabaja-conmigo\/mi-proceso-y-tarifas-para-la-asesoria-personalizada-y-supervision-clinica\/#breadcrumb\"},\"inLanguage\":\"es\",\"potentialAction\":[{\"@type\":\"ReadAction\",\"target\":[\"https:\/\/drkorndev.cwis.org\/es\/trabaja-conmigo\/mi-proceso-y-tarifas-para-la-asesoria-personalizada-y-supervision-clinica\/\"]}]},{\"@type\":\"BreadcrumbList\",\"@id\":\"https:\/\/drkorndev.cwis.org\/es\/trabaja-conmigo\/mi-proceso-y-tarifas-para-la-asesoria-personalizada-y-supervision-clinica\/#breadcrumb\",\"itemListElement\":[{\"@type\":\"ListItem\",\"position\":1,\"name\":\"TRABAJA CONMIGO\",\"item\":\"https:\/\/drkorndev.cwis.org\/es\/trabaja-conmigo\/\"},{\"@type\":\"ListItem\",\"position\":2,\"name\":\"Mi proceso y tarifas para la Asesor\u00eda personalizada y supervisi\u00f3n cl\u00ednica\"}]},{\"@type\":\"WebSite\",\"@id\":\"https:\/\/drkorn-original-bu.cwis.org\/#website\",\"url\":\"https:\/\/drkorn-original-bu.cwis.org\/\",\"name\":\"Dr. Leslie Korn\",\"description\":\"Integrative Medicine with Heart\",\"publisher\":{\"@id\":\"https:\/\/drkorn-original-bu.cwis.org\/#organization\"},\"potentialAction\":[{\"@type\":\"SearchAction\",\"target\":{\"@type\":\"EntryPoint\",\"urlTemplate\":\"https:\/\/drkorn-original-bu.cwis.org\/?s={search_term_string}\"},\"query-input\":{\"@type\":\"PropertyValueSpecification\",\"valueRequired\":true,\"valueName\":\"search_term_string\"}}],\"inLanguage\":\"es\"},{\"@type\":\"Organization\",\"@id\":\"https:\/\/drkorn-original-bu.cwis.org\/#organization\",\"name\":\"Dr. Leslie Korn\",\"url\":\"https:\/\/drkorn-original-bu.cwis.org\/\",\"logo\":{\"@type\":\"ImageObject\",\"inLanguage\":\"es\",\"@id\":\"https:\/\/drkorn-original-bu.cwis.org\/#\/schema\/logo\/image\/\",\"url\":\"https:\/\/drkorn-original-bu.cwis.org\/wp-content\/uploads\/2022\/11\/Logo_highRess_horizontal.png\",\"contentUrl\":\"https:\/\/drkorn-original-bu.cwis.org\/wp-content\/uploads\/2022\/11\/Logo_highRess_horizontal.png\",\"width\":8001,\"height\":8001,\"caption\":\"Dr. Leslie Korn\"},\"image\":{\"@id\":\"https:\/\/drkorn-original-bu.cwis.org\/#\/schema\/logo\/image\/\"}}]}<\/script>\n<!-- \/ Yoast SEO Premium plugin. -->","yoast_head_json":{"title":"Mi proceso y honorarios por asesoramiento y supervisi\u00f3n, Dra. Leslie Korn","description":"Mi estilo de supervisi\u00f3n es compasivo y ecl\u00e9ctico y mi objetivo es nutrirlo y apoyar sus resultados exitosos con su clientela.","robots":{"index":"noindex","follow":"follow","max-snippet":"max-snippet:-1","max-image-preview":"max-image-preview:large","max-video-preview":"max-video-preview:-1"},"og_locale":"es_ES","og_type":"article","og_title":"Mi proceso y tarifas para la Asesor\u00eda personalizada y supervisi\u00f3n cl\u00ednica | Dr. Leslie Korn","og_description":"Mi proceso y tarifas para la Asesor\u00eda personalizada y supervisi\u00f3n cl\u00ednica Aqu\u00ed es donde empezamos: 1. Solicitud Llena el Formulario de aplicaci\u00f3n y","og_url":"https:\/\/drkorndev.cwis.org\/es\/trabaja-conmigo\/mi-proceso-y-tarifas-para-la-asesoria-personalizada-y-supervision-clinica\/","og_site_name":"Dr. Leslie Korn","article_modified_time":"2023-07-31T13:39:14+00:00","og_image":[{"width":784,"height":226,"url":"https:\/\/drkorn-original-bu.cwis.org\/wp-content\/uploads\/2024\/09\/dr-leslie-korn-logo-english.webp","type":"image\/webp"}],"twitter_card":"summary_large_image","twitter_misc":{"Tiempo de lectura":"3 minutos"},"schema":{"@context":"https:\/\/schema.org","@graph":[{"@type":"WebPage","@id":"https:\/\/drkorndev.cwis.org\/es\/trabaja-conmigo\/mi-proceso-y-tarifas-para-la-asesoria-personalizada-y-supervision-clinica\/","url":"https:\/\/drkorndev.cwis.org\/es\/trabaja-conmigo\/mi-proceso-y-tarifas-para-la-asesoria-personalizada-y-supervision-clinica\/","name":"Mi proceso y honorarios por asesoramiento y supervisi\u00f3n, Dra. Leslie Korn","isPartOf":{"@id":"https:\/\/drkorn-original-bu.cwis.org\/#website"},"datePublished":"2023-01-19T06:45:12+00:00","dateModified":"2023-07-31T13:39:14+00:00","description":"Mi estilo de supervisi\u00f3n es compasivo y ecl\u00e9ctico y mi objetivo es nutrirlo y apoyar sus resultados exitosos con su clientela.","breadcrumb":{"@id":"https:\/\/drkorndev.cwis.org\/es\/trabaja-conmigo\/mi-proceso-y-tarifas-para-la-asesoria-personalizada-y-supervision-clinica\/#breadcrumb"},"inLanguage":"es","potentialAction":[{"@type":"ReadAction","target":["https:\/\/drkorndev.cwis.org\/es\/trabaja-conmigo\/mi-proceso-y-tarifas-para-la-asesoria-personalizada-y-supervision-clinica\/"]}]},{"@type":"BreadcrumbList","@id":"https:\/\/drkorndev.cwis.org\/es\/trabaja-conmigo\/mi-proceso-y-tarifas-para-la-asesoria-personalizada-y-supervision-clinica\/#breadcrumb","itemListElement":[{"@type":"ListItem","position":1,"name":"TRABAJA CONMIGO","item":"https:\/\/drkorndev.cwis.org\/es\/trabaja-conmigo\/"},{"@type":"ListItem","position":2,"name":"Mi proceso y tarifas para la Asesor\u00eda personalizada y supervisi\u00f3n cl\u00ednica"}]},{"@type":"WebSite","@id":"https:\/\/drkorn-original-bu.cwis.org\/#website","url":"https:\/\/drkorn-original-bu.cwis.org\/","name":"Dr. Leslie Korn","description":"Integrative Medicine with Heart","publisher":{"@id":"https:\/\/drkorn-original-bu.cwis.org\/#organization"},"potentialAction":[{"@type":"SearchAction","target":{"@type":"EntryPoint","urlTemplate":"https:\/\/drkorn-original-bu.cwis.org\/?s={search_term_string}"},"query-input":{"@type":"PropertyValueSpecification","valueRequired":true,"valueName":"search_term_string"}}],"inLanguage":"es"},{"@type":"Organization","@id":"https:\/\/drkorn-original-bu.cwis.org\/#organization","name":"Dr. Leslie Korn","url":"https:\/\/drkorn-original-bu.cwis.org\/","logo":{"@type":"ImageObject","inLanguage":"es","@id":"https:\/\/drkorn-original-bu.cwis.org\/#\/schema\/logo\/image\/","url":"https:\/\/drkorn-original-bu.cwis.org\/wp-content\/uploads\/2022\/11\/Logo_highRess_horizontal.png","contentUrl":"https:\/\/drkorn-original-bu.cwis.org\/wp-content\/uploads\/2022\/11\/Logo_highRess_horizontal.png","width":8001,"height":8001,"caption":"Dr. Leslie Korn"},"image":{"@id":"https:\/\/drkorn-original-bu.cwis.org\/#\/schema\/logo\/image\/"}}]}},"_links":{"self":[{"href":"https:\/\/drkorn-original-bu.cwis.org\/es\/wp-json\/wp\/v2\/pages\/38277","targetHints":{"allow":["GET"]}}],"collection":[{"href":"https:\/\/drkorn-original-bu.cwis.org\/es\/wp-json\/wp\/v2\/pages"}],"about":[{"href":"https:\/\/drkorn-original-bu.cwis.org\/es\/wp-json\/wp\/v2\/types\/page"}],"author":[{"embeddable":true,"href":"https:\/\/drkorn-original-bu.cwis.org\/es\/wp-json\/wp\/v2\/users\/20"}],"replies":[{"embeddable":true,"href":"https:\/\/drkorn-original-bu.cwis.org\/es\/wp-json\/wp\/v2\/comments?post=38277"}],"version-history":[{"count":0,"href":"https:\/\/drkorn-original-bu.cwis.org\/es\/wp-json\/wp\/v2\/pages\/38277\/revisions"}],"up":[{"embeddable":true,"href":"https:\/\/drkorn-original-bu.cwis.org\/es\/wp-json\/wp\/v2\/pages\/37741"}],"wp:attachment":[{"href":"https:\/\/drkorn-original-bu.cwis.org\/es\/wp-json\/wp\/v2\/media?parent=38277"}],"curies":[{"name":"wp","href":"https:\/\/api.w.org\/{rel}","templated":true}]}}