{"id":38276,"date":"2023-01-19T06:35:29","date_gmt":"2023-01-19T06:35:29","guid":{"rendered":"https:\/\/drkorn-original-bu.cwis.org\/trabaja-conmigo\/mi-proceso-y-tarifas-para-desarrollo-profesional\/"},"modified":"2023-07-31T13:34:37","modified_gmt":"2023-07-31T13:34:37","slug":"mi-proceso-y-tarifas-para-desarrollo-profesional","status":"publish","type":"page","link":"https:\/\/drkorn-original-bu.cwis.org\/es\/trabaja-conmigo\/mi-proceso-y-tarifas-para-desarrollo-profesional\/","title":{"rendered":"Mi proceso y tarifas para Desarrollo profesional"},"content":{"rendered":"\n<div class=\"wp-block-group process-fee-sec\"><div class=\"wp-block-group__inner-container is-layout-flow wp-block-group-is-layout-flow\">\n<h1 class=\"wp-block-heading has-text-align-left\" id=\"h-mi-proceso-y-tarifas-para-desarrollo-profesional\">Mi proceso y tarifas para Desarrollo profesional<\/h1>\n\n\n\n<p class=\"has-text-align-left subhead1\">Aqu\u00ed es donde empezamos:<\/p>\n\n\n\n<h2 class=\"wp-block-heading inner-head\">1. Solicitud<\/h2>\n\n\n\n<p class=\"subhead1 mgbt\">Llena el <a href=\"https:\/\/drkorn-original-bu.cwis.org\/es\/trabaja-conmigo\/agenda-una-cita\/\"><strong>Formulario de aplicaci\u00f3n<\/strong><\/a> y h\u00e1blame un poco de ti y de cu\u00e1les son tus objetivos para crear o mejorar tu pr\u00e1ctica cl\u00ednica. Puede que tus objetivos est\u00e9n bien definidos, o tal vez quieras trabajar conmigo para aclararlos. No importa en qu\u00e9 punto del proceso te encuentres. Estoy aqu\u00ed para escuchar cualquier cosa que desees compartir.<\/p>\n\n\n\n<h2 class=\"wp-block-heading inner-head\">2. Agenda tu primera cita<\/h2>\n\n\n\n<p class=\"subhead1 mgbt\">Me pondr\u00e9 en contacto contigo para agendar tu primera cita. Mi agenda est\u00e1 programada con unas 6-8 semanas de anticipaci\u00f3n, pero te puedo agregar a la lista de espera de cancelaciones si tienes que prepararte para una fecha pr\u00f3xima. Por favor, a\u00f1ade dkorn@protonmail.com y drkorn@protonmail.com a tus contactos. F\u00edjate en que hay una peque\u00f1a diferencia en las dos direcciones de correo.<\/p>\n\n\n\n<h3 class=\"wp-block-heading inner-head\">3. Pago<\/h3>\n\n\n\n<p class=\"subhead1 mgbt\">Tras la confirmaci\u00f3n de una cita inicial de 75 minutos (por Zoom), recibir\u00e1s una solicitud de pago. Debes realizar este pago en un plazo de 48 horas para mantener el horario de tu cita.<\/p>\n\n\n\n<p><\/p>\n<\/div><\/div>\n\n\n\t\t<div class=\"course-fees-card\">\t\n\t\t\t<div class=\"course-fees-title\">\n\t\t\t\t<h2>\n\t\t\t\t\tTarifa\t\t\t\t<\/h2>\n\t\t\t<\/div>\n\t\t\t<div class=\"course-fees\">\n\t\t\t\t<div class=\"course-price\"><span>\n\t\t\t\t\t$445.00 USD\t\t\t\t<\/span>\n\t\t\t\t<\/div>\n\t\t\t\t<div class=\"appoinment-button\"><a href=\"https:\/\/drkorn-original-bu.cwis.org\/es\/trabaja-conmigo\/agenda-una-cita\/ \" class=\"button\">Agenda una cita <\/a><\/div>\n\t\t\t<\/div>\n\t\t\t<div class=\"course-fees-description\">\n\t\t\t\t<h3>\n\t\t\t\t\tIncluye:\t\t\t\t<\/h3>\n\t\t\t\t \n\t\t\t\t<ul>\n\t\t\t\t\t\t\t\t\t\t<li><p>Mi revisi\u00f3n y an\u00e1lisis de tus documentos, incluyendo tus objetivos y tu CV<\/p><\/li>\n\t\t\t\t                \t\t\t\t\t<li><p>Tu primera cita (75 minutos, por Zoom)<\/p><\/li>\n\t\t\t\t                \t\t\t\t\t<li><p>Te proporcionar\u00e9 un plan de acci\u00f3n personalizado <\/p><\/li>\n\t\t\t\t                \t\t\t\t\t<li><p>Y una breve tarea de planificaci\u00f3n de tu pr\u00e1ctica para ayudarte a alcanzar tus objetivos profesionales<\/p><\/li>\n\t\t\t\t                           <\/ul>\n\n        \t\t\t<\/div>\n\t\t\t<div class=\"course-image\">\n\t\t\t\t  <img decoding=\"async\" src=\"\" \/>\n\t\t\t<\/div>\n\t\t\t<div class=\"course-Disclaimer\">\n\t\t\t\t  <h3>\n\t\t\t\t\t\t\t\t\t<\/h3>\n\t\t\t\t\t<p>Las citas de seguimiento adicionales se cobran a $245 USD\/hora. <\/p>\n\t\t\t<\/div>\n\t\t<\/div>\n\n\n<div class=\"wp-block-group process-fee-sec2\"><div class=\"wp-block-group__inner-container is-layout-flow wp-block-group-is-layout-flow\">\n<h2 class=\"wp-block-heading inner-head\" id=\"h-que-ocurre-despues\">\u00bfQu\u00e9 ocurre despu\u00e9s?<\/h2>\n\n\n\n<h3 class=\"wp-block-heading\" style=\"font-size:28px\">Una vez recibido el pago, recibir\u00e1s:<\/h3>\n\n\n\n<p class=\"subhead1 pd-lft\"><span>a.<\/span> Una confirmaci\u00f3n <\/p>\n\n\n\n<p class=\"subhead1 pd-lft\"><span>b.<\/span> Un enlace para descargar la documentaci\u00f3n <\/p>\n\n\n\n<p class=\"subhead1 pd-lft\"><span>c.<\/span> Una direcci\u00f3n de correo electr\u00f3nico encriptada para proteger tu informaci\u00f3n<\/p>\n\n\n\n<h3 class=\"wp-block-heading head-p mgtop\" style=\"font-size:28px\">Documentaci\u00e9n<\/h3>\n\n\n\n<p class=\"subhead1\">Por&nbsp;favor&nbsp;envia&nbsp;la&nbsp;documentacion&nbsp;inicial&nbsp;al&nbsp;menos&nbsp;3&nbsp;dias&nbsp;antes&nbsp;de&nbsp;tu&nbsp;cita.<\/p>\n\n\n\n<h2 class=\"wp-block-heading fnt-wt\">Nuestra primera cita<\/h2>\n\n\n\n<p class=\"subhead1\">Durante nuestra primera cita, llegar\u00e9 a conocerte, te har\u00e9 preguntas adicionales basadas en tu formato de admisi\u00f3n y compartir\u00e9 contigo algunas ideas y planteamientos iniciales. <\/p>\n\n\n\n<h2 class=\"wp-block-heading inner-head2\">Desarrollo de tu plan personalizado<\/h2>\n\n\n\n<p class=\"subhead1\">Despu\u00e9s de nuestra primera cita, desarrollaremos un esquema de trabajo personalizado basado en nuestras conversaciones. Es posible que tengas que hacer algunos planes para preparar nuestra cita de seguimiento. Puedes enviarme un correo electr\u00f3nico r\u00e1pido entre nuestras citas con preguntas o actualizaciones.<\/p>\n\n\n\n<p class=\"subhead1\">Seg\u00fan mi experiencia, el desarrollo profesional de una pr\u00e1ctica cl\u00ednica implica crear un mapa que puede incluir la visi\u00f3n, el establecimiento de objetivos, la creaci\u00f3n de un calendario, la definici\u00f3n de los recursos financieros y legales, los objetivos y los posibles obst\u00e1culos.<\/p>\n\n\n\n<p class=\"subhead1\">Te ayudar\u00e9 a priorizar juntos tu enfoque y tu calendario, a acceder a recursos y a ir a un ritmo \u00f3ptimo para ti.<\/p>\n\n\n\n<h3 class=\"wp-block-heading fnt-size\">Segunda cita<\/h3>\n\n\n\n<p class=\"subhead1\">Seg\u00fan mi experiencia, una cita de seguimiento es m\u00e1s eficaz cuando ocurre en las 4 semanas siguientes a nuestra primera cita. Durante nuestra segunda cita seguiremos afinando tus objetivos, abordaremos tus preocupaciones, dudas y ambivalencias, y exploraremos recursos valiosos que te ayudar\u00e1n a alcanzar tus objetivos.<\/p>\n\n\n\n<p class=\"subhead1\">Juntos estableceremos tus prioridades y un plan paso a paso que te acerque a tus objetivos. <\/p>\n\n\n\n<h3 class=\"wp-block-heading fnt-size\">Despu\u00e9s\u00a0de\u00a0nuestra\u00a0segunda\u00a0cita<\/h3>\n\n\n\n<p class=\"subhead1\">Mi\u00a0objetivo\u00a0es\u00a0tu\u00a0\u00e9xito.\u00a0Seguir\u00e9\u00a0apoyandote\u00a0cuando\u00a0lo\u00a0necesites.<\/p>\n\n\n\n<p class=\"subhead1\">Las segundas citas y las citas de seguimiento se cobran a <strong>$245 USD\/hr..<\/strong><\/p>\n\n\n\n<div style=\"height:64px\" aria-hidden=\"true\" class=\"wp-block-spacer\"><\/div>\n\n\n\n<h2 class=\"wp-block-heading fnt-size\">Opci\u00f3n: Consulta \u00fanica para tu carrera <\/h2>\n\n\n\n<p class=\"subhead1\">Si s\u00f3lo deseas una \u00fanica consulta, o a\u00fan no est\u00e1s seguro de si quieres adentrarte en este proceso, puedes hacer esta petici\u00f3n espec\u00edfica en tu correo electr\u00f3nico inicial. La tarifa de una sola consulta es de <strong>$445<\/strong> USD por 75 minutos. <\/p>\n\n\n\n<div style=\"height:64px\" aria-hidden=\"true\" class=\"wp-block-spacer\"><\/div>\n\n\n\n<h2 class=\"wp-block-heading inner-head2\">Otros puntos a tener en cuenta<\/h2>\n\n\n\n<h3 class=\"wp-block-heading fnt-size2\">Link de Zoom<\/h3>\n\n\n\n<p class=\"subhead1\">Yo te proporcionar\u00e9 tu propio link personal de Zoom que seguir\u00e1 siendo el mismo durante todo nuestro trabajo juntos. Por favor, gu\u00e1rdalo para su uso continuo.<\/p>\n<\/div><\/div>\n\n\n\n<div class=\"single-pst-st-main\"><div class=\"wrap\"><div class=\"single-pst-thumb\"><img decoding=\"async\" src=\"\/wp-content\/uploads\/2022\/02\/dr-leslie-korn.png\" alt=\"dr-leslie-korn\"\/><\/div><div class=\"single-pst-txt\" style=\"max-width: 580px;width: 100%;\"><p>Obtenga ayuda con la creaci\u00f3n de pr\u00e1cticas<\/p><\/div> <div class=\"vi-btn\"> <a href=\"https:\/\/drkorn-original-bu.cwis.org\/es\/trabaja-conmigo\/agenda-una-cita\/\" class=\"vi-btn\">Agenda una cita<\/a><\/div><\/div> <\/div>\n\n\n\n<div style=\"height:100px\" aria-hidden=\"true\" class=\"wp-block-spacer\"><\/div>\n","protected":false},"excerpt":{"rendered":"<p>Mi proceso y tarifas para Desarrollo profesional Aqu\u00ed es donde empezamos: 1. Solicitud Llena el Formulario de aplicaci\u00f3n y h\u00e1blame un poco de ti y de cu\u00e1les son tus objetivos [&hellip;]<\/p>\n","protected":false},"author":20,"featured_media":0,"parent":37741,"menu_order":0,"comment_status":"closed","ping_status":"closed","template":"","meta":{"_acf_changed":false,"inline_featured_image":false,"_genesis_hide_title":true,"_genesis_hide_breadcrumbs":false,"_genesis_hide_singular_image":false,"_genesis_hide_footer_widgets":false,"_genesis_custom_body_class":"health-consultation-page","_genesis_custom_post_class":"","_genesis_layout":"","footnotes":""},"class_list":{"0":"post-38276","1":"page","2":"type-page","3":"status-publish","5":"entry"},"acf":[],"yoast_head":"<!-- This site is optimized with the Yoast SEO Premium plugin v25.3 (Yoast SEO v25.3) - https:\/\/yoast.com\/wordpress\/plugins\/seo\/ -->\n<title>Mi proceso y tarifas para Desarrollo profesional , Dra. Leslie Korn<\/title>\n<meta name=\"description\" content=\"Trabajar\u00e9 con usted para lograr sus objetivos de desarrollo de su pr\u00e1ctica cl\u00ednica en medicina integrativa y nutrici\u00f3n.\" \/>\n<meta name=\"robots\" content=\"noindex, follow, max-snippet:-1, max-image-preview:large, max-video-preview:-1\" \/>\n<meta property=\"og:locale\" content=\"es_ES\" \/>\n<meta property=\"og:type\" content=\"article\" \/>\n<meta property=\"og:title\" content=\"Mi proceso y tarifas para Desarrollo profesional | Dr. Leslie Korn\" \/>\n<meta property=\"og:description\" content=\"Mi proceso y tarifas para Desarrollo profesional Aqu\u00ed es donde empezamos: 1. Solicitud Llena el Formulario de aplicaci\u00f3n y h\u00e1blame un poco de ti y de\" \/>\n<meta property=\"og:url\" content=\"https:\/\/drkorndev.cwis.org\/es\/trabaja-conmigo\/mi-proceso-y-tarifas-para-desarrollo-profesional\/\" \/>\n<meta property=\"og:site_name\" content=\"Dr. Leslie Korn\" \/>\n<meta property=\"article:modified_time\" content=\"2023-07-31T13:34:37+00:00\" \/>\n<meta property=\"og:image\" content=\"https:\/\/drkorn-original-bu.cwis.org\/wp-content\/uploads\/2024\/09\/dr-leslie-korn-logo-english.webp\" \/>\n\t<meta property=\"og:image:width\" content=\"784\" \/>\n\t<meta property=\"og:image:height\" content=\"226\" \/>\n\t<meta property=\"og:image:type\" content=\"image\/webp\" \/>\n<meta name=\"twitter:card\" content=\"summary_large_image\" \/>\n<meta name=\"twitter:label1\" content=\"Tiempo de lectura\" \/>\n\t<meta name=\"twitter:data1\" content=\"3 minutos\" \/>\n<script type=\"application\/ld+json\" class=\"yoast-schema-graph\">{\"@context\":\"https:\/\/schema.org\",\"@graph\":[{\"@type\":\"WebPage\",\"@id\":\"https:\/\/drkorndev.cwis.org\/es\/trabaja-conmigo\/mi-proceso-y-tarifas-para-desarrollo-profesional\/\",\"url\":\"https:\/\/drkorndev.cwis.org\/es\/trabaja-conmigo\/mi-proceso-y-tarifas-para-desarrollo-profesional\/\",\"name\":\"Mi proceso y tarifas para Desarrollo profesional , Dra. Leslie Korn\",\"isPartOf\":{\"@id\":\"https:\/\/drkorn-original-bu.cwis.org\/#website\"},\"datePublished\":\"2023-01-19T06:35:29+00:00\",\"dateModified\":\"2023-07-31T13:34:37+00:00\",\"description\":\"Trabajar\u00e9 con usted para lograr sus objetivos de desarrollo de su pr\u00e1ctica cl\u00ednica en medicina integrativa y nutrici\u00f3n.\",\"breadcrumb\":{\"@id\":\"https:\/\/drkorndev.cwis.org\/es\/trabaja-conmigo\/mi-proceso-y-tarifas-para-desarrollo-profesional\/#breadcrumb\"},\"inLanguage\":\"es\",\"potentialAction\":[{\"@type\":\"ReadAction\",\"target\":[\"https:\/\/drkorndev.cwis.org\/es\/trabaja-conmigo\/mi-proceso-y-tarifas-para-desarrollo-profesional\/\"]}]},{\"@type\":\"BreadcrumbList\",\"@id\":\"https:\/\/drkorndev.cwis.org\/es\/trabaja-conmigo\/mi-proceso-y-tarifas-para-desarrollo-profesional\/#breadcrumb\",\"itemListElement\":[{\"@type\":\"ListItem\",\"position\":1,\"name\":\"TRABAJA CONMIGO\",\"item\":\"https:\/\/drkorndev.cwis.org\/es\/trabaja-conmigo\/\"},{\"@type\":\"ListItem\",\"position\":2,\"name\":\"Mi proceso y tarifas para Desarrollo profesional\"}]},{\"@type\":\"WebSite\",\"@id\":\"https:\/\/drkorn-original-bu.cwis.org\/#website\",\"url\":\"https:\/\/drkorn-original-bu.cwis.org\/\",\"name\":\"Dr. Leslie Korn\",\"description\":\"Integrative Medicine with Heart\",\"publisher\":{\"@id\":\"https:\/\/drkorn-original-bu.cwis.org\/#organization\"},\"potentialAction\":[{\"@type\":\"SearchAction\",\"target\":{\"@type\":\"EntryPoint\",\"urlTemplate\":\"https:\/\/drkorn-original-bu.cwis.org\/?s={search_term_string}\"},\"query-input\":{\"@type\":\"PropertyValueSpecification\",\"valueRequired\":true,\"valueName\":\"search_term_string\"}}],\"inLanguage\":\"es\"},{\"@type\":\"Organization\",\"@id\":\"https:\/\/drkorn-original-bu.cwis.org\/#organization\",\"name\":\"Dr. Leslie Korn\",\"url\":\"https:\/\/drkorn-original-bu.cwis.org\/\",\"logo\":{\"@type\":\"ImageObject\",\"inLanguage\":\"es\",\"@id\":\"https:\/\/drkorn-original-bu.cwis.org\/#\/schema\/logo\/image\/\",\"url\":\"https:\/\/drkorn-original-bu.cwis.org\/wp-content\/uploads\/2022\/11\/Logo_highRess_horizontal.png\",\"contentUrl\":\"https:\/\/drkorn-original-bu.cwis.org\/wp-content\/uploads\/2022\/11\/Logo_highRess_horizontal.png\",\"width\":8001,\"height\":8001,\"caption\":\"Dr. Leslie Korn\"},\"image\":{\"@id\":\"https:\/\/drkorn-original-bu.cwis.org\/#\/schema\/logo\/image\/\"}}]}<\/script>\n<!-- \/ Yoast SEO Premium plugin. -->","yoast_head_json":{"title":"Mi proceso y tarifas para Desarrollo profesional , Dra. Leslie Korn","description":"Trabajar\u00e9 con usted para lograr sus objetivos de desarrollo de su pr\u00e1ctica cl\u00ednica en medicina integrativa y nutrici\u00f3n.","robots":{"index":"noindex","follow":"follow","max-snippet":"max-snippet:-1","max-image-preview":"max-image-preview:large","max-video-preview":"max-video-preview:-1"},"og_locale":"es_ES","og_type":"article","og_title":"Mi proceso y tarifas para Desarrollo profesional | Dr. Leslie Korn","og_description":"Mi proceso y tarifas para Desarrollo profesional Aqu\u00ed es donde empezamos: 1. Solicitud Llena el Formulario de aplicaci\u00f3n y h\u00e1blame un poco de ti y de","og_url":"https:\/\/drkorndev.cwis.org\/es\/trabaja-conmigo\/mi-proceso-y-tarifas-para-desarrollo-profesional\/","og_site_name":"Dr. Leslie Korn","article_modified_time":"2023-07-31T13:34:37+00:00","og_image":[{"width":784,"height":226,"url":"https:\/\/drkorn-original-bu.cwis.org\/wp-content\/uploads\/2024\/09\/dr-leslie-korn-logo-english.webp","type":"image\/webp"}],"twitter_card":"summary_large_image","twitter_misc":{"Tiempo de lectura":"3 minutos"},"schema":{"@context":"https:\/\/schema.org","@graph":[{"@type":"WebPage","@id":"https:\/\/drkorndev.cwis.org\/es\/trabaja-conmigo\/mi-proceso-y-tarifas-para-desarrollo-profesional\/","url":"https:\/\/drkorndev.cwis.org\/es\/trabaja-conmigo\/mi-proceso-y-tarifas-para-desarrollo-profesional\/","name":"Mi proceso y tarifas para Desarrollo profesional , Dra. Leslie Korn","isPartOf":{"@id":"https:\/\/drkorn-original-bu.cwis.org\/#website"},"datePublished":"2023-01-19T06:35:29+00:00","dateModified":"2023-07-31T13:34:37+00:00","description":"Trabajar\u00e9 con usted para lograr sus objetivos de desarrollo de su pr\u00e1ctica cl\u00ednica en medicina integrativa y nutrici\u00f3n.","breadcrumb":{"@id":"https:\/\/drkorndev.cwis.org\/es\/trabaja-conmigo\/mi-proceso-y-tarifas-para-desarrollo-profesional\/#breadcrumb"},"inLanguage":"es","potentialAction":[{"@type":"ReadAction","target":["https:\/\/drkorndev.cwis.org\/es\/trabaja-conmigo\/mi-proceso-y-tarifas-para-desarrollo-profesional\/"]}]},{"@type":"BreadcrumbList","@id":"https:\/\/drkorndev.cwis.org\/es\/trabaja-conmigo\/mi-proceso-y-tarifas-para-desarrollo-profesional\/#breadcrumb","itemListElement":[{"@type":"ListItem","position":1,"name":"TRABAJA CONMIGO","item":"https:\/\/drkorndev.cwis.org\/es\/trabaja-conmigo\/"},{"@type":"ListItem","position":2,"name":"Mi proceso y tarifas para Desarrollo profesional"}]},{"@type":"WebSite","@id":"https:\/\/drkorn-original-bu.cwis.org\/#website","url":"https:\/\/drkorn-original-bu.cwis.org\/","name":"Dr. Leslie Korn","description":"Integrative Medicine with Heart","publisher":{"@id":"https:\/\/drkorn-original-bu.cwis.org\/#organization"},"potentialAction":[{"@type":"SearchAction","target":{"@type":"EntryPoint","urlTemplate":"https:\/\/drkorn-original-bu.cwis.org\/?s={search_term_string}"},"query-input":{"@type":"PropertyValueSpecification","valueRequired":true,"valueName":"search_term_string"}}],"inLanguage":"es"},{"@type":"Organization","@id":"https:\/\/drkorn-original-bu.cwis.org\/#organization","name":"Dr. Leslie Korn","url":"https:\/\/drkorn-original-bu.cwis.org\/","logo":{"@type":"ImageObject","inLanguage":"es","@id":"https:\/\/drkorn-original-bu.cwis.org\/#\/schema\/logo\/image\/","url":"https:\/\/drkorn-original-bu.cwis.org\/wp-content\/uploads\/2022\/11\/Logo_highRess_horizontal.png","contentUrl":"https:\/\/drkorn-original-bu.cwis.org\/wp-content\/uploads\/2022\/11\/Logo_highRess_horizontal.png","width":8001,"height":8001,"caption":"Dr. Leslie Korn"},"image":{"@id":"https:\/\/drkorn-original-bu.cwis.org\/#\/schema\/logo\/image\/"}}]}},"_links":{"self":[{"href":"https:\/\/drkorn-original-bu.cwis.org\/es\/wp-json\/wp\/v2\/pages\/38276","targetHints":{"allow":["GET"]}}],"collection":[{"href":"https:\/\/drkorn-original-bu.cwis.org\/es\/wp-json\/wp\/v2\/pages"}],"about":[{"href":"https:\/\/drkorn-original-bu.cwis.org\/es\/wp-json\/wp\/v2\/types\/page"}],"author":[{"embeddable":true,"href":"https:\/\/drkorn-original-bu.cwis.org\/es\/wp-json\/wp\/v2\/users\/20"}],"replies":[{"embeddable":true,"href":"https:\/\/drkorn-original-bu.cwis.org\/es\/wp-json\/wp\/v2\/comments?post=38276"}],"version-history":[{"count":0,"href":"https:\/\/drkorn-original-bu.cwis.org\/es\/wp-json\/wp\/v2\/pages\/38276\/revisions"}],"up":[{"embeddable":true,"href":"https:\/\/drkorn-original-bu.cwis.org\/es\/wp-json\/wp\/v2\/pages\/37741"}],"wp:attachment":[{"href":"https:\/\/drkorn-original-bu.cwis.org\/es\/wp-json\/wp\/v2\/media?parent=38276"}],"curies":[{"name":"wp","href":"https:\/\/api.w.org\/{rel}","templated":true}]}}