{"id":38267,"date":"2023-01-05T06:38:31","date_gmt":"2023-01-05T06:38:31","guid":{"rendered":"https:\/\/drkorn-original-bu.cwis.org\/legal\/satisfaction-guarantee\/"},"modified":"2023-08-02T12:47:01","modified_gmt":"2023-08-02T12:47:01","slug":"satisfaction-guarantee","status":"publish","type":"page","link":"https:\/\/drkorn-original-bu.cwis.org\/es\/legal\/satisfaction-guarantee\/","title":{"rendered":"Satisfaction Guarantee"},"content":{"rendered":"\n<div class=\"wp-block-group alignfull grp-legl-sec sticker has-background\" style=\"background-color:#eae1d5\"><div class=\"wp-block-group__inner-container is-layout-flow wp-block-group-is-layout-flow\">\n<div class=\"wp-block-columns cont-inn-nvs is-layout-flex wp-container-core-columns-is-layout-9d6595d7 wp-block-columns-is-layout-flex\">\n<div class=\"wp-block-column is-layout-flow wp-block-column-is-layout-flow\" style=\"flex-basis:33.33%\">\n<p class=\"head-cont\" id=\"h-contact\">Legal<\/p>\n<\/div>\n\n\n\n<div class=\"wp-block-column is-vertically-aligned-center cont-banner-rgt-clm m2b-list is-layout-flow wp-block-column-is-layout-flow\" style=\"flex-basis:66.66%\">\n<ul class=\"cm-mnlist f-size14 wp-block-list\" style=\"font-size:14px\">\n<li><a href=\"https:\/\/drkorn-original-bu.cwis.org\/es\/legal\/privacidad\/\">PRIVACIDAD<\/a><\/li>\n\n\n\n<li><a href=\"https:\/\/drkorn-original-bu.cwis.org\/es\/legal\/terminos\/\">T\u00c9RMINOS<\/a><\/li>\n\n\n\n<li><a href=\"https:\/\/drkorn-original-bu.cwis.org\/es\/legal\/condiciones-para-miembros\/\">T\u00c9RMINOS DE MIEMBRO<\/a><\/li>\n\n\n\n<li><a href=\"https:\/\/drkorn-original-bu.cwis.org\/es\/legal\/exencion-de-responsabilidad\/\">DESCARGO DE RESPONSABILIDAD<\/a><\/li>\n\n\n\n<li class=\"active\"><a href=\"https:\/\/drkorn-original-bu.cwis.org\/es\/legal\/satisfaction-guarantee\/\">SATISFACCI\u00d3N GARANTIZADA<\/a><\/li>\n<\/ul>\n<\/div>\n<\/div>\n<\/div><\/div>\n\n\n\n<div class=\"wp-block-group alignfull priv-main-grp-sec f-size20 has-background\" style=\"background-color:#faf5ee\"><div class=\"wp-block-group__inner-container is-layout-flow wp-block-group-is-layout-flow\">\n<h1 class=\"wp-block-heading main-head\" id=\"h-garantia-de-satisfaccion-de-30-dias\">Garant\u00eda de satisfacci\u00f3n de 30 d\u00edas<\/h1>\n\n\n\n<p>Mis <strong><a href=\"https:\/\/drkorn-original-bu.cwis.org\/courses\/\">cursos<\/a><\/strong> en l\u00ednea est\u00e1n dise\u00f1ados para mejorar tu salud y la de tus clientes. Quiero que est\u00e9s contento con lo que has aprendido y que le cuentes a tus conocidos.<\/p>\n\n\n\n<p>Te ofrezco una garant\u00eda de devoluci\u00f3n de <strong>30 d\u00edas: si por cualquier<\/strong> motivo no est\u00e1s satisfecho con uno de mis cursos en l\u00ednea, te devolver\u00e9 \u00edntegramente el costo de la matr\u00edcula. Sin hacer preguntas.<\/p>\n\n\n\n<figure class=\"wp-block-image size-full is-resized\"><img loading=\"lazy\" decoding=\"async\" src=\"https:\/\/drkorn-original-bu.cwis.org\/wp-content\/uploads\/2023\/08\/garantia-de-satisfaccion-dra-leslie-korn.png\" alt=\"\" class=\"wp-image-38341\" width=\"200\" height=\"207\"\/><\/figure>\n\n\n\n<div style=\"height:20px\" aria-hidden=\"true\" class=\"wp-block-spacer\"><\/div>\n\n\n\n<p>Puedes solicitar un reembolso completo durante los 30 d\u00edas posteriores a tu inscripci\u00f3n o compra de un curso No se efectuar\u00e1n reembolsos totales ni parciales despu\u00e9s de los primeros 30 d\u00edas. Del reembolso efectuado se descontar\u00e1n los impuestos y tarifas extras pagados. No podemos proporcionar cr\u00e9ditos CE ni certificaci\u00f3n por los cursos reembolsados.<\/p>\n\n\n\n<p>Excepci\u00f3n: debido a la naturaleza presencial y de grupo reducido de los cursos de Aplicaciones avanzadas de la medicina integrativa para la salud mental y a sus largas listas de espera, no se efectuar\u00e1n reembolsos tras la recepci\u00f3n del pago.<\/p>\n\n\n\n<p>Dra. Leslie Korn<\/p>\n\n\n\n<p>Health Alternatives LLC, PMB 214, 1001 Cooper Pt Rd SW #140, Olympia, WA 98502-1107, EE.UU.<\/p>\n<\/div><\/div>\n","protected":false},"excerpt":{"rendered":"<p>Legal Garant\u00eda de satisfacci\u00f3n de 30 d\u00edas Mis cursos en l\u00ednea est\u00e1n dise\u00f1ados para mejorar tu salud y la de tus clientes. Quiero que est\u00e9s contento con lo que has [&hellip;]<\/p>\n","protected":false},"author":20,"featured_media":0,"parent":37853,"menu_order":0,"comment_status":"closed","ping_status":"closed","template":"","meta":{"_acf_changed":false,"inline_featured_image":false,"_genesis_hide_title":true,"_genesis_hide_breadcrumbs":false,"_genesis_hide_singular_image":false,"_genesis_hide_footer_widgets":false,"_genesis_custom_body_class":"","_genesis_custom_post_class":"","_genesis_layout":"","footnotes":""},"class_list":{"0":"post-38267","1":"page","2":"type-page","3":"status-publish","5":"entry"},"acf":[],"yoast_head":"<!-- This site is optimized with the Yoast SEO Premium plugin v25.3 (Yoast SEO v25.3) - https:\/\/yoast.com\/wordpress\/plugins\/seo\/ -->\n<title>Los cursos de la Dra. Leslie Korn est\u00e1n respaldados por una Garant\u00eda de Satisfacci\u00f3n<\/title>\n<meta name=\"description\" content=\"Si por alguna raz\u00f3n no est\u00e1 satisfecho con uno de mis cursos en l\u00ednea, le reembolsar\u00e9 la totalidad de su matr\u00edcula. No se hicieron preguntas.\" \/>\n<meta name=\"robots\" content=\"noindex, follow, max-snippet:-1, max-image-preview:large, max-video-preview:-1\" \/>\n<meta property=\"og:locale\" content=\"es_ES\" \/>\n<meta property=\"og:type\" content=\"article\" \/>\n<meta property=\"og:title\" content=\"Satisfaction Guarantee | Dr. Leslie Korn\" \/>\n<meta property=\"og:description\" content=\"Legal PRIVACIDAD T\u00c9RMINOS T\u00c9RMINOS DE MIEMBRO DESCARGO DE RESPONSABILIDAD SATISFACCI\u00d3N GARANTIZADA Garant\u00eda de satisfacci\u00f3n de 30 d\u00edas Mis cursos en l\u00ednea\" \/>\n<meta property=\"og:url\" content=\"https:\/\/drkorndev.cwis.org\/es\/legal\/satisfaction-guarantee\/\" \/>\n<meta property=\"og:site_name\" content=\"Dr. Leslie Korn\" \/>\n<meta property=\"article:modified_time\" content=\"2023-08-02T12:47:01+00:00\" \/>\n<meta property=\"og:image\" content=\"https:\/\/drkorndev.cwis.org\/wp-content\/uploads\/2023\/08\/garantia-de-satisfaccion-dra-leslie-korn.png\" \/>\n<meta name=\"twitter:card\" content=\"summary_large_image\" \/>\n<meta name=\"twitter:label1\" content=\"Tiempo de lectura\" \/>\n\t<meta name=\"twitter:data1\" content=\"2 minutos\" \/>\n<script type=\"application\/ld+json\" class=\"yoast-schema-graph\">{\"@context\":\"https:\/\/schema.org\",\"@graph\":[{\"@type\":\"WebPage\",\"@id\":\"https:\/\/drkorndev.cwis.org\/es\/legal\/satisfaction-guarantee\/\",\"url\":\"https:\/\/drkorndev.cwis.org\/es\/legal\/satisfaction-guarantee\/\",\"name\":\"Los cursos de la Dra. Leslie Korn est\u00e1n respaldados por una Garant\u00eda de Satisfacci\u00f3n\",\"isPartOf\":{\"@id\":\"https:\/\/drkorn-original-bu.cwis.org\/#website\"},\"primaryImageOfPage\":{\"@id\":\"https:\/\/drkorndev.cwis.org\/es\/legal\/satisfaction-guarantee\/#primaryimage\"},\"image\":{\"@id\":\"https:\/\/drkorndev.cwis.org\/es\/legal\/satisfaction-guarantee\/#primaryimage\"},\"thumbnailUrl\":\"https:\/\/drkorn-original-bu.cwis.org\/wp-content\/uploads\/2023\/08\/garantia-de-satisfaccion-dra-leslie-korn.png\",\"datePublished\":\"2023-01-05T06:38:31+00:00\",\"dateModified\":\"2023-08-02T12:47:01+00:00\",\"description\":\"Si por alguna raz\u00f3n no est\u00e1 satisfecho con uno de mis cursos en l\u00ednea, le reembolsar\u00e9 la totalidad de su matr\u00edcula. No se hicieron preguntas.\",\"breadcrumb\":{\"@id\":\"https:\/\/drkorndev.cwis.org\/es\/legal\/satisfaction-guarantee\/#breadcrumb\"},\"inLanguage\":\"es\",\"potentialAction\":[{\"@type\":\"ReadAction\",\"target\":[\"https:\/\/drkorndev.cwis.org\/es\/legal\/satisfaction-guarantee\/\"]}]},{\"@type\":\"ImageObject\",\"inLanguage\":\"es\",\"@id\":\"https:\/\/drkorndev.cwis.org\/es\/legal\/satisfaction-guarantee\/#primaryimage\",\"url\":\"https:\/\/drkorn-original-bu.cwis.org\/wp-content\/uploads\/2023\/08\/garantia-de-satisfaccion-dra-leslie-korn.png\",\"contentUrl\":\"https:\/\/drkorn-original-bu.cwis.org\/wp-content\/uploads\/2023\/08\/garantia-de-satisfaccion-dra-leslie-korn.png\"},{\"@type\":\"BreadcrumbList\",\"@id\":\"https:\/\/drkorndev.cwis.org\/es\/legal\/satisfaction-guarantee\/#breadcrumb\",\"itemListElement\":[{\"@type\":\"ListItem\",\"position\":1,\"name\":\"Legal\",\"item\":\"https:\/\/drkorndev.cwis.org\/es\/legal\/\"},{\"@type\":\"ListItem\",\"position\":2,\"name\":\"Satisfaction Guarantee\"}]},{\"@type\":\"WebSite\",\"@id\":\"https:\/\/drkorn-original-bu.cwis.org\/#website\",\"url\":\"https:\/\/drkorn-original-bu.cwis.org\/\",\"name\":\"Dr. Leslie Korn\",\"description\":\"Integrative Medicine with Heart\",\"publisher\":{\"@id\":\"https:\/\/drkorn-original-bu.cwis.org\/#organization\"},\"potentialAction\":[{\"@type\":\"SearchAction\",\"target\":{\"@type\":\"EntryPoint\",\"urlTemplate\":\"https:\/\/drkorn-original-bu.cwis.org\/?s={search_term_string}\"},\"query-input\":{\"@type\":\"PropertyValueSpecification\",\"valueRequired\":true,\"valueName\":\"search_term_string\"}}],\"inLanguage\":\"es\"},{\"@type\":\"Organization\",\"@id\":\"https:\/\/drkorn-original-bu.cwis.org\/#organization\",\"name\":\"Dr. Leslie Korn\",\"url\":\"https:\/\/drkorn-original-bu.cwis.org\/\",\"logo\":{\"@type\":\"ImageObject\",\"inLanguage\":\"es\",\"@id\":\"https:\/\/drkorn-original-bu.cwis.org\/#\/schema\/logo\/image\/\",\"url\":\"https:\/\/drkorn-original-bu.cwis.org\/wp-content\/uploads\/2022\/11\/Logo_highRess_horizontal.png\",\"contentUrl\":\"https:\/\/drkorn-original-bu.cwis.org\/wp-content\/uploads\/2022\/11\/Logo_highRess_horizontal.png\",\"width\":8001,\"height\":8001,\"caption\":\"Dr. Leslie Korn\"},\"image\":{\"@id\":\"https:\/\/drkorn-original-bu.cwis.org\/#\/schema\/logo\/image\/\"}}]}<\/script>\n<!-- \/ Yoast SEO Premium plugin. -->","yoast_head_json":{"title":"Los cursos de la Dra. Leslie Korn est\u00e1n respaldados por una Garant\u00eda de Satisfacci\u00f3n","description":"Si por alguna raz\u00f3n no est\u00e1 satisfecho con uno de mis cursos en l\u00ednea, le reembolsar\u00e9 la totalidad de su matr\u00edcula. No se hicieron preguntas.","robots":{"index":"noindex","follow":"follow","max-snippet":"max-snippet:-1","max-image-preview":"max-image-preview:large","max-video-preview":"max-video-preview:-1"},"og_locale":"es_ES","og_type":"article","og_title":"Satisfaction Guarantee | Dr. Leslie Korn","og_description":"Legal PRIVACIDAD T\u00c9RMINOS T\u00c9RMINOS DE MIEMBRO DESCARGO DE RESPONSABILIDAD SATISFACCI\u00d3N GARANTIZADA Garant\u00eda de satisfacci\u00f3n de 30 d\u00edas Mis cursos en l\u00ednea","og_url":"https:\/\/drkorndev.cwis.org\/es\/legal\/satisfaction-guarantee\/","og_site_name":"Dr. Leslie Korn","article_modified_time":"2023-08-02T12:47:01+00:00","og_image":[{"url":"https:\/\/drkorndev.cwis.org\/wp-content\/uploads\/2023\/08\/garantia-de-satisfaccion-dra-leslie-korn.png","type":"","width":"","height":""}],"twitter_card":"summary_large_image","twitter_misc":{"Tiempo de lectura":"2 minutos"},"schema":{"@context":"https:\/\/schema.org","@graph":[{"@type":"WebPage","@id":"https:\/\/drkorndev.cwis.org\/es\/legal\/satisfaction-guarantee\/","url":"https:\/\/drkorndev.cwis.org\/es\/legal\/satisfaction-guarantee\/","name":"Los cursos de la Dra. Leslie Korn est\u00e1n respaldados por una Garant\u00eda de Satisfacci\u00f3n","isPartOf":{"@id":"https:\/\/drkorn-original-bu.cwis.org\/#website"},"primaryImageOfPage":{"@id":"https:\/\/drkorndev.cwis.org\/es\/legal\/satisfaction-guarantee\/#primaryimage"},"image":{"@id":"https:\/\/drkorndev.cwis.org\/es\/legal\/satisfaction-guarantee\/#primaryimage"},"thumbnailUrl":"https:\/\/drkorn-original-bu.cwis.org\/wp-content\/uploads\/2023\/08\/garantia-de-satisfaccion-dra-leslie-korn.png","datePublished":"2023-01-05T06:38:31+00:00","dateModified":"2023-08-02T12:47:01+00:00","description":"Si por alguna raz\u00f3n no est\u00e1 satisfecho con uno de mis cursos en l\u00ednea, le reembolsar\u00e9 la totalidad de su matr\u00edcula. No se hicieron preguntas.","breadcrumb":{"@id":"https:\/\/drkorndev.cwis.org\/es\/legal\/satisfaction-guarantee\/#breadcrumb"},"inLanguage":"es","potentialAction":[{"@type":"ReadAction","target":["https:\/\/drkorndev.cwis.org\/es\/legal\/satisfaction-guarantee\/"]}]},{"@type":"ImageObject","inLanguage":"es","@id":"https:\/\/drkorndev.cwis.org\/es\/legal\/satisfaction-guarantee\/#primaryimage","url":"https:\/\/drkorn-original-bu.cwis.org\/wp-content\/uploads\/2023\/08\/garantia-de-satisfaccion-dra-leslie-korn.png","contentUrl":"https:\/\/drkorn-original-bu.cwis.org\/wp-content\/uploads\/2023\/08\/garantia-de-satisfaccion-dra-leslie-korn.png"},{"@type":"BreadcrumbList","@id":"https:\/\/drkorndev.cwis.org\/es\/legal\/satisfaction-guarantee\/#breadcrumb","itemListElement":[{"@type":"ListItem","position":1,"name":"Legal","item":"https:\/\/drkorndev.cwis.org\/es\/legal\/"},{"@type":"ListItem","position":2,"name":"Satisfaction Guarantee"}]},{"@type":"WebSite","@id":"https:\/\/drkorn-original-bu.cwis.org\/#website","url":"https:\/\/drkorn-original-bu.cwis.org\/","name":"Dr. Leslie Korn","description":"Integrative Medicine with Heart","publisher":{"@id":"https:\/\/drkorn-original-bu.cwis.org\/#organization"},"potentialAction":[{"@type":"SearchAction","target":{"@type":"EntryPoint","urlTemplate":"https:\/\/drkorn-original-bu.cwis.org\/?s={search_term_string}"},"query-input":{"@type":"PropertyValueSpecification","valueRequired":true,"valueName":"search_term_string"}}],"inLanguage":"es"},{"@type":"Organization","@id":"https:\/\/drkorn-original-bu.cwis.org\/#organization","name":"Dr. Leslie Korn","url":"https:\/\/drkorn-original-bu.cwis.org\/","logo":{"@type":"ImageObject","inLanguage":"es","@id":"https:\/\/drkorn-original-bu.cwis.org\/#\/schema\/logo\/image\/","url":"https:\/\/drkorn-original-bu.cwis.org\/wp-content\/uploads\/2022\/11\/Logo_highRess_horizontal.png","contentUrl":"https:\/\/drkorn-original-bu.cwis.org\/wp-content\/uploads\/2022\/11\/Logo_highRess_horizontal.png","width":8001,"height":8001,"caption":"Dr. Leslie Korn"},"image":{"@id":"https:\/\/drkorn-original-bu.cwis.org\/#\/schema\/logo\/image\/"}}]}},"_links":{"self":[{"href":"https:\/\/drkorn-original-bu.cwis.org\/es\/wp-json\/wp\/v2\/pages\/38267","targetHints":{"allow":["GET"]}}],"collection":[{"href":"https:\/\/drkorn-original-bu.cwis.org\/es\/wp-json\/wp\/v2\/pages"}],"about":[{"href":"https:\/\/drkorn-original-bu.cwis.org\/es\/wp-json\/wp\/v2\/types\/page"}],"author":[{"embeddable":true,"href":"https:\/\/drkorn-original-bu.cwis.org\/es\/wp-json\/wp\/v2\/users\/20"}],"replies":[{"embeddable":true,"href":"https:\/\/drkorn-original-bu.cwis.org\/es\/wp-json\/wp\/v2\/comments?post=38267"}],"version-history":[{"count":0,"href":"https:\/\/drkorn-original-bu.cwis.org\/es\/wp-json\/wp\/v2\/pages\/38267\/revisions"}],"up":[{"embeddable":true,"href":"https:\/\/drkorn-original-bu.cwis.org\/es\/wp-json\/wp\/v2\/pages\/37853"}],"wp:attachment":[{"href":"https:\/\/drkorn-original-bu.cwis.org\/es\/wp-json\/wp\/v2\/media?parent=38267"}],"curies":[{"name":"wp","href":"https:\/\/api.w.org\/{rel}","templated":true}]}}