{"id":37863,"date":"2022-12-13T11:50:27","date_gmt":"2022-12-13T11:50:27","guid":{"rendered":"https:\/\/drkorn-original-bu.cwis.org\/acerca-de-mi\/glosario-medicina-integrativa-y-nutricion\/"},"modified":"2023-06-26T14:49:13","modified_gmt":"2023-06-26T14:49:13","slug":"glosario-medicina-integrativa-y-nutricion","status":"publish","type":"page","link":"https:\/\/drkorn-original-bu.cwis.org\/es\/acerca-de-mi\/glosario-medicina-integrativa-y-nutricion\/","title":{"rendered":"Glosario: Medicina Integrativa y Nutrici\u00f3n"},"content":{"rendered":"\n<div class=\"wp-block-group alignfull\"><div class=\"wp-block-group__inner-container is-layout-constrained wp-block-group-is-layout-constrained\">\n<h1 class=\"wp-block-heading has-text-align-left\" id=\"h-glossary-integrative-medicine-nutrition\">Glosario: Medicina Integrativa y Nutrici\u00f3n<\/h1>\n\n\n\n<div class=\"alphabet-glossary\">\n<a href-data=\"all\">All<\/a> |<a href-data=\"a\">A<\/a> | <a href-data=\"b-glossary\"> B<\/a> | <a href-data=\"c-glossary\"> C<\/a> | <a href-data=\"d-glossary\"> D<\/a> | <a href-data=\"e-glossary\"> E<\/a> | <a href-data=\"f-glossary\"> F<\/a> | <a href-data=\"g-glossary\"> G<\/a> | <a href-data=\"h-glossary\"> H<\/a> | <a href-data=\"i-glossary\"> I<\/a> | <a href-data=\"j-glossary\"> J<\/a> | <a href-data=\"k-glossary\"> K<\/a> | <a href-data=\"l-glossary\"> L<\/a> | <a href-data=\"m-glossary\"> M<\/a> | <a href-data=\"n-glossary\"> N<\/a> | <a href-data=\"o-glossary\"> O<\/a> | <a href-data=\"p-glossary\"> P<\/a> | <a href-data=\"q-glossary\"> Q<\/a> | <a href-data=\"r-glossary\"> R<\/a> | <a href-data=\"s-glossary\"> S<\/a> | <a href-data=\"t-glossary\"> T<\/a> | <a href-data=\"u-glossary\"> U<\/a> | <a href-data=\"v-glossary\"> V<\/a> | <a href-data=\"w-glossary\"> W<\/a> | <a href-data=\"x-glossary\"> X<\/a> | <a href-data=\"y-glossary\"> Y<\/a> | <a href-data=\"z-glossary\"> Z<\/a> |<\/div>\n<\/div><\/div>\n","protected":false},"excerpt":{"rendered":"<p>Glosario: Medicina Integrativa y Nutrici\u00f3n All |A | B | C | D | E | F | G | H | I | J | K | L | [&hellip;]<\/p>\n","protected":false},"author":20,"featured_media":0,"parent":37748,"menu_order":0,"comment_status":"closed","ping_status":"closed","template":"archive-glossary.php","meta":{"_acf_changed":false,"inline_featured_image":false,"_genesis_hide_title":false,"_genesis_hide_breadcrumbs":false,"_genesis_hide_singular_image":false,"_genesis_hide_footer_widgets":false,"_genesis_custom_body_class":"","_genesis_custom_post_class":"","_genesis_layout":"","footnotes":""},"class_list":{"0":"post-37863","1":"page","2":"type-page","3":"status-publish","5":"entry"},"acf":[],"yoast_head":"<!-- This site is optimized with the Yoast SEO Premium plugin v25.3 (Yoast SEO v25.3) - https:\/\/yoast.com\/wordpress\/plugins\/seo\/ -->\n<title>Glosario: Medicina Integrativa y Nutrici\u00f3n | Dra. Leslie Korn<\/title>\n<meta name=\"description\" content=\"Un glosario completo de medicina integral, nutrici\u00f3n, medicina herbaria y t\u00e9rminos som\u00e1ticos utilizados en mi sitio web.\" \/>\n<meta name=\"robots\" content=\"noindex, follow, max-snippet:-1, max-image-preview:large, max-video-preview:-1\" \/>\n<meta property=\"og:locale\" content=\"es_ES\" \/>\n<meta property=\"og:type\" content=\"article\" \/>\n<meta property=\"og:title\" content=\"Glosario: Medicina Integrativa y Nutrici\u00f3n | Dr. Leslie Korn\" \/>\n<meta property=\"og:description\" content=\"Glosario: Medicina Integrativa y Nutrici\u00f3n All |A | B | C | D | E | F | G | H | I | J | K | L | M | N | O | P | Q | R | S | T | U | V | W | X | Y | Z\" \/>\n<meta property=\"og:url\" content=\"https:\/\/drkorndev.cwis.org\/es\/acerca-de-mi\/glosario-medicina-integrativa-y-nutricion\/\" \/>\n<meta property=\"og:site_name\" content=\"Dr. Leslie Korn\" \/>\n<meta property=\"article:modified_time\" content=\"2023-06-26T14:49:13+00:00\" \/>\n<meta property=\"og:image\" content=\"https:\/\/drkorn-original-bu.cwis.org\/wp-content\/uploads\/2024\/09\/dr-leslie-korn-logo-english.webp\" \/>\n\t<meta property=\"og:image:width\" content=\"784\" \/>\n\t<meta property=\"og:image:height\" content=\"226\" \/>\n\t<meta property=\"og:image:type\" content=\"image\/webp\" \/>\n<meta name=\"twitter:card\" content=\"summary_large_image\" \/>\n<meta name=\"twitter:label1\" content=\"Tiempo de lectura\" \/>\n\t<meta name=\"twitter:data1\" content=\"1 minuto\" \/>\n<script type=\"application\/ld+json\" class=\"yoast-schema-graph\">{\"@context\":\"https:\/\/schema.org\",\"@graph\":[{\"@type\":\"WebPage\",\"@id\":\"https:\/\/drkorndev.cwis.org\/es\/acerca-de-mi\/glosario-medicina-integrativa-y-nutricion\/\",\"url\":\"https:\/\/drkorndev.cwis.org\/es\/acerca-de-mi\/glosario-medicina-integrativa-y-nutricion\/\",\"name\":\"Glosario: Medicina Integrativa y Nutrici\u00f3n | Dra. Leslie Korn\",\"isPartOf\":{\"@id\":\"https:\/\/drkorn-original-bu.cwis.org\/#website\"},\"datePublished\":\"2022-12-13T11:50:27+00:00\",\"dateModified\":\"2023-06-26T14:49:13+00:00\",\"description\":\"Un glosario completo de medicina integral, nutrici\u00f3n, medicina herbaria y t\u00e9rminos som\u00e1ticos utilizados en mi sitio web.\",\"breadcrumb\":{\"@id\":\"https:\/\/drkorndev.cwis.org\/es\/acerca-de-mi\/glosario-medicina-integrativa-y-nutricion\/#breadcrumb\"},\"inLanguage\":\"es\",\"potentialAction\":[{\"@type\":\"ReadAction\",\"target\":[\"https:\/\/drkorndev.cwis.org\/es\/acerca-de-mi\/glosario-medicina-integrativa-y-nutricion\/\"]}]},{\"@type\":\"BreadcrumbList\",\"@id\":\"https:\/\/drkorndev.cwis.org\/es\/acerca-de-mi\/glosario-medicina-integrativa-y-nutricion\/#breadcrumb\",\"itemListElement\":[{\"@type\":\"ListItem\",\"position\":1,\"name\":\"Acerca de m\u00ed\",\"item\":\"https:\/\/drkorndev.cwis.org\/es\/acerca-de-mi\/\"},{\"@type\":\"ListItem\",\"position\":2,\"name\":\"Glosario: Medicina Integrativa y Nutrici\u00f3n\"}]},{\"@type\":\"WebSite\",\"@id\":\"https:\/\/drkorn-original-bu.cwis.org\/#website\",\"url\":\"https:\/\/drkorn-original-bu.cwis.org\/\",\"name\":\"Dr. Leslie Korn\",\"description\":\"Integrative Medicine with Heart\",\"publisher\":{\"@id\":\"https:\/\/drkorn-original-bu.cwis.org\/#organization\"},\"potentialAction\":[{\"@type\":\"SearchAction\",\"target\":{\"@type\":\"EntryPoint\",\"urlTemplate\":\"https:\/\/drkorn-original-bu.cwis.org\/?s={search_term_string}\"},\"query-input\":{\"@type\":\"PropertyValueSpecification\",\"valueRequired\":true,\"valueName\":\"search_term_string\"}}],\"inLanguage\":\"es\"},{\"@type\":\"Organization\",\"@id\":\"https:\/\/drkorn-original-bu.cwis.org\/#organization\",\"name\":\"Dr. Leslie Korn\",\"url\":\"https:\/\/drkorn-original-bu.cwis.org\/\",\"logo\":{\"@type\":\"ImageObject\",\"inLanguage\":\"es\",\"@id\":\"https:\/\/drkorn-original-bu.cwis.org\/#\/schema\/logo\/image\/\",\"url\":\"https:\/\/drkorn-original-bu.cwis.org\/wp-content\/uploads\/2022\/11\/Logo_highRess_horizontal.png\",\"contentUrl\":\"https:\/\/drkorn-original-bu.cwis.org\/wp-content\/uploads\/2022\/11\/Logo_highRess_horizontal.png\",\"width\":8001,\"height\":8001,\"caption\":\"Dr. Leslie Korn\"},\"image\":{\"@id\":\"https:\/\/drkorn-original-bu.cwis.org\/#\/schema\/logo\/image\/\"}}]}<\/script>\n<!-- \/ Yoast SEO Premium plugin. -->","yoast_head_json":{"title":"Glosario: Medicina Integrativa y Nutrici\u00f3n | Dra. Leslie Korn","description":"Un glosario completo de medicina integral, nutrici\u00f3n, medicina herbaria y t\u00e9rminos som\u00e1ticos utilizados en mi sitio web.","robots":{"index":"noindex","follow":"follow","max-snippet":"max-snippet:-1","max-image-preview":"max-image-preview:large","max-video-preview":"max-video-preview:-1"},"og_locale":"es_ES","og_type":"article","og_title":"Glosario: Medicina Integrativa y Nutrici\u00f3n | Dr. Leslie Korn","og_description":"Glosario: Medicina Integrativa y Nutrici\u00f3n All |A | B | C | D | E | F | G | H | I | J | K | L | M | N | O | P | Q | R | S | T | U | V | W | X | Y | Z","og_url":"https:\/\/drkorndev.cwis.org\/es\/acerca-de-mi\/glosario-medicina-integrativa-y-nutricion\/","og_site_name":"Dr. Leslie Korn","article_modified_time":"2023-06-26T14:49:13+00:00","og_image":[{"width":784,"height":226,"url":"https:\/\/drkorn-original-bu.cwis.org\/wp-content\/uploads\/2024\/09\/dr-leslie-korn-logo-english.webp","type":"image\/webp"}],"twitter_card":"summary_large_image","twitter_misc":{"Tiempo de lectura":"1 minuto"},"schema":{"@context":"https:\/\/schema.org","@graph":[{"@type":"WebPage","@id":"https:\/\/drkorndev.cwis.org\/es\/acerca-de-mi\/glosario-medicina-integrativa-y-nutricion\/","url":"https:\/\/drkorndev.cwis.org\/es\/acerca-de-mi\/glosario-medicina-integrativa-y-nutricion\/","name":"Glosario: Medicina Integrativa y Nutrici\u00f3n | Dra. Leslie Korn","isPartOf":{"@id":"https:\/\/drkorn-original-bu.cwis.org\/#website"},"datePublished":"2022-12-13T11:50:27+00:00","dateModified":"2023-06-26T14:49:13+00:00","description":"Un glosario completo de medicina integral, nutrici\u00f3n, medicina herbaria y t\u00e9rminos som\u00e1ticos utilizados en mi sitio web.","breadcrumb":{"@id":"https:\/\/drkorndev.cwis.org\/es\/acerca-de-mi\/glosario-medicina-integrativa-y-nutricion\/#breadcrumb"},"inLanguage":"es","potentialAction":[{"@type":"ReadAction","target":["https:\/\/drkorndev.cwis.org\/es\/acerca-de-mi\/glosario-medicina-integrativa-y-nutricion\/"]}]},{"@type":"BreadcrumbList","@id":"https:\/\/drkorndev.cwis.org\/es\/acerca-de-mi\/glosario-medicina-integrativa-y-nutricion\/#breadcrumb","itemListElement":[{"@type":"ListItem","position":1,"name":"Acerca de m\u00ed","item":"https:\/\/drkorndev.cwis.org\/es\/acerca-de-mi\/"},{"@type":"ListItem","position":2,"name":"Glosario: Medicina Integrativa y Nutrici\u00f3n"}]},{"@type":"WebSite","@id":"https:\/\/drkorn-original-bu.cwis.org\/#website","url":"https:\/\/drkorn-original-bu.cwis.org\/","name":"Dr. Leslie Korn","description":"Integrative Medicine with Heart","publisher":{"@id":"https:\/\/drkorn-original-bu.cwis.org\/#organization"},"potentialAction":[{"@type":"SearchAction","target":{"@type":"EntryPoint","urlTemplate":"https:\/\/drkorn-original-bu.cwis.org\/?s={search_term_string}"},"query-input":{"@type":"PropertyValueSpecification","valueRequired":true,"valueName":"search_term_string"}}],"inLanguage":"es"},{"@type":"Organization","@id":"https:\/\/drkorn-original-bu.cwis.org\/#organization","name":"Dr. Leslie Korn","url":"https:\/\/drkorn-original-bu.cwis.org\/","logo":{"@type":"ImageObject","inLanguage":"es","@id":"https:\/\/drkorn-original-bu.cwis.org\/#\/schema\/logo\/image\/","url":"https:\/\/drkorn-original-bu.cwis.org\/wp-content\/uploads\/2022\/11\/Logo_highRess_horizontal.png","contentUrl":"https:\/\/drkorn-original-bu.cwis.org\/wp-content\/uploads\/2022\/11\/Logo_highRess_horizontal.png","width":8001,"height":8001,"caption":"Dr. Leslie Korn"},"image":{"@id":"https:\/\/drkorn-original-bu.cwis.org\/#\/schema\/logo\/image\/"}}]}},"_links":{"self":[{"href":"https:\/\/drkorn-original-bu.cwis.org\/es\/wp-json\/wp\/v2\/pages\/37863","targetHints":{"allow":["GET"]}}],"collection":[{"href":"https:\/\/drkorn-original-bu.cwis.org\/es\/wp-json\/wp\/v2\/pages"}],"about":[{"href":"https:\/\/drkorn-original-bu.cwis.org\/es\/wp-json\/wp\/v2\/types\/page"}],"author":[{"embeddable":true,"href":"https:\/\/drkorn-original-bu.cwis.org\/es\/wp-json\/wp\/v2\/users\/20"}],"replies":[{"embeddable":true,"href":"https:\/\/drkorn-original-bu.cwis.org\/es\/wp-json\/wp\/v2\/comments?post=37863"}],"version-history":[{"count":0,"href":"https:\/\/drkorn-original-bu.cwis.org\/es\/wp-json\/wp\/v2\/pages\/37863\/revisions"}],"up":[{"embeddable":true,"href":"https:\/\/drkorn-original-bu.cwis.org\/es\/wp-json\/wp\/v2\/pages\/37748"}],"wp:attachment":[{"href":"https:\/\/drkorn-original-bu.cwis.org\/es\/wp-json\/wp\/v2\/media?parent=37863"}],"curies":[{"name":"wp","href":"https:\/\/api.w.org\/{rel}","templated":true}]}}