{"id":37858,"date":"2022-09-29T13:06:24","date_gmt":"2022-09-29T13:06:24","guid":{"rendered":"https:\/\/drkorn-original-bu.cwis.org\/legal\/exencion-de-responsabilidad\/"},"modified":"2023-06-26T12:31:12","modified_gmt":"2023-06-26T12:31:12","slug":"exencion-de-responsabilidad","status":"publish","type":"page","link":"https:\/\/drkorn-original-bu.cwis.org\/es\/legal\/exencion-de-responsabilidad\/","title":{"rendered":"Exenci\u00f3n de responsabilidad"},"content":{"rendered":"\n<div class=\"wp-block-group alignfull grp-legl-sec sticker has-background\" style=\"background-color:#eae1d5\"><div class=\"wp-block-group__inner-container is-layout-flow wp-block-group-is-layout-flow\">\n<div class=\"wp-block-columns cont-inn-nvs is-layout-flex wp-container-core-columns-is-layout-9d6595d7 wp-block-columns-is-layout-flex\">\n<div class=\"wp-block-column is-layout-flow wp-block-column-is-layout-flow\" style=\"flex-basis:33.33%\">\n<p class=\"head-cont\" id=\"h-contact\">Legal<\/p>\n<\/div>\n\n\n\n<div class=\"wp-block-column is-vertically-aligned-center cont-banner-rgt-clm m2b-list is-layout-flow wp-block-column-is-layout-flow\" style=\"flex-basis:100%\">\n<ul class=\"cm-mnlist f-size14 wp-block-list\" style=\"font-size:14px\">\n<li><a href=\"https:\/\/drkorn-original-bu.cwis.org\/es\/legal\/privacidad\/\">PRIVACIDAD<\/a><\/li>\n\n\n\n<li><a href=\"https:\/\/drkorn-original-bu.cwis.org\/es\/legal\/terminos\/\">T\u00c9RMINOS<\/a><\/li>\n\n\n\n<li><a href=\"https:\/\/drkorn-original-bu.cwis.org\/es\/legal\/condiciones-para-miembros\/\">T\u00c9RMINOS DE MIEMBRO<\/a><\/li>\n\n\n\n<li class=\"active\"><a href=\"https:\/\/drkorn-original-bu.cwis.org\/es\/legal\/exencion-de-responsabilidad\/\">DESCARGO DE RESPONSABILIDAD<\/a><\/li>\n\n\n\n<li><a href=\"https:\/\/drkorn-original-bu.cwis.org\/legal\/satisfaction-guarantee\/\">SATISFACCI\u00d3N GARANTIZADA<\/a><\/li>\n<\/ul>\n<\/div>\n<\/div>\n<\/div><\/div>\n\n\n\n<div class=\"wp-block-group alignfull priv-main-grp-sec f-size20 has-background\" style=\"background-color:#faf5ee\"><div class=\"wp-block-group__inner-container is-layout-flow wp-block-group-is-layout-flow\">\n<h1 class=\"wp-block-heading main-head\" id=\"h-exencion-de-responsabilidad\">Exenci\u00f3n de responsabilidad<\/h1>\n\n\n\n<p>Este descargo de responsabilidad (\u00abDescargo de responsabilidad\u00bb, \u00abAcuerdo\u00bb) es un acuerdo entre Health Alternatives LLC d\/b\/a Dr. Leslie Korn y Leslie Korn Institute for Integrative Medicine (\u00abHealth Alternatives LLC\u00bb, \u00abnosotros\u00bb, \u00abnos\u00bb o \u00abnuestro\u00bb) y usted (\u00abusuario\u00bb, \u00abusted\u00bb o \u00absu\u00bb). Esta Exenci\u00f3n de responsabilidad establece las directrices generales, t\u00e9rminos y condiciones de uso de nuestro sitio web <em>drkorn-original-bu.cwis.org<\/em>, <em>learn.drkorn-original-bu.cwis.org<\/em>, y sitios web relacionados que enlazan con esta pol\u00edtica y cualquiera de sus productos o servicios (colectivamente, \u00abSitio Web\u00bb o \u00abServicios\u00bb).<\/p>\n\n\n\n<p><strong>Representaci\u00f3n<\/strong><\/p>\n\n\n\n<p>Cualquier punto de vista u opini\u00f3n representados en el Sitio Web pertenecen exclusivamente a los creadores del contenido y no representan los de personas, instituciones, organizaciones con las que Health Alternatives LLC o los creadores puedan o no estar asociados a t\u00edtulo profesional o personal, a menos que se indique expl\u00edcitamente. Los puntos de vista u opiniones no pretenden difamar ninguna religi\u00f3n, grupo \u00e9tnico, club, organizaci\u00f3n, empresa o individuo.<\/p>\n\n\n\n<p><strong>Contenido y publicaciones<\/strong><\/p>\n\n\n\n<p>Queda prohibido modificar, imprimir o copiar cualquier parte del Sitio Web. Queda prohibida la inclusi\u00f3n de cualquier parte de este Sitio Web en otra obra, ya sea en forma impresa, electr\u00f3nica o de otro tipo, o la inclusi\u00f3n de cualquier parte del Sitio Web en otro Sitio Web mediante incrustaci\u00f3n, enmarcado o de otro modo sin el permiso expreso de Health Alternatives LLC.<\/p>\n\n\n\n<p><strong>Compensaci\u00f3n y patrocinio<\/strong><\/p>\n\n\n\n<p>Este Sitio Web acepta formas de publicidad, patrocinio, inserciones pagadas u otras formas de compensaci\u00f3n. Health Alternatives LLC recibe compensaciones por ofrecer su opini\u00f3n sobre productos, servicios, sitios web y otros temas diversos. Aunque Health Alternatives LLC reciba una compensaci\u00f3n por nuestras inserciones o anuncios, siempre damos nuestras honestas opiniones, descubrimientos, creencias o experiencias sobre esos temas o productos. Los puntos de vista y opiniones expresados en el Sitio Web son puramente de Health Alternatives LLC. Cualquier afirmaci\u00f3n, estad\u00edstica, cita u otra representaci\u00f3n sobre un producto o servicio debe verificarse con el fabricante, proveedor o parte en cuesti\u00f3n. El contenido patrocinado, el espacio publicitario o la publicaci\u00f3n siempre se identificar\u00e1n como tales. Algunos de los enlaces del sitio web pueden ser \u00abenlaces de afiliados\u00bb. Esto significa que si hace clic en el enlace y compra un art\u00edculo, Health Alternatives LLC recibir\u00e1 una comisi\u00f3n de afiliaci\u00f3n.<\/p>\n\n\n\n<p>Adem\u00e1s, Health Alternatives LLC participa en el programa Amazon Associates, un programa de publicidad para afiliados dise\u00f1ado para proporcionar un medio para ganar comisiones por publicidad mediante anuncios y enlaces a propiedades de Amazon.<\/p>\n\n\n\n<p><strong>Descargo de responsabilidad m\u00e9dica y de fitness<\/strong><\/p>\n\n\n\n<p><strong>Toda la informaci\u00f3n, materiales y contenidos (el \u00abContenido\u00bb) publicados en el Sitio Web se proporcionan \u00fanicamente con fines educativos e informativos generales. El Contenido de la P\u00e1gina Web no constituye ni debe interpretarse como el asesoramiento m\u00e9dico o cl\u00ednico profesional de un m\u00e9dico, farmac\u00e9utico, terapeuta, consejero, prescriptor de medicaci\u00f3n psiqui\u00e1trica o cualquier otro tipo de profesional autorizado, y no debe utilizarse ni confiarse en \u00e9l para tratar o diagnosticar ninguna enfermedad, dolencia o s\u00edntoma. <\/strong>Las decisiones relacionadas con el tratamiento de enfermedades, dolencias y s\u00edntomas m\u00e9dicos reales se toman mejor en colaboraci\u00f3n directa con un profesional m\u00e9dico licenciado bien informado. No debe confiar exclusivamente en la informaci\u00f3n proporcionada en el sitio web para sus propias necesidades de salud. Todas las preguntas m\u00e9dicas espec\u00edficas deben ser presentadas a su propio proveedor de atenci\u00f3n m\u00e9dica y usted debe buscar consejo m\u00e9dico con respecto a su salud y antes de comenzar cualquier nutrici\u00f3n, p\u00e9rdida de peso o cualquier otro tipo de programa de entrenamiento.<\/p>\n\n\n\n<p>Si decide utilizar la informaci\u00f3n disponible en el sitio web sin consultar previamente a su m\u00e9dico y obtener su consentimiento, est\u00e1 aceptando la plena responsabilidad de sus decisiones y se compromete a eximir a Health Alternatives LLC, sus agentes, empleados, contratistas y cualquier empresa afiliada de cualquier responsabilidad con respecto a lesiones o enfermedades que le afecten a usted o a su propiedad y que se deriven o est\u00e9n relacionadas con el uso que usted haga de esta informaci\u00f3n.<\/p>\n\n\n\n<p>Puede haber riesgos asociados con la participaci\u00f3n en las actividades presentadas en el Sitio Web para personas con buena o mala salud, y con condiciones de salud f\u00edsica o mental preexistentes. Si decide participar en estos riesgos, lo hace por su propia voluntad y acuerdo, asumiendo consciente y voluntariamente todos los riesgos asociados a dichas actividades.<\/p>\n\n\n\n<p>Los resultados obtenidos a partir de la informaci\u00f3n disponible en el Sitio Web pueden variar, y se basar\u00e1n en sus antecedentes individuales, su salud f\u00edsica, su experiencia previa, su capacidad, su habilidad para actuar, su motivaci\u00f3n y otras variables. No existen garant\u00edas en cuanto al nivel de \u00e9xito que pueda experimentar.<br> <br>Los visitantes asumen toda la responsabilidad y el riesgo por el uso del Sitio Web y el Contenido publicado en el mismo. <strong>HEALTH ALTERNATIVES LLC NO GARANTIZA LA EXACTITUD, INTEGRIDAD O UTILIDAD DE NING\u00daN CONTENIDO PUBLICADO EN EL SITIO WEB. HEALTH ALTERNATIVES LLC Y LOS EMPLEADOS, VOLUNTARIOS, CONTRATISTAS Y COLABORADORES DE HEALTH ALTERNATIVES LLC NO SER\u00c1N RESPONSABLES DE NING\u00daN DA\u00d1O QUE LE OCURRA A UNA PERSONA COMO RESULTADO DE SU CONFIANZA EN EL CONTENIDO PUBLICADO EN EL SITIO WEB O DE SU USO DEL MISMO. <\/strong>Health Alternatives LLC no respalda ninguna prueba, tratamiento, recurso o procedimiento m\u00e9dico o de salud mental que pueda describirse en el sitio web.<br> <br>HEALTH ALTERNATIVES LLC NO PUEDE ATENDER EMERGENCIAS DE NING\u00daN TIPO. HEALTH ALTERNATIVES LLC Y LOS EMPLEADOS, VOLUNTARIOS, CONTRATISTAS Y COLABORADORES DE HEALTH ALTERNATIVES LLC NO DEBEN SER CONTACTADOS CON LA EXPECTATIVA DE QUE PUEDAN O VAYAN A RESPONDER A CUALQUIER EMERGENCIA REAL.<\/p>\n\n\n\n<p><strong>Rese\u00f1as y testimonios<\/strong><\/p>\n\n\n\n<p>Los testimonios se reciben de varias formas a trav\u00e9s de diversos m\u00e9todos de env\u00edo. Se trata de experiencias individuales, que reflejan experiencias de quienes han utilizado productos o servicios del sitio web de una u otra forma. Sin embargo, son resultados individuales y los resultados var\u00edan. No pretendemos que sean resultados t\u00edpicos que los consumidores logren en general. Los testimonios no son necesariamente representativos de todos aquellos que utilicen nuestros productos o servicios. Health Alternatives LLC no se hace responsable de las opiniones o comentarios publicados en el sitio web, y no los comparte necesariamente. Todas las opiniones expresadas son estrictamente las opiniones del anunciante o revisor.<\/p>\n\n\n\n<p>Los testimonios expuestos se dan textualmente salvo correcciones gramaticales o errores tipogr\u00e1ficos. Algunos testimonios pueden haber sido editados para mayor claridad, o acortados en los casos en que el testimonio original inclu\u00eda informaci\u00f3n superflua sin relevancia para el p\u00fablico en general. Es posible que se revise la autenticidad de los testimonios antes de publicarlos para que puedan ser vistos por el p\u00fablico.<\/p>\n\n\n\n<p><strong>Indemnizaci\u00f3n y garant\u00edas<\/strong><\/p>\n\n\n\n<p>Aunque hemos hecho todo lo posible para garantizar que la informaci\u00f3n contenida en el Sitio Web sea correcta. Health Alternatives LLC no se hace responsable de ning\u00fan error u omisi\u00f3n, ni de los resultados obtenidos del uso de esta informaci\u00f3n. Toda la informaci\u00f3n del Sitio Web se proporciona \u00abtal cual\u00bb, sin garant\u00eda de integridad, exactitud, actualidad o de los resultados obtenidos del uso de esta informaci\u00f3n, y sin garant\u00eda de ning\u00fan tipo, expresa o impl\u00edcita. En ning\u00fan caso Health Alternatives LLC, sus socios, empleados o agentes, ser\u00e1n responsables ante usted o cualquier otra persona por cualquier decisi\u00f3n tomada o acci\u00f3n emprendida bas\u00e1ndose en la informaci\u00f3n del Sitio Web o por cualquier da\u00f1o consecuente, especial o similar, incluso si se advirtiera de la posibilidad de tales da\u00f1os. Adem\u00e1s, la informaci\u00f3n contenida en el Sitio Web y en las p\u00e1ginas enlazadas a \u00e9l y desde \u00e9l est\u00e1n sujetas a cambios en cualquier momento y sin previo aviso.<\/p>\n\n\n\n<p>Nos reservamos el derecho a modificar esta cl\u00e1usula de exenci\u00f3n de responsabilidad relativa al Sitio Web, los productos o los servicios en cualquier momento, con efecto a partir de la publicaci\u00f3n de una versi\u00f3n actualizada de esta cl\u00e1usula de exenci\u00f3n de responsabilidad en el Sitio Web. Cuando lo hagamos, revisaremos la fecha de actualizaci\u00f3n en la parte inferior de esta p\u00e1gina. El uso continuado del Sitio Web despu\u00e9s de cualquiera de dichos cambios constituir\u00e1 su consentimiento a los mismos.<\/p>\n\n\n\n<p><strong>Aceptaci\u00f3n de este descargo de responsabilidad<\/strong><\/p>\n\n\n\n<p>Usted reconoce haber le\u00eddo el presente descargo de responsabilidad y acepta todos sus t\u00e9rminos y condiciones. Al acceder al Sitio Web, acepta quedar vinculado por este descargo de responsabilidad. Si no acepta cumplir los t\u00e9rminos de esta cl\u00e1usula de exenci\u00f3n de responsabilidad, no est\u00e1 autorizado a utilizar ni a acceder al Sitio Web.<\/p>\n\n\n\n<p><strong>C\u00f3mo ponerse en contacto con nosotros<\/strong><\/p>\n\n\n\n<p>Si desea ponerse en contacto con nosotros para obtener m\u00e1s informaci\u00f3n sobre el presente descargo de responsabilidad o desea ponerse en contacto con nosotros para cualquier asunto relacionado con el mismo, puede hacerlo a trav\u00e9s del <a href=\"https:\/\/drkorn-original-bu.cwis.org\/es\/contactanos\/\">formulario de contacto<\/a>.<\/p>\n\n\n\n<p>Health Alternatives LLC, PMB 214, 1001 Cooper Pt Rd SW #140, Olympia, WA 98502-1107, EE.UU.<\/p>\n<\/div><\/div>\n","protected":false},"excerpt":{"rendered":"<p>Legal Exenci\u00f3n de responsabilidad Este descargo de responsabilidad (\u00abDescargo de responsabilidad\u00bb, \u00abAcuerdo\u00bb) es un acuerdo entre Health Alternatives LLC d\/b\/a Dr. Leslie Korn y Leslie Korn Institute for Integrative Medicine [&hellip;]<\/p>\n","protected":false},"author":20,"featured_media":0,"parent":37853,"menu_order":0,"comment_status":"closed","ping_status":"closed","template":"","meta":{"_acf_changed":false,"inline_featured_image":false,"_genesis_hide_title":true,"_genesis_hide_breadcrumbs":false,"_genesis_hide_singular_image":false,"_genesis_hide_footer_widgets":false,"_genesis_custom_body_class":"","_genesis_custom_post_class":"","_genesis_layout":"","footnotes":""},"class_list":{"0":"post-37858","1":"page","2":"type-page","3":"status-publish","5":"entry"},"acf":[],"yoast_head":"<!-- This site is optimized with the Yoast SEO Premium plugin v25.3 (Yoast SEO v25.3) - https:\/\/yoast.com\/wordpress\/plugins\/seo\/ -->\n<title>Exenci\u00f3n de responsabilidad | Instituto Leslie Korn de Medicina Integrativa<\/title>\n<meta name=\"description\" content=\"Descargo de responsabilidad relacionado con el sitio web, los servicios y los cursos del Leslie Korn Institute for Integrative Medicine.\" \/>\n<meta name=\"robots\" content=\"noindex, follow, max-snippet:-1, max-image-preview:large, max-video-preview:-1\" \/>\n<meta property=\"og:locale\" content=\"es_ES\" \/>\n<meta property=\"og:type\" content=\"article\" \/>\n<meta property=\"og:title\" content=\"Exenci\u00f3n de responsabilidad | Dr. Leslie Korn\" \/>\n<meta property=\"og:description\" content=\"Legal PRIVACIDAD T\u00c9RMINOS T\u00c9RMINOS DE MIEMBRO DESCARGO DE RESPONSABILIDAD SATISFACCI\u00d3N GARANTIZADA Exenci\u00f3n de responsabilidad Este descargo de\" \/>\n<meta property=\"og:url\" content=\"https:\/\/drkorndev.cwis.org\/es\/legal\/exencion-de-responsabilidad\/\" \/>\n<meta property=\"og:site_name\" content=\"Dr. Leslie Korn\" \/>\n<meta property=\"article:modified_time\" content=\"2023-06-26T12:31:12+00:00\" \/>\n<meta property=\"og:image\" content=\"https:\/\/drkorn-original-bu.cwis.org\/wp-content\/uploads\/2024\/09\/dr-leslie-korn-logo-english.webp\" \/>\n\t<meta property=\"og:image:width\" content=\"784\" \/>\n\t<meta property=\"og:image:height\" content=\"226\" \/>\n\t<meta property=\"og:image:type\" content=\"image\/webp\" \/>\n<meta name=\"twitter:card\" content=\"summary_large_image\" \/>\n<meta name=\"twitter:label1\" content=\"Tiempo de lectura\" \/>\n\t<meta name=\"twitter:data1\" content=\"7 minutos\" \/>\n<script type=\"application\/ld+json\" class=\"yoast-schema-graph\">{\"@context\":\"https:\/\/schema.org\",\"@graph\":[{\"@type\":\"WebPage\",\"@id\":\"https:\/\/drkorndev.cwis.org\/es\/legal\/exencion-de-responsabilidad\/\",\"url\":\"https:\/\/drkorndev.cwis.org\/es\/legal\/exencion-de-responsabilidad\/\",\"name\":\"Exenci\u00f3n de responsabilidad | Instituto Leslie Korn de Medicina Integrativa\",\"isPartOf\":{\"@id\":\"https:\/\/drkorn-original-bu.cwis.org\/#website\"},\"datePublished\":\"2022-09-29T13:06:24+00:00\",\"dateModified\":\"2023-06-26T12:31:12+00:00\",\"description\":\"Descargo de responsabilidad relacionado con el sitio web, los servicios y los cursos del Leslie Korn Institute for Integrative Medicine.\",\"breadcrumb\":{\"@id\":\"https:\/\/drkorndev.cwis.org\/es\/legal\/exencion-de-responsabilidad\/#breadcrumb\"},\"inLanguage\":\"es\",\"potentialAction\":[{\"@type\":\"ReadAction\",\"target\":[\"https:\/\/drkorndev.cwis.org\/es\/legal\/exencion-de-responsabilidad\/\"]}]},{\"@type\":\"BreadcrumbList\",\"@id\":\"https:\/\/drkorndev.cwis.org\/es\/legal\/exencion-de-responsabilidad\/#breadcrumb\",\"itemListElement\":[{\"@type\":\"ListItem\",\"position\":1,\"name\":\"Legal\",\"item\":\"https:\/\/drkorndev.cwis.org\/es\/legal\/\"},{\"@type\":\"ListItem\",\"position\":2,\"name\":\"Exenci\u00f3n de responsabilidad\"}]},{\"@type\":\"WebSite\",\"@id\":\"https:\/\/drkorn-original-bu.cwis.org\/#website\",\"url\":\"https:\/\/drkorn-original-bu.cwis.org\/\",\"name\":\"Dr. Leslie Korn\",\"description\":\"Integrative Medicine with Heart\",\"publisher\":{\"@id\":\"https:\/\/drkorn-original-bu.cwis.org\/#organization\"},\"potentialAction\":[{\"@type\":\"SearchAction\",\"target\":{\"@type\":\"EntryPoint\",\"urlTemplate\":\"https:\/\/drkorn-original-bu.cwis.org\/?s={search_term_string}\"},\"query-input\":{\"@type\":\"PropertyValueSpecification\",\"valueRequired\":true,\"valueName\":\"search_term_string\"}}],\"inLanguage\":\"es\"},{\"@type\":\"Organization\",\"@id\":\"https:\/\/drkorn-original-bu.cwis.org\/#organization\",\"name\":\"Dr. Leslie Korn\",\"url\":\"https:\/\/drkorn-original-bu.cwis.org\/\",\"logo\":{\"@type\":\"ImageObject\",\"inLanguage\":\"es\",\"@id\":\"https:\/\/drkorn-original-bu.cwis.org\/#\/schema\/logo\/image\/\",\"url\":\"https:\/\/drkorn-original-bu.cwis.org\/wp-content\/uploads\/2022\/11\/Logo_highRess_horizontal.png\",\"contentUrl\":\"https:\/\/drkorn-original-bu.cwis.org\/wp-content\/uploads\/2022\/11\/Logo_highRess_horizontal.png\",\"width\":8001,\"height\":8001,\"caption\":\"Dr. Leslie Korn\"},\"image\":{\"@id\":\"https:\/\/drkorn-original-bu.cwis.org\/#\/schema\/logo\/image\/\"}}]}<\/script>\n<!-- \/ Yoast SEO Premium plugin. -->","yoast_head_json":{"title":"Exenci\u00f3n de responsabilidad | Instituto Leslie Korn de Medicina Integrativa","description":"Descargo de responsabilidad relacionado con el sitio web, los servicios y los cursos del Leslie Korn Institute for Integrative Medicine.","robots":{"index":"noindex","follow":"follow","max-snippet":"max-snippet:-1","max-image-preview":"max-image-preview:large","max-video-preview":"max-video-preview:-1"},"og_locale":"es_ES","og_type":"article","og_title":"Exenci\u00f3n de responsabilidad | Dr. Leslie Korn","og_description":"Legal PRIVACIDAD T\u00c9RMINOS T\u00c9RMINOS DE MIEMBRO DESCARGO DE RESPONSABILIDAD SATISFACCI\u00d3N GARANTIZADA Exenci\u00f3n de responsabilidad Este descargo de","og_url":"https:\/\/drkorndev.cwis.org\/es\/legal\/exencion-de-responsabilidad\/","og_site_name":"Dr. Leslie Korn","article_modified_time":"2023-06-26T12:31:12+00:00","og_image":[{"width":784,"height":226,"url":"https:\/\/drkorn-original-bu.cwis.org\/wp-content\/uploads\/2024\/09\/dr-leslie-korn-logo-english.webp","type":"image\/webp"}],"twitter_card":"summary_large_image","twitter_misc":{"Tiempo de lectura":"7 minutos"},"schema":{"@context":"https:\/\/schema.org","@graph":[{"@type":"WebPage","@id":"https:\/\/drkorndev.cwis.org\/es\/legal\/exencion-de-responsabilidad\/","url":"https:\/\/drkorndev.cwis.org\/es\/legal\/exencion-de-responsabilidad\/","name":"Exenci\u00f3n de responsabilidad | Instituto Leslie Korn de Medicina Integrativa","isPartOf":{"@id":"https:\/\/drkorn-original-bu.cwis.org\/#website"},"datePublished":"2022-09-29T13:06:24+00:00","dateModified":"2023-06-26T12:31:12+00:00","description":"Descargo de responsabilidad relacionado con el sitio web, los servicios y los cursos del Leslie Korn Institute for Integrative Medicine.","breadcrumb":{"@id":"https:\/\/drkorndev.cwis.org\/es\/legal\/exencion-de-responsabilidad\/#breadcrumb"},"inLanguage":"es","potentialAction":[{"@type":"ReadAction","target":["https:\/\/drkorndev.cwis.org\/es\/legal\/exencion-de-responsabilidad\/"]}]},{"@type":"BreadcrumbList","@id":"https:\/\/drkorndev.cwis.org\/es\/legal\/exencion-de-responsabilidad\/#breadcrumb","itemListElement":[{"@type":"ListItem","position":1,"name":"Legal","item":"https:\/\/drkorndev.cwis.org\/es\/legal\/"},{"@type":"ListItem","position":2,"name":"Exenci\u00f3n de responsabilidad"}]},{"@type":"WebSite","@id":"https:\/\/drkorn-original-bu.cwis.org\/#website","url":"https:\/\/drkorn-original-bu.cwis.org\/","name":"Dr. Leslie Korn","description":"Integrative Medicine with Heart","publisher":{"@id":"https:\/\/drkorn-original-bu.cwis.org\/#organization"},"potentialAction":[{"@type":"SearchAction","target":{"@type":"EntryPoint","urlTemplate":"https:\/\/drkorn-original-bu.cwis.org\/?s={search_term_string}"},"query-input":{"@type":"PropertyValueSpecification","valueRequired":true,"valueName":"search_term_string"}}],"inLanguage":"es"},{"@type":"Organization","@id":"https:\/\/drkorn-original-bu.cwis.org\/#organization","name":"Dr. Leslie Korn","url":"https:\/\/drkorn-original-bu.cwis.org\/","logo":{"@type":"ImageObject","inLanguage":"es","@id":"https:\/\/drkorn-original-bu.cwis.org\/#\/schema\/logo\/image\/","url":"https:\/\/drkorn-original-bu.cwis.org\/wp-content\/uploads\/2022\/11\/Logo_highRess_horizontal.png","contentUrl":"https:\/\/drkorn-original-bu.cwis.org\/wp-content\/uploads\/2022\/11\/Logo_highRess_horizontal.png","width":8001,"height":8001,"caption":"Dr. Leslie Korn"},"image":{"@id":"https:\/\/drkorn-original-bu.cwis.org\/#\/schema\/logo\/image\/"}}]}},"_links":{"self":[{"href":"https:\/\/drkorn-original-bu.cwis.org\/es\/wp-json\/wp\/v2\/pages\/37858","targetHints":{"allow":["GET"]}}],"collection":[{"href":"https:\/\/drkorn-original-bu.cwis.org\/es\/wp-json\/wp\/v2\/pages"}],"about":[{"href":"https:\/\/drkorn-original-bu.cwis.org\/es\/wp-json\/wp\/v2\/types\/page"}],"author":[{"embeddable":true,"href":"https:\/\/drkorn-original-bu.cwis.org\/es\/wp-json\/wp\/v2\/users\/20"}],"replies":[{"embeddable":true,"href":"https:\/\/drkorn-original-bu.cwis.org\/es\/wp-json\/wp\/v2\/comments?post=37858"}],"version-history":[{"count":0,"href":"https:\/\/drkorn-original-bu.cwis.org\/es\/wp-json\/wp\/v2\/pages\/37858\/revisions"}],"up":[{"embeddable":true,"href":"https:\/\/drkorn-original-bu.cwis.org\/es\/wp-json\/wp\/v2\/pages\/37853"}],"wp:attachment":[{"href":"https:\/\/drkorn-original-bu.cwis.org\/es\/wp-json\/wp\/v2\/media?parent=37858"}],"curies":[{"name":"wp","href":"https:\/\/api.w.org\/{rel}","templated":true}]}}