{"id":37771,"date":"2022-10-11T13:42:15","date_gmt":"2022-10-11T13:42:15","guid":{"rendered":"https:\/\/drkorn-original-bu.cwis.org\/libros\/prevencion-y-tratamiento-de-la-diabetes-tipo-2-de-forma-natural-guia\/"},"modified":"2023-09-28T09:54:15","modified_gmt":"2023-09-28T09:54:15","slug":"prevencion-y-tratamiento-de-la-diabetes-tipo-2-de-forma-natural-guia","status":"publish","type":"page","link":"https:\/\/drkorn-original-bu.cwis.org\/es\/libros\/prevencion-y-tratamiento-de-la-diabetes-tipo-2-de-forma-natural-guia\/","title":{"rendered":"Prevenci\u00f3n y tratamiento de la diabetes tipo 2 de forma natural: gu\u00eda"},"content":{"rendered":"\n<div class=\"wp-block-group alignfull k-home-sec has-background\" style=\"background-color:#eae1d5\"><div class=\"wp-block-group__inner-container is-layout-flow wp-block-group-is-layout-flow\">\n<div class=\"wp-block-columns is-layout-flex wp-container-core-columns-is-layout-9d6595d7 wp-block-columns-is-layout-flex\">\n<div class=\"wp-block-column book-banner-left-clm is-layout-flow wp-block-column-is-layout-flow\"><\/div>\n\n\n\n<div class=\"wp-block-column nutr-sec-clm is-layout-flow wp-block-column-is-layout-flow\">\n<figure class=\"wp-block-image size-large\"><img loading=\"lazy\" decoding=\"async\" width=\"768\" height=\"1024\" src=\"https:\/\/drkorn-original-bu.cwis.org\/wp-content\/uploads\/2023\/08\/prevenir-tratar-diabetes-tipo-2-leslie-korn-768x1024.webp\" alt=\"\" class=\"wp-image-38347\" srcset=\"https:\/\/drkorn-original-bu.cwis.org\/wp-content\/uploads\/2023\/08\/prevenir-tratar-diabetes-tipo-2-leslie-korn-768x1024.webp 768w, https:\/\/drkorn-original-bu.cwis.org\/wp-content\/uploads\/2023\/08\/prevenir-tratar-diabetes-tipo-2-leslie-korn-392x522.webp 392w, https:\/\/drkorn-original-bu.cwis.org\/wp-content\/uploads\/2023\/08\/prevenir-tratar-diabetes-tipo-2-leslie-korn.webp 1000w\" sizes=\"auto, (max-width: 768px) 100vw, 768px\" \/><\/figure>\n<\/div>\n\n\n\n<div class=\"wp-block-column book-banner-right-clm is-layout-flow wp-block-column-is-layout-flow\">\n<p class=\"has-text-align-center an-pera\" id=\"h-an-invaluable-resource\">\u00abLa Dra. Korn ofrece alternativas seguras y eficaces que restablecen la salud b\u00e1sica. Aqu\u00ed est\u00e1n las herramientas para crear salud\u00bb.<\/p>\n\n\n\n<p class=\"has-text-align-center jem-hed\"><strong><strong><strong>Norman Shealy, MD, PHD<\/strong><\/strong><\/strong><\/p>\n\n\n\n<p class=\"has-text-align-center intgrat-pera\">Neurocient\u00edfico, Fundador, Asociaci\u00f3n Americana de Medicina Hol\u00edstica<\/p>\n<\/div>\n<\/div>\n<\/div><\/div>\n\n\n\n<div class=\"wp-block-group alignfull k-home-2nd-sec has-background\" style=\"background-color:#faf5ee\"><div class=\"wp-block-group__inner-container is-layout-flow wp-block-group-is-layout-flow\">\n<div class=\"wp-block-columns mb-0 is-layout-flex wp-container-core-columns-is-layout-9d6595d7 wp-block-columns-is-layout-flex\">\n<div class=\"wp-block-column is-layout-flow wp-block-column-is-layout-flow\">\n<h1 class=\"wp-block-heading has-text-align-center\" id=\"h-como-prevenir-y-tratar-la-diabetes-tipo-2-naturalmente-tu-guia-integral-de-alimentos-hierbas-suplementos-recetas-medicina-energetica-masaje-y-ejercicio\">C\u00f3mo prevenir y tratar la diabetes tipo 2 naturalmente: tu gu\u00eda integral de alimentos, hierbas, suplementos, recetas, medicina energ\u00e9tica, masaje y ejercicio<\/h1>\n\n\n\n<p class=\"book-pera\">Esta gu\u00eda define la diabetes tipo 2 como una enfermedad derivada de la vida moderna; demasiado estr\u00e9s y az\u00facar, y muy poco ejercicio. Descubrir\u00e1s enfoques integradores de vanguardia para prevenir la diabetes tipo 2, restablecer la salud e incluso revertir la diabetes.<\/p>\n\n\n\n<p class=\"sixWidth-para has-medium-font-size\">Revertir la diabetes tipo 2 es posible restableciendo los modos de vida naturales, reduciendo el estr\u00e9s, comiendo alimentos integrales adecuados a tu tipo de cuerpo, utilizando vitaminas y minerales espec\u00edficos, y hierbas, y haciendo mucho ejercicio y durmiendo, y la gesti\u00f3n es ciertamente exitosa. Este libro ha evolucionado a lo largo de 25 a\u00f1os de investigaci\u00f3n y atenci\u00f3n cl\u00ednica y cursos de ense\u00f1anza.<\/p>\n\n\n\n<div style=\"height:64px\" aria-hidden=\"true\" class=\"wp-block-spacer\"><\/div>\n\n\n\n<div class=\"wp-block-columns is-layout-flex wp-container-core-columns-is-layout-9d6595d7 wp-block-columns-is-layout-flex\">\n<div class=\"wp-block-column cet-cta-sec has-background is-layout-flow wp-block-column-is-layout-flow\" style=\"background-color:#eae1d5\">\n<h3 class=\"wp-block-heading has-text-align-center book-head mrLR-40\" id=\"h-obten-una-copia-gratuita-de-este-libro-al-contestar-mi-test-para-saber-que-alimentos-necesita-tu-cuerpo-para-funcionar-mejor\">Obt\u00e9n una copia gratuita de este libro al contestar mi test para saber qu\u00e9 alimentos necesita tu cuerpo para funcionar mejor.\u00a0<\/h3>\n\n\n\n<h3 class=\"wp-block-heading has-text-align-center book-head mrLR-40\" id=\"h-recibiras-informacion-acerca-de-como-alimentar-tu-tipo-de-cuerpo-y-una-copia-de-mi-libro-en-tu-correo-electronico\">Recibir\u00e1s informaci\u00f3n acerca de c\u00f3mo alimentar tu tipo de cuerpo y una copia de mi libro en tu correo electr\u00f3nico.\u00a0<\/h3>\n\n\n\n<div class=\"wp-block-buttons is-content-justification-center is-layout-flex wp-container-core-buttons-is-layout-16018d1d wp-block-buttons-is-layout-flex\">\n<div class=\"wp-block-button is-style-fill popmake-38219 pum-trigger\"><a class=\"wp-block-button__link wp-element-button\" href=\"#\"><strong>Contesta el test gratuito<\/strong><\/a><\/div>\n<\/div>\n<\/div>\n<\/div>\n\n\n\n<div class=\"wp-block-columns thing-book-clm is-layout-flex wp-container-core-columns-is-layout-9d6595d7 wp-block-columns-is-layout-flex\">\n<div class=\"wp-block-column is-layout-flow wp-block-column-is-layout-flow\">\n<h2 class=\"wp-block-heading has-text-align-center book-head\" id=\"h-lo-que-este-libro-te-ensenara\">Lo que este libro te ense\u00f1ar\u00e1<\/h2>\n\n\n\n<ul class=\"wp-block-list\">\n<li>C\u00f3mo prevenir la Diabetes Tipo 2<\/li>\n\n\n\n<li>C\u00f3mo tratar la diabetes tipo 2 de forma natural<\/li>\n\n\n\n<li>Estrategias diarias f\u00e1ciles de usar para tratar la diabetes y sus s\u00edntomas, como la neuropat\u00eda, las enfermedades cardiovasculares, el estr\u00e9s, los traumatismos, el dolor y la depresi\u00f3n<\/li>\n\n\n\n<li>Protocolos sencillos de nutrientes que mejoran o reducen la necesidad de medicamentos<\/li>\n\n\n\n<li>Alimentaci\u00f3n integral asequible<\/li>\n\n\n\n<li>El uso de hierbas medicinales para reducir la glucosa en sangre, aumentar la energ\u00eda, controlar el dolor y mejorar el sue\u00f1o.<\/li>\n\n\n\n<li>T\u00e9cnicas de trabajo corporal y medicina energ\u00e9tica que mejoran la circulaci\u00f3n y la relajaci\u00f3n<\/li>\n\n\n\n<li>Visualizaciones guiadas que favorecen la respuesta vagal, inducen la dominancia parasimp\u00e1tica y reducen la glucemia<\/li>\n\n\n\n<li>Ejercicios f\u00edsicos espec\u00edficos y yoga para mejorar la funci\u00f3n mitocondrial, reducir la fatiga y ayudar al equilibrio central<\/li>\n\n\n\n<li>V\u00edas de desintoxicaci\u00f3n<\/li>\n\n\n\n<li>Medicina tradicional y m\u00e9todos naturistas<\/li>\n<\/ul>\n\n\n\n<p class=\"has-text-align-center\" id=\"h-learn-how-to\"><em>Y mucho m\u00e1s\u2026<\/em><\/p>\n\n\n\n<div style=\"height:64px\" aria-hidden=\"true\" class=\"wp-block-spacer\"><\/div>\n\n\n\n<p class=\"reed-m-link\">Acompa\u00f1a al curso <a href=\"https:\/\/drkorn-original-bu.cwis.org\/es\/courses\/como-prevenir-y-tratar-la-diabetes-tipo-2-de-forma-natural\/\"><strong>C\u00f3mo<\/strong> <strong><strong>prevenir y tratar la diabetes tipo 2, naturalmente<\/strong><\/strong> <\/a><\/p>\n\n\n\n<p class=\"reed-m-link\">M\u00e1s informaci\u00f3n sobre el programa de certificaci\u00f3n <strong><a href=\"https:\/\/drkorn-original-bu.cwis.org\/es\/courses\/diabetes-tipo-2-deterioro-cognitivo-y-alzheimer\/\">Diabetes tipo 2, deterioro cognitivo y Alzheimer<\/a><\/strong><\/p>\n<\/div>\n<\/div>\n\n\n\n<div style=\"height:64px\" aria-hidden=\"true\" class=\"wp-block-spacer\"><\/div>\n<\/div>\n<\/div>\n<\/div><\/div>\n\n\n\n<div class=\"wp-block-group alignfull has-background\" style=\"background-color:#eae1d5\"><div class=\"wp-block-group__inner-container is-layout-flow wp-block-group-is-layout-flow\">\n<div class=\"wp-block-columns alignfull full-clm-get-cta-sec is-layout-flex wp-container-core-columns-is-layout-9d6595d7 wp-block-columns-is-layout-flex\">\n<div class=\"wp-block-column cet-cta-sec has-background is-layout-flow wp-block-column-is-layout-flow\" style=\"background-color:#eae1d5\">\n<h3 class=\"wp-block-heading has-text-align-center book-head\" id=\"h-obten-una-copia-gratuita-de-este-libro-al-contestar-mi-test-para-saber-que-alimentos-necesita-tu-cuerpo-para-funcionar-mejor-1\"><strong>Obt\u00e9n una copia gratuita de este libro al contestar mi test para saber qu\u00e9 alimentos necesita tu cuerpo para funcionar mejor.\u00a0<\/strong><\/h3>\n\n\n\n<h3 class=\"wp-block-heading has-text-align-center book-head\" id=\"h-recibiras-informacion-acerca-de-como-alimentar-tu-tipo-de-cuerpo-y-una-copia-de-mi-libro-en-tu-correo-electronico-1\"><strong>Recibir\u00e1s informaci\u00f3n acerca de c\u00f3mo alimentar tu tipo de cuerpo y una copia de mi libro en tu correo electr\u00f3nico.&nbsp;<\/strong><\/h3>\n\n\n\n<div class=\"wp-block-buttons is-content-justification-center is-layout-flex wp-container-core-buttons-is-layout-16018d1d wp-block-buttons-is-layout-flex\">\n<div class=\"wp-block-button is-style-fill popmake-38219 pum-trigger\"><a class=\"wp-block-button__link wp-element-button\" href=\"#\"><strong>Contesta el test gratuito<\/strong><\/a><\/div>\n<\/div>\n<\/div>\n<\/div>\n<\/div><\/div>\n\n\n\n<div class=\"wp-block-cover alignfull nutr-bg-cv-sec\"><span aria-hidden=\"true\" class=\"wp-block-cover__background has-background-dim-0 has-background-dim\"><\/span><img loading=\"lazy\" decoding=\"async\" width=\"2560\" height=\"1707\" class=\"wp-block-cover__image-background wp-image-35320\" alt=\"\" src=\"https:\/\/drkorn-original-bu.cwis.org\/wp-content\/uploads\/2023\/01\/preventing-and-treating-diabetes-naturally-the-native-way-fiddlehead-fern-scaled.webp\" data-object-fit=\"cover\" srcset=\"https:\/\/drkorn-original-bu.cwis.org\/wp-content\/uploads\/2023\/01\/preventing-and-treating-diabetes-naturally-the-native-way-fiddlehead-fern-scaled.webp 2560w, https:\/\/drkorn-original-bu.cwis.org\/wp-content\/uploads\/2023\/01\/preventing-and-treating-diabetes-naturally-the-native-way-fiddlehead-fern-784x522.webp 784w, https:\/\/drkorn-original-bu.cwis.org\/wp-content\/uploads\/2023\/01\/preventing-and-treating-diabetes-naturally-the-native-way-fiddlehead-fern-1024x683.webp 1024w, https:\/\/drkorn-original-bu.cwis.org\/wp-content\/uploads\/2023\/01\/preventing-and-treating-diabetes-naturally-the-native-way-fiddlehead-fern-768x512.webp 768w, https:\/\/drkorn-original-bu.cwis.org\/wp-content\/uploads\/2023\/01\/preventing-and-treating-diabetes-naturally-the-native-way-fiddlehead-fern-1536x1024.webp 1536w, https:\/\/drkorn-original-bu.cwis.org\/wp-content\/uploads\/2023\/01\/preventing-and-treating-diabetes-naturally-the-native-way-fiddlehead-fern-2048x1366.webp 2048w\" sizes=\"auto, (max-width: 2560px) 100vw, 2560px\" \/><div class=\"wp-block-cover__inner-container is-layout-flow wp-block-cover-is-layout-flow\"><div class=\"wp-block-image nurtr-ab\">\n<figure class=\"aligncenter size-large\"><img loading=\"lazy\" decoding=\"async\" width=\"768\" height=\"1024\" src=\"https:\/\/drkorn-original-bu.cwis.org\/wp-content\/uploads\/2023\/08\/prevenir-tratar-diabetes-tipo-2-leslie-korn-768x1024.webp\" alt=\"\" class=\"wp-image-38347\" srcset=\"https:\/\/drkorn-original-bu.cwis.org\/wp-content\/uploads\/2023\/08\/prevenir-tratar-diabetes-tipo-2-leslie-korn-768x1024.webp 768w, https:\/\/drkorn-original-bu.cwis.org\/wp-content\/uploads\/2023\/08\/prevenir-tratar-diabetes-tipo-2-leslie-korn-392x522.webp 392w, https:\/\/drkorn-original-bu.cwis.org\/wp-content\/uploads\/2023\/08\/prevenir-tratar-diabetes-tipo-2-leslie-korn.webp 1000w\" sizes=\"auto, (max-width: 768px) 100vw, 768px\" \/><\/figure>\n<\/div><\/div><\/div>\n\n\n\n<div class=\"wp-block-group alignfull let-me-sec-grp has-background\" style=\"background-color:#faf5ee\"><div class=\"wp-block-group__inner-container is-layout-flow wp-block-group-is-layout-flow\">\n<div class=\"wp-block-columns is-layout-flex wp-container-core-columns-is-layout-9d6595d7 wp-block-columns-is-layout-flex\">\n<div class=\"wp-block-column is-layout-flow wp-block-column-is-layout-flow\">\n<h2 class=\"wp-block-heading has-text-align-center head abt mr-top0\" id=\"h-acerca-de-leslie-korn\">Acerca de Leslie Korn<\/h2>\n\n\n\n<p>Durante m\u00e1s de 40 a\u00f1os, la Dra. Leslie Korn ha ense\u00f1ado medicina natural para la Diabetes Tipo 2 y ha trabajado con pacientes diab\u00e9ticos en la pr\u00e1ctica privada y en comunidades tribales de EE.UU., Canad\u00e1 y M\u00e9xico. Ha desarrollado el primer curso de certificaci\u00f3n para profesionales sobre prevenci\u00f3n y tratamiento de la Diabetes Tipo 2 y la enfermedad de Alzheimer.<\/p>\n\n\n\n<p class=\"reed-m-link\">M\u00e1s informaci\u00f3n sobre el programa de certificaci\u00f3n <strong><a href=\"https:\/\/drkorn-original-bu.cwis.org\/es\/courses\/diabetes-tipo-2-deterioro-cognitivo-y-alzheimer\/\">Diabetes tipo 2, deterioro cognitivo y Alzheimer<\/a><\/strong><\/p>\n<\/div>\n<\/div>\n<\/div><\/div>\n\n\n\n<div class=\"wp-block-group alignfull has-background\" style=\"background-color:#eae1d5\"><div class=\"wp-block-group__inner-container is-layout-flow wp-block-group-is-layout-flow\">\n<div class=\"wp-block-columns alignfull full-clm-get-cta-sec is-layout-flex wp-container-core-columns-is-layout-9d6595d7 wp-block-columns-is-layout-flex\">\n<div class=\"wp-block-column cet-cta-sec has-background is-layout-flow wp-block-column-is-layout-flow\" style=\"background-color:#eae1d5\">\n<h3 class=\"wp-block-heading has-text-align-center book-head\" id=\"h-obten-una-copia-gratuita-de-este-libro-al-contestar-mi-test-para-saber-que-alimentos-necesita-tu-cuerpo-para-funcionar-mejor-2\"><strong>Obt\u00e9n una copia gratuita de este libro al contestar mi test para saber qu\u00e9 alimentos necesita tu cuerpo para funcionar mejor.\u00a0<\/strong><\/h3>\n\n\n\n<h3 class=\"wp-block-heading has-text-align-center book-head\" id=\"h-recibiras-informacion-acerca-de-como-alimentar-tu-tipo-de-cuerpo-y-una-copia-de-mi-libro-en-tu-correo-electronico-2\"><strong>Recibir\u00e1s informaci\u00f3n acerca de c\u00f3mo alimentar tu tipo de cuerpo y una copia de mi libro en tu correo electr\u00f3nico.&nbsp;<\/strong><\/h3>\n\n\n\n<div class=\"wp-block-buttons is-content-justification-center is-layout-flex wp-container-core-buttons-is-layout-16018d1d wp-block-buttons-is-layout-flex\">\n<div class=\"wp-block-button is-style-fill popmake-38219 pum-trigger\"><a class=\"wp-block-button__link wp-element-button\" href=\"#\"><strong>Contesta el test gratuito<\/strong><\/a><\/div>\n<\/div>\n<\/div>\n<\/div>\n<\/div><\/div>\n","protected":false},"excerpt":{"rendered":"<p>\u00abLa Dra. Korn ofrece alternativas seguras y eficaces que restablecen la salud b\u00e1sica. Aqu\u00ed est\u00e1n las herramientas para crear salud\u00bb. Norman Shealy, MD, PHD Neurocient\u00edfico, Fundador, Asociaci\u00f3n Americana de Medicina [&hellip;]<\/p>\n","protected":false},"author":20,"featured_media":0,"parent":37763,"menu_order":0,"comment_status":"closed","ping_status":"closed","template":"","meta":{"_acf_changed":false,"inline_featured_image":false,"_genesis_hide_title":true,"_genesis_hide_breadcrumbs":false,"_genesis_hide_singular_image":false,"_genesis_hide_footer_widgets":false,"_genesis_custom_body_class":"","_genesis_custom_post_class":"","_genesis_layout":"","footnotes":""},"class_list":{"0":"post-37771","1":"page","2":"type-page","3":"status-publish","5":"entry","6":"has-post-thumbnail"},"acf":[],"yoast_head":"<!-- This site is optimized with the Yoast SEO Premium plugin v25.3 (Yoast SEO v25.3) - https:\/\/yoast.com\/wordpress\/plugins\/seo\/ -->\n<title>Prevenci\u00f3n y tratamiento de la diabetes tipo 2 de forma natural, por el Dr. Korn<\/title>\n<meta name=\"description\" content=\"Descubre los enfoques integrativos m\u00e1s avanzados para prevenir la diabetes tipo 2, restablecer la salud e incluso revertir la diabetes.\" \/>\n<meta name=\"robots\" content=\"noindex, follow, max-snippet:-1, max-image-preview:large, max-video-preview:-1\" \/>\n<meta property=\"og:locale\" content=\"es_ES\" \/>\n<meta property=\"og:type\" content=\"article\" \/>\n<meta property=\"og:title\" content=\"Prevenci\u00f3n y tratamiento de la diabetes tipo 2 de forma natural: gu\u00eda | Dr. Leslie Korn\" \/>\n<meta property=\"og:description\" content=\"&quot;La Dra. Korn ofrece alternativas seguras y eficaces que restablecen la salud b\u00e1sica. Aqu\u00ed est\u00e1n las herramientas para crear salud&quot;. Norman Shealy, MD,\" \/>\n<meta property=\"og:url\" content=\"https:\/\/drkorndev.cwis.org\/es\/libros\/prevencion-y-tratamiento-de-la-diabetes-tipo-2-de-forma-natural-guia\/\" \/>\n<meta property=\"og:site_name\" content=\"Dr. Leslie Korn\" \/>\n<meta property=\"article:modified_time\" content=\"2023-09-28T09:54:15+00:00\" \/>\n<meta property=\"og:image\" content=\"https:\/\/drkorndev.cwis.org\/wp-content\/uploads\/2023\/08\/prevenir-tratar-diabetes-tipo-2-leslie-korn-768x1024.webp\" \/>\n<meta name=\"twitter:card\" content=\"summary_large_image\" \/>\n<meta name=\"twitter:label1\" content=\"Tiempo de lectura\" \/>\n\t<meta name=\"twitter:data1\" content=\"3 minutos\" \/>\n<script type=\"application\/ld+json\" class=\"yoast-schema-graph\">{\"@context\":\"https:\/\/schema.org\",\"@graph\":[{\"@type\":\"WebPage\",\"@id\":\"https:\/\/drkorndev.cwis.org\/es\/libros\/prevencion-y-tratamiento-de-la-diabetes-tipo-2-de-forma-natural-guia\/\",\"url\":\"https:\/\/drkorndev.cwis.org\/es\/libros\/prevencion-y-tratamiento-de-la-diabetes-tipo-2-de-forma-natural-guia\/\",\"name\":\"Prevenci\u00f3n y tratamiento de la diabetes tipo 2 de forma natural, por el Dr. Korn\",\"isPartOf\":{\"@id\":\"https:\/\/drkorn-original-bu.cwis.org\/#website\"},\"primaryImageOfPage\":{\"@id\":\"https:\/\/drkorndev.cwis.org\/es\/libros\/prevencion-y-tratamiento-de-la-diabetes-tipo-2-de-forma-natural-guia\/#primaryimage\"},\"image\":{\"@id\":\"https:\/\/drkorndev.cwis.org\/es\/libros\/prevencion-y-tratamiento-de-la-diabetes-tipo-2-de-forma-natural-guia\/#primaryimage\"},\"thumbnailUrl\":\"https:\/\/drkorn-original-bu.cwis.org\/wp-content\/uploads\/2023\/08\/prevenir-tratar-diabetes-tipo-2-leslie-korn-768x1024.webp\",\"datePublished\":\"2022-10-11T13:42:15+00:00\",\"dateModified\":\"2023-09-28T09:54:15+00:00\",\"description\":\"Descubre los enfoques integrativos m\u00e1s avanzados para prevenir la diabetes tipo 2, restablecer la salud e incluso revertir la diabetes.\",\"breadcrumb\":{\"@id\":\"https:\/\/drkorndev.cwis.org\/es\/libros\/prevencion-y-tratamiento-de-la-diabetes-tipo-2-de-forma-natural-guia\/#breadcrumb\"},\"inLanguage\":\"es\",\"potentialAction\":[{\"@type\":\"ReadAction\",\"target\":[\"https:\/\/drkorndev.cwis.org\/es\/libros\/prevencion-y-tratamiento-de-la-diabetes-tipo-2-de-forma-natural-guia\/\"]}]},{\"@type\":\"ImageObject\",\"inLanguage\":\"es\",\"@id\":\"https:\/\/drkorndev.cwis.org\/es\/libros\/prevencion-y-tratamiento-de-la-diabetes-tipo-2-de-forma-natural-guia\/#primaryimage\",\"url\":\"https:\/\/drkorn-original-bu.cwis.org\/wp-content\/uploads\/2023\/08\/prevenir-tratar-diabetes-tipo-2-leslie-korn-768x1024.webp\",\"contentUrl\":\"https:\/\/drkorn-original-bu.cwis.org\/wp-content\/uploads\/2023\/08\/prevenir-tratar-diabetes-tipo-2-leslie-korn-768x1024.webp\"},{\"@type\":\"BreadcrumbList\",\"@id\":\"https:\/\/drkorndev.cwis.org\/es\/libros\/prevencion-y-tratamiento-de-la-diabetes-tipo-2-de-forma-natural-guia\/#breadcrumb\",\"itemListElement\":[{\"@type\":\"ListItem\",\"position\":1,\"name\":\"Libros\",\"item\":\"https:\/\/drkorndev.cwis.org\/es\/libros\/\"},{\"@type\":\"ListItem\",\"position\":2,\"name\":\"Prevenci\u00f3n y tratamiento de la diabetes tipo 2 de forma natural: gu\u00eda\"}]},{\"@type\":\"WebSite\",\"@id\":\"https:\/\/drkorn-original-bu.cwis.org\/#website\",\"url\":\"https:\/\/drkorn-original-bu.cwis.org\/\",\"name\":\"Dr. Leslie Korn\",\"description\":\"Integrative Medicine with Heart\",\"publisher\":{\"@id\":\"https:\/\/drkorn-original-bu.cwis.org\/#organization\"},\"potentialAction\":[{\"@type\":\"SearchAction\",\"target\":{\"@type\":\"EntryPoint\",\"urlTemplate\":\"https:\/\/drkorn-original-bu.cwis.org\/?s={search_term_string}\"},\"query-input\":{\"@type\":\"PropertyValueSpecification\",\"valueRequired\":true,\"valueName\":\"search_term_string\"}}],\"inLanguage\":\"es\"},{\"@type\":\"Organization\",\"@id\":\"https:\/\/drkorn-original-bu.cwis.org\/#organization\",\"name\":\"Dr. Leslie Korn\",\"url\":\"https:\/\/drkorn-original-bu.cwis.org\/\",\"logo\":{\"@type\":\"ImageObject\",\"inLanguage\":\"es\",\"@id\":\"https:\/\/drkorn-original-bu.cwis.org\/#\/schema\/logo\/image\/\",\"url\":\"https:\/\/drkorn-original-bu.cwis.org\/wp-content\/uploads\/2022\/11\/Logo_highRess_horizontal.png\",\"contentUrl\":\"https:\/\/drkorn-original-bu.cwis.org\/wp-content\/uploads\/2022\/11\/Logo_highRess_horizontal.png\",\"width\":8001,\"height\":8001,\"caption\":\"Dr. Leslie Korn\"},\"image\":{\"@id\":\"https:\/\/drkorn-original-bu.cwis.org\/#\/schema\/logo\/image\/\"}}]}<\/script>\n<!-- \/ Yoast SEO Premium plugin. -->","yoast_head_json":{"title":"Prevenci\u00f3n y tratamiento de la diabetes tipo 2 de forma natural, por el Dr. Korn","description":"Descubre los enfoques integrativos m\u00e1s avanzados para prevenir la diabetes tipo 2, restablecer la salud e incluso revertir la diabetes.","robots":{"index":"noindex","follow":"follow","max-snippet":"max-snippet:-1","max-image-preview":"max-image-preview:large","max-video-preview":"max-video-preview:-1"},"og_locale":"es_ES","og_type":"article","og_title":"Prevenci\u00f3n y tratamiento de la diabetes tipo 2 de forma natural: gu\u00eda | Dr. Leslie Korn","og_description":"\"La Dra. Korn ofrece alternativas seguras y eficaces que restablecen la salud b\u00e1sica. Aqu\u00ed est\u00e1n las herramientas para crear salud\". Norman Shealy, MD,","og_url":"https:\/\/drkorndev.cwis.org\/es\/libros\/prevencion-y-tratamiento-de-la-diabetes-tipo-2-de-forma-natural-guia\/","og_site_name":"Dr. Leslie Korn","article_modified_time":"2023-09-28T09:54:15+00:00","og_image":[{"url":"https:\/\/drkorndev.cwis.org\/wp-content\/uploads\/2023\/08\/prevenir-tratar-diabetes-tipo-2-leslie-korn-768x1024.webp","type":"","width":"","height":""}],"twitter_card":"summary_large_image","twitter_misc":{"Tiempo de lectura":"3 minutos"},"schema":{"@context":"https:\/\/schema.org","@graph":[{"@type":"WebPage","@id":"https:\/\/drkorndev.cwis.org\/es\/libros\/prevencion-y-tratamiento-de-la-diabetes-tipo-2-de-forma-natural-guia\/","url":"https:\/\/drkorndev.cwis.org\/es\/libros\/prevencion-y-tratamiento-de-la-diabetes-tipo-2-de-forma-natural-guia\/","name":"Prevenci\u00f3n y tratamiento de la diabetes tipo 2 de forma natural, por el Dr. Korn","isPartOf":{"@id":"https:\/\/drkorn-original-bu.cwis.org\/#website"},"primaryImageOfPage":{"@id":"https:\/\/drkorndev.cwis.org\/es\/libros\/prevencion-y-tratamiento-de-la-diabetes-tipo-2-de-forma-natural-guia\/#primaryimage"},"image":{"@id":"https:\/\/drkorndev.cwis.org\/es\/libros\/prevencion-y-tratamiento-de-la-diabetes-tipo-2-de-forma-natural-guia\/#primaryimage"},"thumbnailUrl":"https:\/\/drkorn-original-bu.cwis.org\/wp-content\/uploads\/2023\/08\/prevenir-tratar-diabetes-tipo-2-leslie-korn-768x1024.webp","datePublished":"2022-10-11T13:42:15+00:00","dateModified":"2023-09-28T09:54:15+00:00","description":"Descubre los enfoques integrativos m\u00e1s avanzados para prevenir la diabetes tipo 2, restablecer la salud e incluso revertir la diabetes.","breadcrumb":{"@id":"https:\/\/drkorndev.cwis.org\/es\/libros\/prevencion-y-tratamiento-de-la-diabetes-tipo-2-de-forma-natural-guia\/#breadcrumb"},"inLanguage":"es","potentialAction":[{"@type":"ReadAction","target":["https:\/\/drkorndev.cwis.org\/es\/libros\/prevencion-y-tratamiento-de-la-diabetes-tipo-2-de-forma-natural-guia\/"]}]},{"@type":"ImageObject","inLanguage":"es","@id":"https:\/\/drkorndev.cwis.org\/es\/libros\/prevencion-y-tratamiento-de-la-diabetes-tipo-2-de-forma-natural-guia\/#primaryimage","url":"https:\/\/drkorn-original-bu.cwis.org\/wp-content\/uploads\/2023\/08\/prevenir-tratar-diabetes-tipo-2-leslie-korn-768x1024.webp","contentUrl":"https:\/\/drkorn-original-bu.cwis.org\/wp-content\/uploads\/2023\/08\/prevenir-tratar-diabetes-tipo-2-leslie-korn-768x1024.webp"},{"@type":"BreadcrumbList","@id":"https:\/\/drkorndev.cwis.org\/es\/libros\/prevencion-y-tratamiento-de-la-diabetes-tipo-2-de-forma-natural-guia\/#breadcrumb","itemListElement":[{"@type":"ListItem","position":1,"name":"Libros","item":"https:\/\/drkorndev.cwis.org\/es\/libros\/"},{"@type":"ListItem","position":2,"name":"Prevenci\u00f3n y tratamiento de la diabetes tipo 2 de forma natural: gu\u00eda"}]},{"@type":"WebSite","@id":"https:\/\/drkorn-original-bu.cwis.org\/#website","url":"https:\/\/drkorn-original-bu.cwis.org\/","name":"Dr. Leslie Korn","description":"Integrative Medicine with Heart","publisher":{"@id":"https:\/\/drkorn-original-bu.cwis.org\/#organization"},"potentialAction":[{"@type":"SearchAction","target":{"@type":"EntryPoint","urlTemplate":"https:\/\/drkorn-original-bu.cwis.org\/?s={search_term_string}"},"query-input":{"@type":"PropertyValueSpecification","valueRequired":true,"valueName":"search_term_string"}}],"inLanguage":"es"},{"@type":"Organization","@id":"https:\/\/drkorn-original-bu.cwis.org\/#organization","name":"Dr. Leslie Korn","url":"https:\/\/drkorn-original-bu.cwis.org\/","logo":{"@type":"ImageObject","inLanguage":"es","@id":"https:\/\/drkorn-original-bu.cwis.org\/#\/schema\/logo\/image\/","url":"https:\/\/drkorn-original-bu.cwis.org\/wp-content\/uploads\/2022\/11\/Logo_highRess_horizontal.png","contentUrl":"https:\/\/drkorn-original-bu.cwis.org\/wp-content\/uploads\/2022\/11\/Logo_highRess_horizontal.png","width":8001,"height":8001,"caption":"Dr. Leslie Korn"},"image":{"@id":"https:\/\/drkorn-original-bu.cwis.org\/#\/schema\/logo\/image\/"}}]}},"_links":{"self":[{"href":"https:\/\/drkorn-original-bu.cwis.org\/es\/wp-json\/wp\/v2\/pages\/37771","targetHints":{"allow":["GET"]}}],"collection":[{"href":"https:\/\/drkorn-original-bu.cwis.org\/es\/wp-json\/wp\/v2\/pages"}],"about":[{"href":"https:\/\/drkorn-original-bu.cwis.org\/es\/wp-json\/wp\/v2\/types\/page"}],"author":[{"embeddable":true,"href":"https:\/\/drkorn-original-bu.cwis.org\/es\/wp-json\/wp\/v2\/users\/20"}],"replies":[{"embeddable":true,"href":"https:\/\/drkorn-original-bu.cwis.org\/es\/wp-json\/wp\/v2\/comments?post=37771"}],"version-history":[{"count":0,"href":"https:\/\/drkorn-original-bu.cwis.org\/es\/wp-json\/wp\/v2\/pages\/37771\/revisions"}],"up":[{"embeddable":true,"href":"https:\/\/drkorn-original-bu.cwis.org\/es\/wp-json\/wp\/v2\/pages\/37763"}],"wp:attachment":[{"href":"https:\/\/drkorn-original-bu.cwis.org\/es\/wp-json\/wp\/v2\/media?parent=37771"}],"curies":[{"name":"wp","href":"https:\/\/api.w.org\/{rel}","templated":true}]}}