{"id":37756,"date":"2022-11-24T11:31:26","date_gmt":"2022-11-24T11:31:26","guid":{"rendered":"https:\/\/drkorn-original-bu.cwis.org\/acerca-de-mi\/acerca-de-mi\/biografia\/"},"modified":"2023-09-05T06:10:18","modified_gmt":"2023-09-05T06:10:18","slug":"biografia","status":"publish","type":"page","link":"https:\/\/drkorn-original-bu.cwis.org\/es\/acerca-de-mi\/dra-leslie-korn\/biografia\/","title":{"rendered":"Biograf\u00eda"},"content":{"rendered":"\n<div class=\"wp-block-group alignfull grp-legl-sec sticker has-background\" style=\"background-color:#eae1d5\"><div class=\"wp-block-group__inner-container is-layout-flow wp-block-group-is-layout-flow\">\n<div class=\"wp-block-columns cont-inn-nvs is-layout-flex wp-container-core-columns-is-layout-9d6595d7 wp-block-columns-is-layout-flex\">\n<div class=\"wp-block-column is-layout-flow wp-block-column-is-layout-flow\" style=\"flex-basis:27.33%\">\n<p class=\"head-cont\" id=\"h-contact\">Dra. Leslie Korn<\/p>\n<\/div>\n\n\n\n<div class=\"wp-block-column is-vertically-aligned-center cont-banner-rgt-clm m2b-list is-layout-flow wp-block-column-is-layout-flow\" style=\"flex-basis:76.66%\">\n<ul class=\"cm-mnlist f-size14 wp-block-list\">\n<li><a href=\"https:\/\/drkorn-original-bu.cwis.org\/es\/acerca-de-mi\/dra-leslie-korn\/\">ACERCA DE M\u00cd<\/a><\/li>\n\n\n\n<li class=\"active\"><a href=\"https:\/\/drkorn-original-bu.cwis.org\/es\/acerca-de-mi\/dra-leslie-korn\/biografia\/\">BIOGRAF\u00cdA<\/a><\/li>\n\n\n\n<li><a href=\"https:\/\/drkorn-original-bu.cwis.org\/es\/acerca-de-mi\/dra-leslie-korn\/mis-credenciales\/\">CREDENCIALES<\/a><\/li>\n\n\n\n<li><a href=\"https:\/\/drkorn-original-bu.cwis.org\/es\/acerca-de-mi\/dra-leslie-korn\/kit-de-prensa\/\">KIT DE PRENSA<\/a><\/li>\n\n\n\n<li><a href=\"https:\/\/drkorn-original-bu.cwis.org\/es\/acerca-de-mi\/dra-leslie-korn\/articulos-academicos\/\"><a href=\"https:\/\/drkorn-original-bu.cwis.org\/es\/acerca-de-mi\/dra-leslie-korn\/articulos-academicos\/\">ART\u00cdCULOS ACAD\u00c9MICOS<\/a><\/a><\/li>\n\n\n\n<li><a href=\"https:\/\/www.cwis.org\/\" target=\"_blank\" rel=\"noreferrer noopener\">MI TRABAJO SIN FINES DE LUCRO<\/a><\/li>\n<\/ul>\n<\/div>\n<\/div>\n<\/div><\/div>\n\n\n\n<div class=\"wp-block-cover alignfull is-light about-banner for-desk\" style=\"min-height:600px;aspect-ratio:unset;\"><span aria-hidden=\"true\" class=\"wp-block-cover__background has-background-dim-0 has-background-dim\"><\/span><img loading=\"lazy\" decoding=\"async\" width=\"2560\" height=\"1097\" class=\"wp-block-cover__image-background wp-image-35355\" alt=\"\" src=\"https:\/\/drkorn-original-bu.cwis.org\/wp-content\/uploads\/2023\/01\/bio-dr-leslie-korn-integrative-medicine-scaled.webp\" data-object-fit=\"cover\" srcset=\"https:\/\/drkorn-original-bu.cwis.org\/wp-content\/uploads\/2023\/01\/bio-dr-leslie-korn-integrative-medicine-scaled.webp 2560w, https:\/\/drkorn-original-bu.cwis.org\/wp-content\/uploads\/2023\/01\/bio-dr-leslie-korn-integrative-medicine-784x336.webp 784w, https:\/\/drkorn-original-bu.cwis.org\/wp-content\/uploads\/2023\/01\/bio-dr-leslie-korn-integrative-medicine-1024x439.webp 1024w, https:\/\/drkorn-original-bu.cwis.org\/wp-content\/uploads\/2023\/01\/bio-dr-leslie-korn-integrative-medicine-768x329.webp 768w, https:\/\/drkorn-original-bu.cwis.org\/wp-content\/uploads\/2023\/01\/bio-dr-leslie-korn-integrative-medicine-1536x658.webp 1536w, https:\/\/drkorn-original-bu.cwis.org\/wp-content\/uploads\/2023\/01\/bio-dr-leslie-korn-integrative-medicine-2048x877.webp 2048w\" sizes=\"auto, (max-width: 2560px) 100vw, 2560px\" \/><div class=\"wp-block-cover__inner-container is-layout-flow wp-block-cover-is-layout-flow\">\n<p class=\"has-text-align-center has-large-font-size\"><\/p>\n<\/div><\/div>\n\n\n\n<div class=\"wp-block-cover alignfull is-light about-banner for-mob\" style=\"min-height:480px;aspect-ratio:unset;\"><span aria-hidden=\"true\" class=\"wp-block-cover__background has-background-dim-0 has-background-dim\"><\/span><img loading=\"lazy\" decoding=\"async\" width=\"2560\" height=\"1097\" class=\"wp-block-cover__image-background wp-image-35355\" alt=\"\" src=\"https:\/\/drkorn-original-bu.cwis.org\/wp-content\/uploads\/2023\/01\/bio-dr-leslie-korn-integrative-medicine-scaled.webp\" data-object-fit=\"cover\" srcset=\"https:\/\/drkorn-original-bu.cwis.org\/wp-content\/uploads\/2023\/01\/bio-dr-leslie-korn-integrative-medicine-scaled.webp 2560w, https:\/\/drkorn-original-bu.cwis.org\/wp-content\/uploads\/2023\/01\/bio-dr-leslie-korn-integrative-medicine-784x336.webp 784w, https:\/\/drkorn-original-bu.cwis.org\/wp-content\/uploads\/2023\/01\/bio-dr-leslie-korn-integrative-medicine-1024x439.webp 1024w, https:\/\/drkorn-original-bu.cwis.org\/wp-content\/uploads\/2023\/01\/bio-dr-leslie-korn-integrative-medicine-768x329.webp 768w, https:\/\/drkorn-original-bu.cwis.org\/wp-content\/uploads\/2023\/01\/bio-dr-leslie-korn-integrative-medicine-1536x658.webp 1536w, https:\/\/drkorn-original-bu.cwis.org\/wp-content\/uploads\/2023\/01\/bio-dr-leslie-korn-integrative-medicine-2048x877.webp 2048w\" sizes=\"auto, (max-width: 2560px) 100vw, 2560px\" \/><div class=\"wp-block-cover__inner-container is-layout-flow wp-block-cover-is-layout-flow\">\n<p class=\"has-text-align-center has-large-font-size\"><\/p>\n<\/div><\/div>\n\n\n\n<div style=\"height:40px\" aria-hidden=\"true\" class=\"wp-block-spacer\"><\/div>\n\n\n\n<div class=\"wp-block-group alignfull Nonprofit-work-content-sec\"><div class=\"wp-block-group__inner-container is-layout-flow wp-block-group-is-layout-flow\">\n<div class=\"wp-block-columns is-layout-flex wp-container-core-columns-is-layout-9d6595d7 wp-block-columns-is-layout-flex\">\n<div class=\"wp-block-column left-col is-layout-flow wp-block-column-is-layout-flow\">\n<h1 class=\"wp-block-heading heading\" id=\"h-mi-biografia\">Mi biograf\u00eda<\/h1>\n\n\n\n<div style=\"height:40px\" aria-hidden=\"true\" class=\"wp-block-spacer\"><\/div>\n\n\n\n<p>Comenc\u00e9 mi formaci\u00f3n en la selva de M\u00e9xico hace m\u00e1s de 45 a\u00f1os, y complet\u00e9 mi formaci\u00f3n en la selva de la Facultad de Medicina de Harvard.<\/p>\n\n\n\n<p>Soy m\u00e9dica cl\u00ednica de medicina integrativa, cient\u00edfica, educadora y autora especializada en la intersecci\u00f3n del trauma, la cognici\u00f3n y la enfermedad f\u00edsica cr\u00f3nica. Me he dedicado a la pr\u00e1ctica cl\u00ednica por m\u00e1s de 40 a\u00f1os.<\/p>\n\n\n\n<p>Soy psicoterapeuta licenciada, certificada en nutrici\u00f3n funcional, acreditada tanto en terapia de polaridad como en terapia de masaje y trabajo corporal, y soy supervisora cl\u00ednica nacional acreditada.<\/p>\n\n\n\n<p>Tengo una consulta privada en la que trabajo con clientes para mejorar su salud mental y reducir o eliminar medicamentos utilizando medicinas naturales. Tambi\u00e9n soy mentora de m\u00e9dicos que quieren entrar en este campo y proporciono supervisi\u00f3n a m\u00e9dicos que ya trabajan en este campo.<\/p>\n<\/div>\n<\/div>\n<\/div><\/div>\n\n\n\n<div class=\"wp-block-group alignfull about-logo-sec has-white-background-color has-background\"><div class=\"wp-block-group__inner-container is-layout-flow wp-block-group-is-layout-flow\">\n<h2 class=\"wp-block-heading has-text-align-center main-head\" id=\"h-mi-educacion\">Mi educaci\u00f3n<\/h2>\n\n\n\n<div class=\"wp-block-columns is-layout-flex wp-container-core-columns-is-layout-9d6595d7 wp-block-columns-is-layout-flex\">\n<div class=\"wp-block-column is-layout-flow wp-block-column-is-layout-flow\"><div class=\"wp-block-image\">\n<figure class=\"aligncenter size-full\"><img loading=\"lazy\" decoding=\"async\" width=\"339\" height=\"120\" src=\"https:\/\/drkorn-original-bu.cwis.org\/wp-content\/uploads\/2022\/07\/psychANP.png\" alt=\"\" class=\"wp-image-33052\"\/><\/figure>\n<\/div><\/div>\n\n\n\n<div class=\"wp-block-column is-layout-flow wp-block-column-is-layout-flow\"><div class=\"wp-block-image\">\n<figure class=\"aligncenter size-full\"><img loading=\"lazy\" decoding=\"async\" width=\"222\" height=\"96\" src=\"https:\/\/drkorn-original-bu.cwis.org\/wp-content\/uploads\/2022\/07\/nta-logo.png\" alt=\"\" class=\"wp-image-32828\"\/><\/figure>\n<\/div><\/div>\n\n\n\n<div class=\"wp-block-column is-layout-flow wp-block-column-is-layout-flow\"><div class=\"wp-block-image\">\n<figure class=\"aligncenter size-full is-resized\"><img loading=\"lazy\" decoding=\"async\" src=\"https:\/\/drkorn-original-bu.cwis.org\/wp-content\/uploads\/2022\/10\/Logo-board-certification-therapeutic.png\" alt=\"Logo board-certification-therapeutic\" class=\"wp-image-33694\" style=\"width:64px;height:64px\" width=\"64\" height=\"64\" srcset=\"https:\/\/drkorn-original-bu.cwis.org\/wp-content\/uploads\/2022\/10\/Logo-board-certification-therapeutic.png 800w, https:\/\/drkorn-original-bu.cwis.org\/wp-content\/uploads\/2022\/10\/Logo-board-certification-therapeutic-522x522.png 522w, https:\/\/drkorn-original-bu.cwis.org\/wp-content\/uploads\/2022\/10\/Logo-board-certification-therapeutic-150x150.png 150w, https:\/\/drkorn-original-bu.cwis.org\/wp-content\/uploads\/2022\/10\/Logo-board-certification-therapeutic-768x768.png 768w\" sizes=\"auto, (max-width: 64px) 100vw, 64px\" \/><\/figure>\n<\/div><\/div>\n\n\n\n<div class=\"wp-block-column is-layout-flow wp-block-column-is-layout-flow\"><div class=\"wp-block-image\">\n<figure class=\"aligncenter size-full\"><img loading=\"lazy\" decoding=\"async\" width=\"345\" height=\"120\" src=\"https:\/\/drkorn-original-bu.cwis.org\/wp-content\/uploads\/2022\/07\/IM4US.png\" alt=\"\" class=\"wp-image-33053\"\/><\/figure>\n<\/div><\/div>\n<\/div>\n<\/div><\/div>\n\n\n\n<div class=\"wp-block-group alignfull about-third-sec\" id=\"story1\"><div class=\"wp-block-group__inner-container is-layout-flow wp-block-group-is-layout-flow\">\n<h2 class=\"wp-block-heading head\" id=\"h-\"><\/h2>\n\n\n\n<p>Tengo un doctorado en medicina conductual del Instituto y Universidad de la Uni\u00f3n, una maestr\u00eda en salud p\u00fablica de la Escuela de Salud P\u00fablica de la Universidad de Harvard, donde me form\u00e9 en nutrici\u00f3n, y una maestr\u00eda en psicolog\u00eda intercultural de la salud de la Universidad Lesley. <\/p>\n\n\n\n<p>Obtuve una beca cl\u00ednica en el Departamento de Psiquiatr\u00eda de la Facultad de Medicina de Harvard, donde introduje las terapias som\u00e1ticas para la salud mental y m\u00e1s tarde fui nombrada supervisora cl\u00ednica. Realic\u00e9 pr\u00e1cticas cl\u00ednicas en psicogeriatr\u00eda en el Centro M\u00e9dico de la Universidad de Boston y en la Cl\u00ednica de Traumatolog\u00eda del Hospital General de Massachusetts.<\/p>\n\n\n\n<p>Fui becaria Fulbright de investigaci\u00f3n en Medicina Tradicional de M\u00e9xico y cient\u00edfica financiada por los Institutos Nacionales de la Salud (NIH) en medicina mente-cuerpo. He formado parte del cuerpo docente de la Escuela de Acupuntura de Nueva Inglaterra, el Colegio Nacional de Medicina Naturop\u00e1tica, el Instituto de Estudios Integrales de California y la Universidad Capella. <\/p>\n\n\n\n<p>Soy directora de investigaci\u00f3n en el Centro de estudios ind\u00edgenas del mundo (CWIS), una organizaci\u00f3n nativo americana sin fines de lucro centrada en la justicia social y la consulta a comunidades ind\u00edgenas sobre estrategias de revitalizaci\u00f3n mediante el uso de la medicina tradicional y las pr\u00e1cticas herbarias y culinarias.<\/p>\n\n\n\n<p>Soy autora de 10 libros, entre ellos <a href=\"https:\/\/drkorn-original-bu.cwis.org\/es\/libros\/el-modelo-del-arcoiris-del-cerebro-una-guia-clinica-de-medicina-integral-y-nutricion\/\">The Brainbow Blueprint: Una gu\u00eda cl\u00ednica de medicina integrativa y nutrici\u00f3n para el bienestar mental<\/a>, <a href=\"https:\/\/drkorn-original-bu.cwis.org\/es\/libros\/esenciales-de-nutricion-para-la-salud-mental-guia-conexion-entre-alimentos-y-estado-de-animo\/\">Nutrition Essentials for Mental Health: Una gu\u00eda completa de la conexi\u00f3n entre la alimentaci\u00f3n y el estado de \u00e1nimo<\/a>, <a href=\"https:\/\/drkorn-original-bu.cwis.org\/es\/libros\/ritmos-recuperacion-medicina-integrativa-ptsd-complejo-trauma\/\">Rhythms of Recovery: Medicina integrativa para el trastorno de estr\u00e9s postraum\u00e1tico y el trauma complejo<\/a>, el biling\u00fce <a href=\"https:\/\/drkorn-original-bu.cwis.org\/es\/libros\/medicinas-de-la-selva-oeste-de-mexico\/\">Medicinas de la Selva<\/a>, <a href=\"https:\/\/drkorn-original-bu.cwis.org\/es\/libros\/the-good-mood-kitchen-simple-recipes-and-nutrition-tips-for-emotional-balance\/\">The Good Mood Kitchen<\/a> y <a href=\"https:\/\/drkorn-original-bu.cwis.org\/es\/libros\/mujer-natural-remedios-herbales-para-una-salud-radiante-a-cualquier-edad-y-en-cualquier-etapa-de-la-vida\/\">Natural Woman<\/a>.<\/p>\n\n\n\n<p>Soy atleta competitiva retirada y herbolaria practicante a la que le encanta cocinar y trabajar con mis ayudantes caninos en mi consulta cl\u00ednica.<\/p>\n<\/div><\/div>\n","protected":false},"excerpt":{"rendered":"<p>Dra. Leslie Korn Mi biograf\u00eda Comenc\u00e9 mi formaci\u00f3n en la selva de M\u00e9xico hace m\u00e1s de 45 a\u00f1os, y complet\u00e9 mi formaci\u00f3n en la selva de la Facultad de Medicina [&hellip;]<\/p>\n","protected":false},"author":20,"featured_media":0,"parent":37749,"menu_order":0,"comment_status":"closed","ping_status":"closed","template":"","meta":{"_acf_changed":false,"inline_featured_image":false,"_genesis_hide_title":true,"_genesis_hide_breadcrumbs":false,"_genesis_hide_singular_image":false,"_genesis_hide_footer_widgets":false,"_genesis_custom_body_class":"about-page","_genesis_custom_post_class":"","_genesis_layout":"","footnotes":""},"class_list":{"0":"post-37756","1":"page","2":"type-page","3":"status-publish","5":"entry"},"acf":[],"yoast_head":"<!-- This site is optimized with the Yoast SEO Premium plugin v25.3 (Yoast SEO v25.3) - https:\/\/yoast.com\/wordpress\/plugins\/seo\/ -->\n<title>Mi biograf\u00eda - Dra. Leslie Korn<\/title>\n<meta name=\"description\" content=\"Comenc\u00e9 mi formaci\u00f3n en la selva de M\u00e9xico hace m\u00e1s de 45 a\u00f1os, y complet\u00e9 mi formaci\u00f3n en la selva de la Facultad de Medicina de Harvard.\" \/>\n<meta name=\"robots\" content=\"noindex, follow, max-snippet:-1, max-image-preview:large, max-video-preview:-1\" \/>\n<meta property=\"og:locale\" content=\"es_ES\" \/>\n<meta property=\"og:type\" content=\"article\" \/>\n<meta property=\"og:title\" content=\"Biograf\u00eda | Dr. Leslie Korn\" \/>\n<meta property=\"og:description\" content=\"Dra. Leslie Korn ACERCA DE M\u00cd BIOGRAF\u00cdA CREDENCIALES KIT DE PRENSA ART\u00cdCULOS ACAD\u00c9MICOS MI TRABAJO SIN FINES DE LUCRO Mi biograf\u00eda Comenc\u00e9 mi formaci\u00f3n en\" \/>\n<meta property=\"og:url\" content=\"https:\/\/drkorndev.cwis.org\/es\/acerca-de-mi\/dra-leslie-korn\/biografia\/\" \/>\n<meta property=\"og:site_name\" content=\"Dr. Leslie Korn\" \/>\n<meta property=\"article:modified_time\" content=\"2023-09-05T06:10:18+00:00\" \/>\n<meta property=\"og:image\" content=\"https:\/\/drkorndev.cwis.org\/wp-content\/uploads\/2023\/01\/bio-dr-leslie-korn-integrative-medicine-scaled.webp\" \/>\n<meta name=\"twitter:card\" content=\"summary_large_image\" \/>\n<meta name=\"twitter:label1\" content=\"Tiempo de lectura\" \/>\n\t<meta name=\"twitter:data1\" content=\"4 minutos\" \/>\n<script type=\"application\/ld+json\" class=\"yoast-schema-graph\">{\"@context\":\"https:\/\/schema.org\",\"@graph\":[{\"@type\":\"WebPage\",\"@id\":\"https:\/\/drkorndev.cwis.org\/es\/acerca-de-mi\/dra-leslie-korn\/biografia\/\",\"url\":\"https:\/\/drkorndev.cwis.org\/es\/acerca-de-mi\/dra-leslie-korn\/biografia\/\",\"name\":\"Mi biograf\u00eda - Dra. Leslie Korn\",\"isPartOf\":{\"@id\":\"https:\/\/drkorn-original-bu.cwis.org\/#website\"},\"primaryImageOfPage\":{\"@id\":\"https:\/\/drkorndev.cwis.org\/es\/acerca-de-mi\/dra-leslie-korn\/biografia\/#primaryimage\"},\"image\":{\"@id\":\"https:\/\/drkorndev.cwis.org\/es\/acerca-de-mi\/dra-leslie-korn\/biografia\/#primaryimage\"},\"thumbnailUrl\":\"https:\/\/drkorn-original-bu.cwis.org\/wp-content\/uploads\/2023\/01\/bio-dr-leslie-korn-integrative-medicine-scaled.webp\",\"datePublished\":\"2022-11-24T11:31:26+00:00\",\"dateModified\":\"2023-09-05T06:10:18+00:00\",\"description\":\"Comenc\u00e9 mi formaci\u00f3n en la selva de M\u00e9xico hace m\u00e1s de 45 a\u00f1os, y complet\u00e9 mi formaci\u00f3n en la selva de la Facultad de Medicina de Harvard.\",\"breadcrumb\":{\"@id\":\"https:\/\/drkorndev.cwis.org\/es\/acerca-de-mi\/dra-leslie-korn\/biografia\/#breadcrumb\"},\"inLanguage\":\"es\",\"potentialAction\":[{\"@type\":\"ReadAction\",\"target\":[\"https:\/\/drkorndev.cwis.org\/es\/acerca-de-mi\/dra-leslie-korn\/biografia\/\"]}]},{\"@type\":\"ImageObject\",\"inLanguage\":\"es\",\"@id\":\"https:\/\/drkorndev.cwis.org\/es\/acerca-de-mi\/dra-leslie-korn\/biografia\/#primaryimage\",\"url\":\"https:\/\/drkorn-original-bu.cwis.org\/wp-content\/uploads\/2023\/01\/bio-dr-leslie-korn-integrative-medicine-scaled.webp\",\"contentUrl\":\"https:\/\/drkorn-original-bu.cwis.org\/wp-content\/uploads\/2023\/01\/bio-dr-leslie-korn-integrative-medicine-scaled.webp\"},{\"@type\":\"BreadcrumbList\",\"@id\":\"https:\/\/drkorndev.cwis.org\/es\/acerca-de-mi\/dra-leslie-korn\/biografia\/#breadcrumb\",\"itemListElement\":[{\"@type\":\"ListItem\",\"position\":1,\"name\":\"Acerca de m\u00ed\",\"item\":\"https:\/\/drkorndev.cwis.org\/es\/acerca-de-mi\/\"},{\"@type\":\"ListItem\",\"position\":2,\"name\":\"Acerca de m\u00ed\",\"item\":\"https:\/\/drkorndev.cwis.org\/es\/acerca-de-mi\/dra-leslie-korn\/\"},{\"@type\":\"ListItem\",\"position\":3,\"name\":\"Biograf\u00eda\"}]},{\"@type\":\"WebSite\",\"@id\":\"https:\/\/drkorn-original-bu.cwis.org\/#website\",\"url\":\"https:\/\/drkorn-original-bu.cwis.org\/\",\"name\":\"Dr. Leslie Korn\",\"description\":\"Integrative Medicine with Heart\",\"publisher\":{\"@id\":\"https:\/\/drkorn-original-bu.cwis.org\/#organization\"},\"potentialAction\":[{\"@type\":\"SearchAction\",\"target\":{\"@type\":\"EntryPoint\",\"urlTemplate\":\"https:\/\/drkorn-original-bu.cwis.org\/?s={search_term_string}\"},\"query-input\":{\"@type\":\"PropertyValueSpecification\",\"valueRequired\":true,\"valueName\":\"search_term_string\"}}],\"inLanguage\":\"es\"},{\"@type\":\"Organization\",\"@id\":\"https:\/\/drkorn-original-bu.cwis.org\/#organization\",\"name\":\"Dr. Leslie Korn\",\"url\":\"https:\/\/drkorn-original-bu.cwis.org\/\",\"logo\":{\"@type\":\"ImageObject\",\"inLanguage\":\"es\",\"@id\":\"https:\/\/drkorn-original-bu.cwis.org\/#\/schema\/logo\/image\/\",\"url\":\"https:\/\/drkorn-original-bu.cwis.org\/wp-content\/uploads\/2022\/11\/Logo_highRess_horizontal.png\",\"contentUrl\":\"https:\/\/drkorn-original-bu.cwis.org\/wp-content\/uploads\/2022\/11\/Logo_highRess_horizontal.png\",\"width\":8001,\"height\":8001,\"caption\":\"Dr. Leslie Korn\"},\"image\":{\"@id\":\"https:\/\/drkorn-original-bu.cwis.org\/#\/schema\/logo\/image\/\"}}]}<\/script>\n<!-- \/ Yoast SEO Premium plugin. -->","yoast_head_json":{"title":"Mi biograf\u00eda - Dra. Leslie Korn","description":"Comenc\u00e9 mi formaci\u00f3n en la selva de M\u00e9xico hace m\u00e1s de 45 a\u00f1os, y complet\u00e9 mi formaci\u00f3n en la selva de la Facultad de Medicina de Harvard.","robots":{"index":"noindex","follow":"follow","max-snippet":"max-snippet:-1","max-image-preview":"max-image-preview:large","max-video-preview":"max-video-preview:-1"},"og_locale":"es_ES","og_type":"article","og_title":"Biograf\u00eda | Dr. Leslie Korn","og_description":"Dra. Leslie Korn ACERCA DE M\u00cd BIOGRAF\u00cdA CREDENCIALES KIT DE PRENSA ART\u00cdCULOS ACAD\u00c9MICOS MI TRABAJO SIN FINES DE LUCRO Mi biograf\u00eda Comenc\u00e9 mi formaci\u00f3n en","og_url":"https:\/\/drkorndev.cwis.org\/es\/acerca-de-mi\/dra-leslie-korn\/biografia\/","og_site_name":"Dr. Leslie Korn","article_modified_time":"2023-09-05T06:10:18+00:00","og_image":[{"url":"https:\/\/drkorndev.cwis.org\/wp-content\/uploads\/2023\/01\/bio-dr-leslie-korn-integrative-medicine-scaled.webp","type":"","width":"","height":""}],"twitter_card":"summary_large_image","twitter_misc":{"Tiempo de lectura":"4 minutos"},"schema":{"@context":"https:\/\/schema.org","@graph":[{"@type":"WebPage","@id":"https:\/\/drkorndev.cwis.org\/es\/acerca-de-mi\/dra-leslie-korn\/biografia\/","url":"https:\/\/drkorndev.cwis.org\/es\/acerca-de-mi\/dra-leslie-korn\/biografia\/","name":"Mi biograf\u00eda - Dra. Leslie Korn","isPartOf":{"@id":"https:\/\/drkorn-original-bu.cwis.org\/#website"},"primaryImageOfPage":{"@id":"https:\/\/drkorndev.cwis.org\/es\/acerca-de-mi\/dra-leslie-korn\/biografia\/#primaryimage"},"image":{"@id":"https:\/\/drkorndev.cwis.org\/es\/acerca-de-mi\/dra-leslie-korn\/biografia\/#primaryimage"},"thumbnailUrl":"https:\/\/drkorn-original-bu.cwis.org\/wp-content\/uploads\/2023\/01\/bio-dr-leslie-korn-integrative-medicine-scaled.webp","datePublished":"2022-11-24T11:31:26+00:00","dateModified":"2023-09-05T06:10:18+00:00","description":"Comenc\u00e9 mi formaci\u00f3n en la selva de M\u00e9xico hace m\u00e1s de 45 a\u00f1os, y complet\u00e9 mi formaci\u00f3n en la selva de la Facultad de Medicina de Harvard.","breadcrumb":{"@id":"https:\/\/drkorndev.cwis.org\/es\/acerca-de-mi\/dra-leslie-korn\/biografia\/#breadcrumb"},"inLanguage":"es","potentialAction":[{"@type":"ReadAction","target":["https:\/\/drkorndev.cwis.org\/es\/acerca-de-mi\/dra-leslie-korn\/biografia\/"]}]},{"@type":"ImageObject","inLanguage":"es","@id":"https:\/\/drkorndev.cwis.org\/es\/acerca-de-mi\/dra-leslie-korn\/biografia\/#primaryimage","url":"https:\/\/drkorn-original-bu.cwis.org\/wp-content\/uploads\/2023\/01\/bio-dr-leslie-korn-integrative-medicine-scaled.webp","contentUrl":"https:\/\/drkorn-original-bu.cwis.org\/wp-content\/uploads\/2023\/01\/bio-dr-leslie-korn-integrative-medicine-scaled.webp"},{"@type":"BreadcrumbList","@id":"https:\/\/drkorndev.cwis.org\/es\/acerca-de-mi\/dra-leslie-korn\/biografia\/#breadcrumb","itemListElement":[{"@type":"ListItem","position":1,"name":"Acerca de m\u00ed","item":"https:\/\/drkorndev.cwis.org\/es\/acerca-de-mi\/"},{"@type":"ListItem","position":2,"name":"Acerca de m\u00ed","item":"https:\/\/drkorndev.cwis.org\/es\/acerca-de-mi\/dra-leslie-korn\/"},{"@type":"ListItem","position":3,"name":"Biograf\u00eda"}]},{"@type":"WebSite","@id":"https:\/\/drkorn-original-bu.cwis.org\/#website","url":"https:\/\/drkorn-original-bu.cwis.org\/","name":"Dr. Leslie Korn","description":"Integrative Medicine with Heart","publisher":{"@id":"https:\/\/drkorn-original-bu.cwis.org\/#organization"},"potentialAction":[{"@type":"SearchAction","target":{"@type":"EntryPoint","urlTemplate":"https:\/\/drkorn-original-bu.cwis.org\/?s={search_term_string}"},"query-input":{"@type":"PropertyValueSpecification","valueRequired":true,"valueName":"search_term_string"}}],"inLanguage":"es"},{"@type":"Organization","@id":"https:\/\/drkorn-original-bu.cwis.org\/#organization","name":"Dr. Leslie Korn","url":"https:\/\/drkorn-original-bu.cwis.org\/","logo":{"@type":"ImageObject","inLanguage":"es","@id":"https:\/\/drkorn-original-bu.cwis.org\/#\/schema\/logo\/image\/","url":"https:\/\/drkorn-original-bu.cwis.org\/wp-content\/uploads\/2022\/11\/Logo_highRess_horizontal.png","contentUrl":"https:\/\/drkorn-original-bu.cwis.org\/wp-content\/uploads\/2022\/11\/Logo_highRess_horizontal.png","width":8001,"height":8001,"caption":"Dr. Leslie Korn"},"image":{"@id":"https:\/\/drkorn-original-bu.cwis.org\/#\/schema\/logo\/image\/"}}]}},"_links":{"self":[{"href":"https:\/\/drkorn-original-bu.cwis.org\/es\/wp-json\/wp\/v2\/pages\/37756","targetHints":{"allow":["GET"]}}],"collection":[{"href":"https:\/\/drkorn-original-bu.cwis.org\/es\/wp-json\/wp\/v2\/pages"}],"about":[{"href":"https:\/\/drkorn-original-bu.cwis.org\/es\/wp-json\/wp\/v2\/types\/page"}],"author":[{"embeddable":true,"href":"https:\/\/drkorn-original-bu.cwis.org\/es\/wp-json\/wp\/v2\/users\/20"}],"replies":[{"embeddable":true,"href":"https:\/\/drkorn-original-bu.cwis.org\/es\/wp-json\/wp\/v2\/comments?post=37756"}],"version-history":[{"count":0,"href":"https:\/\/drkorn-original-bu.cwis.org\/es\/wp-json\/wp\/v2\/pages\/37756\/revisions"}],"up":[{"embeddable":true,"href":"https:\/\/drkorn-original-bu.cwis.org\/es\/wp-json\/wp\/v2\/pages\/37749"}],"wp:attachment":[{"href":"https:\/\/drkorn-original-bu.cwis.org\/es\/wp-json\/wp\/v2\/media?parent=37756"}],"curies":[{"name":"wp","href":"https:\/\/api.w.org\/{rel}","templated":true}]}}