{"id":37745,"date":"2022-07-18T06:40:14","date_gmt":"2022-07-18T06:40:14","guid":{"rendered":"https:\/\/drkorn-original-bu.cwis.org\/trabaja-conmigo\/asesoria-avanzada-y-supervision-clinica\/"},"modified":"2023-09-14T13:25:05","modified_gmt":"2023-09-14T13:25:05","slug":"asesoria-avanzada-y-supervision-clinica","status":"publish","type":"page","link":"https:\/\/drkorn-original-bu.cwis.org\/es\/trabaja-conmigo\/asesoria-avanzada-y-supervision-clinica\/","title":{"rendered":"Asesor\u00eda avanzada y supervisi\u00f3n cl\u00ednica"},"content":{"rendered":"\n<div class=\"wp-block-group alignfull grp-legl-sec sticker has-background\" style=\"background-color:#eae1d5\"><div class=\"wp-block-group__inner-container is-layout-flow wp-block-group-is-layout-flow\">\n<div class=\"wp-block-columns cont-inn-nvs is-layout-flex wp-container-core-columns-is-layout-9d6595d7 wp-block-columns-is-layout-flex\">\n<div class=\"wp-block-column is-layout-flow wp-block-column-is-layout-flow\" style=\"flex-basis:27.33%\">\n<p class=\"head-cont\" id=\"h-contact\"><strong>TRABAJA CONMIGO<\/strong><\/p>\n<\/div>\n\n\n\n<div class=\"wp-block-column is-vertically-aligned-center cont-banner-rgt-clm m2b-list is-layout-flow wp-block-column-is-layout-flow\" style=\"flex-basis:76.66%\">\n<ul class=\"cm-mnlist wp-block-list\">\n<li><a href=\"https:\/\/drkorn-original-bu.cwis.org\/es\/trabaja-conmigo\/consulta-de-salud\/\">Consulta de salud<\/a><\/li>\n\n\n\n<li><a href=\"https:\/\/drkorn-original-bu.cwis.org\/es\/trabaja-conmigo\/orientacion-profesional\/\">Orientaci\u00f3n profesional<\/a><\/li>\n\n\n\n<li><a href=\"https:\/\/drkorn-original-bu.cwis.org\/es\/trabaja-conmigo\/desarrollo-profesional\/\">Desarrollo profesional<\/a><\/li>\n\n\n\n<li class=\"active\"><a href=\"https:\/\/drkorn-original-bu.cwis.org\/es\/trabaja-conmigo\/asesoria-avanzada-y-supervision-clinica\/\">Asesor\u00eda avanzada<\/a><\/li>\n<\/ul>\n<\/div>\n<\/div>\n<\/div><\/div>\n\n\n\n<div class=\"wp-block-cover alignfull is-light coaching-page-banner\" style=\"min-height:596px;aspect-ratio:unset;\"><span aria-hidden=\"true\" class=\"wp-block-cover__background has-background-dim-0 has-background-dim\"><\/span><img loading=\"lazy\" decoding=\"async\" width=\"2560\" height=\"1097\" class=\"wp-block-cover__image-background wp-image-35399\" alt=\"\" src=\"https:\/\/drkorn-original-bu.cwis.org\/wp-content\/uploads\/2023\/01\/coaching-clinical-supervision-integrative-medicine-scaled.webp\" data-object-fit=\"cover\" srcset=\"https:\/\/drkorn-original-bu.cwis.org\/wp-content\/uploads\/2023\/01\/coaching-clinical-supervision-integrative-medicine-scaled.webp 2560w, https:\/\/drkorn-original-bu.cwis.org\/wp-content\/uploads\/2023\/01\/coaching-clinical-supervision-integrative-medicine-784x336.webp 784w, https:\/\/drkorn-original-bu.cwis.org\/wp-content\/uploads\/2023\/01\/coaching-clinical-supervision-integrative-medicine-1024x439.webp 1024w, https:\/\/drkorn-original-bu.cwis.org\/wp-content\/uploads\/2023\/01\/coaching-clinical-supervision-integrative-medicine-768x329.webp 768w, https:\/\/drkorn-original-bu.cwis.org\/wp-content\/uploads\/2023\/01\/coaching-clinical-supervision-integrative-medicine-1536x658.webp 1536w, https:\/\/drkorn-original-bu.cwis.org\/wp-content\/uploads\/2023\/01\/coaching-clinical-supervision-integrative-medicine-2048x877.webp 2048w\" sizes=\"auto, (max-width: 2560px) 100vw, 2560px\" \/><div class=\"wp-block-cover__inner-container is-layout-flow wp-block-cover-is-layout-flow\">\n<div class=\"wp-block-columns is-layout-flex wp-container-core-columns-is-layout-9d6595d7 wp-block-columns-is-layout-flex\">\n<div class=\"wp-block-column is-layout-flow wp-block-column-is-layout-flow\"><\/div>\n\n\n\n<div class=\"wp-block-column right-col is-layout-flow wp-block-column-is-layout-flow\">\n<h1 class=\"wp-block-heading has-text-align-center main-head has-text-color\" id=\"h-asesoria-avanzada-y-supervision-clinica\" style=\"color:#111111\">Asesor\u00eda avanzada y supervisi\u00f3n cl\u00ednica<\/h1>\n\n\n\n<p class=\"has-text-align-center name-head has-text-color\" style=\"color:#111111\">con la Dra. Leslie Korn<\/p>\n\n\n\n<p class=\"has-text-align-center sub-head has-text-color\" style=\"color:#111111\">Genera confianza <br>mientras construyes tu pr\u00e1ctica integrativa<\/p>\n<\/div>\n<\/div>\n<\/div><\/div>\n\n\n\n<div style=\"height:40px\" aria-hidden=\"true\" class=\"wp-block-spacer\"><\/div>\n\n\n\n<div class=\"wp-block-group content-sec\"><div class=\"wp-block-group__inner-container is-layout-flow wp-block-group-is-layout-flow\">\n<h2 class=\"wp-block-heading has-text-align-left\" id=\"h-asegurate-de-que-lo-estas-haciendo-bien\">Aseg\u00farate de que lo est\u00e1s haciendo bien<\/h2>\n\n\n\n<p class=\"sub-Head\">Muchos profesionales tienen problemas para construir una pr\u00e1ctica integrativa. Es un campo complejo y multifac\u00e9tico, y se necesita tiempo para obtener experiencia y generar confianza.<\/p>\n\n\n\n<p class=\"sub-Head\">Yo tuve la suerte de contar con excelentes asesores y supervisores cuando estaba construyendo mi pr\u00e1ctica. Ahora estoy compartiendo mi sabidur\u00eda y metodolog\u00eda con profesionales nuevos y experimentados. <\/p>\n\n\n\n<p class=\"sub-Head\">Estoy disponible para supervisi\u00f3n cl\u00ednica y asesor\u00eda avanzada, para ayudarte a ganar confianza mientras aplicas el <a href=\"https:\/\/drkorn-original-bu.cwis.org\/es\/acerca-de-mi\/modelo-arcoiris-cerebro\/\"><strong>Modelo del arcoiris del cerebro<\/strong><\/a><sup><sup>\u00ae<\/sup><\/sup> con tus clientes.<\/p>\n\n\n\n<p class=\"mg-bt sub-Head\">Te ofrezco dos opciones\u2026<\/p>\n<\/div><\/div>\n\n\n\n<div style=\"height:40px\" aria-hidden=\"true\" class=\"wp-block-spacer\"><\/div>\n\n\n\n<div class=\"wp-block-group alignfull img-content-sec\"><div class=\"wp-block-group__inner-container is-layout-flow wp-block-group-is-layout-flow\">\n<div class=\"wp-block-columns is-layout-flex wp-container-core-columns-is-layout-9d6595d7 wp-block-columns-is-layout-flex\">\n<div class=\"wp-block-column is-layout-flow wp-block-column-is-layout-flow\">\n<figure class=\"wp-block-image size-large\"><img loading=\"lazy\" decoding=\"async\" width=\"1024\" height=\"1024\" src=\"https:\/\/drkorn-original-bu.cwis.org\/wp-content\/uploads\/2022\/07\/coaching-supervision-integrative-medicine-nutrition-1024x1024.jpg\" alt=\"coaching-supervision-integrative-medicine-nutrition\" class=\"wp-image-32770\" srcset=\"https:\/\/drkorn-original-bu.cwis.org\/wp-content\/uploads\/2022\/07\/coaching-supervision-integrative-medicine-nutrition-1024x1024.jpg 1024w, https:\/\/drkorn-original-bu.cwis.org\/wp-content\/uploads\/2022\/07\/coaching-supervision-integrative-medicine-nutrition-522x522.jpg 522w, https:\/\/drkorn-original-bu.cwis.org\/wp-content\/uploads\/2022\/07\/coaching-supervision-integrative-medicine-nutrition-150x150.jpg 150w, https:\/\/drkorn-original-bu.cwis.org\/wp-content\/uploads\/2022\/07\/coaching-supervision-integrative-medicine-nutrition-768x768.jpg 768w, https:\/\/drkorn-original-bu.cwis.org\/wp-content\/uploads\/2022\/07\/coaching-supervision-integrative-medicine-nutrition-1536x1536.jpg 1536w, https:\/\/drkorn-original-bu.cwis.org\/wp-content\/uploads\/2022\/07\/coaching-supervision-integrative-medicine-nutrition-2048x2048.jpg 2048w\" sizes=\"auto, (max-width: 1024px) 100vw, 1024px\" \/><\/figure>\n<\/div>\n\n\n\n<div class=\"wp-block-column is-vertically-aligned-center right-col is-layout-flow wp-block-column-is-layout-flow\">\n<h2 class=\"wp-block-heading\" id=\"h-1-asesoria-uno-a-uno-y-supervision-clinica\">1. Asesor\u00eda uno a uno y supervisi\u00f3n cl\u00ednica<\/h2>\n\n\n\n<p class=\"sub-Head\">Podemos programar sesiones uno a uno de asesor\u00eda avanzada o de supervisi\u00f3n cl\u00ednica. Recibir\u00e1s el 100% de mi tiempo y atenci\u00f3n. Nos conectaremos a trav\u00e9s de Zoom.<\/p>\n\n\n\n<p class=\"sub-Head\"><a href=\"https:\/\/drkorn-original-bu.cwis.org\/es\/trabaja-conmigo\/mi-proceso-y-tarifas-para-la-asesoria-personalizada-y-supervision-clinica\/\"><strong>Conoce mi proceso y tarifas<\/strong><\/a><\/p>\n\n\n\n<div class=\"wp-block-buttons is-layout-flex wp-block-buttons-is-layout-flex\">\n<div class=\"wp-block-button\"><a class=\"wp-block-button__link wp-element-button\" href=\"https:\/\/drkorn-original-bu.cwis.org\/es\/trabaja-conmigo\/agenda-una-cita\/\">Agenda una cita<\/a><\/div>\n<\/div>\n<\/div>\n<\/div>\n<\/div><\/div>\n\n\n\n<div class=\"wp-block-group advance-content-sec\"><div class=\"wp-block-group__inner-container is-layout-flow wp-block-group-is-layout-flow\">\n<h2 class=\"wp-block-heading\">2. Asesor\u00eda avanzada en grupos<\/h2>\n\n\n\n<p class=\"sub-Head\">Una vez que tengas tu primera <strong><a href=\"\/es\/courses\/\">certificaci\u00f3n<\/a><\/strong>, puedes obtener acceso a mi curso en vivo <strong><a href=\"https:\/\/drkorn-original-bu.cwis.org\/es\/courses\/aplicaciones-avanzadas-de-la-medicina-integrativa-para-la-salud-mental-nivel-1\/\">\u201cAplicaciones avanzadas de la medicina integrativa para la salud mental\u201d<\/a><\/strong>.<\/p>\n\n\n\n<p class=\"mg-bt sub-Head\">Como proveedores de la medicina integrativa para la salud mental, identificaremos y resolveremos los desaf\u00edos que encuentres dentro de los casos en los que est\u00e1s trabajando aplicando el Modelo del arcoiris del cerebro<sup>\u00ae<\/sup>. Aprender\u00e1s m\u00e9todos e intervenciones avanzados y ganar\u00e1s confianza al aplicarlos.<\/p>\n<\/div><\/div>\n\n\n\n<div style=\"height:64px\" aria-hidden=\"true\" class=\"wp-block-spacer\"><\/div>\n\n\n\n<div class=\"wp-block-cover alignfull is-light supervision-banner-img-sec\" style=\"min-height:601px;aspect-ratio:unset;\"><span aria-hidden=\"true\" class=\"wp-block-cover__background has-background-dim-0 has-background-dim\"><\/span><img loading=\"lazy\" decoding=\"async\" width=\"2560\" height=\"1098\" class=\"wp-block-cover__image-background wp-image-32779\" alt=\"dr-leslie-korn-coaching-supervision-integrative-medicine\" src=\"https:\/\/drkorn-original-bu.cwis.org\/wp-content\/uploads\/2022\/07\/dr-leslie-korn-coaching-supervision-integrative-medicine-scaled.jpg\" data-object-fit=\"cover\" srcset=\"https:\/\/drkorn-original-bu.cwis.org\/wp-content\/uploads\/2022\/07\/dr-leslie-korn-coaching-supervision-integrative-medicine-scaled.jpg 2560w, https:\/\/drkorn-original-bu.cwis.org\/wp-content\/uploads\/2022\/07\/dr-leslie-korn-coaching-supervision-integrative-medicine-784x336.jpg 784w, https:\/\/drkorn-original-bu.cwis.org\/wp-content\/uploads\/2022\/07\/dr-leslie-korn-coaching-supervision-integrative-medicine-1024x439.jpg 1024w, https:\/\/drkorn-original-bu.cwis.org\/wp-content\/uploads\/2022\/07\/dr-leslie-korn-coaching-supervision-integrative-medicine-768x329.jpg 768w, https:\/\/drkorn-original-bu.cwis.org\/wp-content\/uploads\/2022\/07\/dr-leslie-korn-coaching-supervision-integrative-medicine-1536x659.jpg 1536w, https:\/\/drkorn-original-bu.cwis.org\/wp-content\/uploads\/2022\/07\/dr-leslie-korn-coaching-supervision-integrative-medicine-2048x878.jpg 2048w\" sizes=\"auto, (max-width: 2560px) 100vw, 2560px\" \/><div class=\"wp-block-cover__inner-container is-layout-flow wp-block-cover-is-layout-flow\">\n<p class=\"has-text-align-center has-large-font-size\"><\/p>\n<\/div><\/div>\n\n\n\n<div style=\"height:39px\" aria-hidden=\"true\" class=\"wp-block-spacer\"><\/div>\n\n\n\n<div class=\"wp-block-group alignfull CE-credits-sec\"><div class=\"wp-block-group__inner-container is-layout-flow wp-block-group-is-layout-flow\">\n<h2 class=\"wp-block-heading\" id=\"h-obten-12-18-creditos-ce-educacion-continua\">Obt\u00e9n 12-18 cr\u00e9ditos CE (educaci\u00f3n continua)<\/h2>\n\n\n\n<p class=\"sub-Head\">La asesor\u00eda avanzada en grupos se reunir\u00e1 v\u00eda Zoom una vez al mes. Este programa en vivo, interactivo y colegiado, de 12 meses est\u00e1 limitado a 12 participantes para brindarles a todos la oportunidad de desarrollar y compartir un caso.<\/p>\n\n\n\n<p class=\"sub-Head\">Cada reuni\u00f3n est\u00e1 precedida por aprendizaje en l\u00ednea a tu propio ritmo sobre el tema a tratar.<\/p>\n\n\n\n<p class=\"sub-Head\">La asesor\u00eda avanzada en grupos se compone de tres niveles. Despu\u00e9s de completar el nivel 1, puedes unirte al nivel 2 y luego al nivel 3.<\/p>\n\n\n\n<p class=\"sub-Head\">La matr\u00edcula para los niveles 1 y 2 es de $435, y se incluyen 12 cr\u00e9ditos CE<\/p>\n\n\n\n<div class=\"wp-block-buttons is-layout-flex wp-block-buttons-is-layout-flex\">\n<div class=\"wp-block-button\"><a class=\"wp-block-button__link wp-element-button\" href=\"https:\/\/drkorn-original-bu.cwis.org\/es\/agregame-a-la-lista-de-espera\/\">Agr\u00e9game a la lista de espera<\/a><\/div>\n<\/div>\n\n\n\n<div style=\"height:30px\" aria-hidden=\"true\" class=\"wp-block-spacer\"><\/div>\n\n\n\n<div style=\"height:80px\" aria-hidden=\"true\" class=\"wp-block-spacer\"><\/div>\n\n\n\n<h2 class=\"wp-block-heading mg-top\">Los temas incluyen\u2026<\/h2>\n\n\n\n<ul class=\"wp-block-list\">\n<li>Introducir a los clientes a un enfoque integrativo y nutricional.<\/li>\n\n\n\n<li>Ayudar a los clientes a participar en un modelo integrativo y desarrollar el \u00abm\u00fasculo\u00bb de la consistencia<\/li>\n\n\n\n<li>C\u00f3mo aplicar enfoques a base de hierbas, diet\u00e9ticos y nutricionales, som\u00e1ticos y de otros tipos en el Modelo del arcoiris del cerebro<sup>\u00ae<\/sup> a clientes espec\u00edficos<\/li>\n\n\n\n<li>Estrategias para disminuir, reducir y eliminar medicamentos<\/li>\n\n\n\n<li>Adaptar los planes de intervenci\u00f3n a cada personalidad y diagn\u00f3stico<\/li>\n\n\n\n<li>Protocolos espec\u00edficos de intervenci\u00f3n<\/li>\n<\/ul>\n\n\n\n<div style=\"height:64px\" aria-hidden=\"true\" class=\"wp-block-spacer\"><\/div>\n\n\n\n<h2 class=\"wp-block-heading\">Requisito previo<\/h2>\n\n\n\n<p class=\"sub-Head mg-bt has-medium-font-size\">Haber terminado uno de mis programas de certificaci\u00f3n de medicina integrativa. <\/p>\n\n\n\n<p class=\"sub-Head mg-bt has-medium-font-size\"><strong>Haz clic aqu\u00ed para ver todos mis <a href=\"\/es\/courses\/\">programas de certificaci\u00f3n<\/a><\/strong><\/p>\n<\/div><\/div>\n\n\n\n<div class=\"wp-block-group alignfull testimonial-BG-sec\"><div class=\"wp-block-group__inner-container is-layout-flow wp-block-group-is-layout-flow\"><\/div><\/div>\n\n\n\n<div class=\"wp-block-group alignfull testimonial-sec\"><div class=\"wp-block-group__inner-container is-layout-flow wp-block-group-is-layout-flow\">\n<\/div><\/div>\n\n\n\n<div style=\"height:240px\" aria-hidden=\"true\" class=\"wp-block-spacer\"><\/div>\n","protected":false},"excerpt":{"rendered":"<p>TRABAJA CONMIGO Aseg\u00farate de que lo est\u00e1s haciendo bien Muchos profesionales tienen problemas para construir una pr\u00e1ctica integrativa. Es un campo complejo y multifac\u00e9tico, y se necesita tiempo para obtener [&hellip;]<\/p>\n","protected":false},"author":20,"featured_media":0,"parent":37741,"menu_order":0,"comment_status":"closed","ping_status":"closed","template":"","meta":{"_acf_changed":false,"inline_featured_image":false,"_genesis_hide_title":true,"_genesis_hide_breadcrumbs":false,"_genesis_hide_singular_image":false,"_genesis_hide_footer_widgets":false,"_genesis_custom_body_class":"advnc-coaching-page","_genesis_custom_post_class":"","_genesis_layout":"","footnotes":""},"class_list":{"0":"post-37745","1":"page","2":"type-page","3":"status-publish","5":"entry"},"acf":[],"yoast_head":"<!-- This site is optimized with the Yoast SEO Premium plugin v25.3 (Yoast SEO v25.3) - https:\/\/yoast.com\/wordpress\/plugins\/seo\/ -->\n<title>Asesor\u00eda avanzada y supervisi\u00f3n cl\u00ednica con la Dra. Leslie Korn<\/title>\n<meta name=\"description\" content=\"Genera confianza mientras construyes tu pr\u00e1ctica integrativa Tanto el entrenamiento grupal como las citas individuales est\u00e1n disponibles.\" \/>\n<meta name=\"robots\" content=\"noindex, follow, max-snippet:-1, max-image-preview:large, max-video-preview:-1\" \/>\n<meta property=\"og:locale\" content=\"es_ES\" \/>\n<meta property=\"og:type\" content=\"article\" \/>\n<meta property=\"og:title\" content=\"Asesor\u00eda avanzada y supervisi\u00f3n cl\u00ednica | Dr. Leslie Korn\" \/>\n<meta property=\"og:description\" content=\"TRABAJA CONMIGO Consulta de salud Orientaci\u00f3n profesional Desarrollo profesional Asesor\u00eda avanzada Asesor\u00eda avanzada y supervisi\u00f3n cl\u00ednica con la Dra.\" \/>\n<meta property=\"og:url\" content=\"https:\/\/drkorndev.cwis.org\/es\/trabaja-conmigo\/asesoria-avanzada-y-supervision-clinica\/\" \/>\n<meta property=\"og:site_name\" content=\"Dr. Leslie Korn\" \/>\n<meta property=\"article:modified_time\" content=\"2023-09-14T13:25:05+00:00\" \/>\n<meta property=\"og:image\" content=\"https:\/\/drkorndev.cwis.org\/wp-content\/uploads\/2023\/01\/coaching-clinical-supervision-integrative-medicine-scaled.webp\" \/>\n<meta name=\"twitter:card\" content=\"summary_large_image\" \/>\n<meta name=\"twitter:label1\" content=\"Tiempo de lectura\" \/>\n\t<meta name=\"twitter:data1\" content=\"3 minutos\" \/>\n<script type=\"application\/ld+json\" class=\"yoast-schema-graph\">{\"@context\":\"https:\/\/schema.org\",\"@graph\":[{\"@type\":\"WebPage\",\"@id\":\"https:\/\/drkorndev.cwis.org\/es\/trabaja-conmigo\/asesoria-avanzada-y-supervision-clinica\/\",\"url\":\"https:\/\/drkorndev.cwis.org\/es\/trabaja-conmigo\/asesoria-avanzada-y-supervision-clinica\/\",\"name\":\"Asesor\u00eda avanzada y supervisi\u00f3n cl\u00ednica con la Dra. Leslie Korn\",\"isPartOf\":{\"@id\":\"https:\/\/drkorn-original-bu.cwis.org\/#website\"},\"primaryImageOfPage\":{\"@id\":\"https:\/\/drkorndev.cwis.org\/es\/trabaja-conmigo\/asesoria-avanzada-y-supervision-clinica\/#primaryimage\"},\"image\":{\"@id\":\"https:\/\/drkorndev.cwis.org\/es\/trabaja-conmigo\/asesoria-avanzada-y-supervision-clinica\/#primaryimage\"},\"thumbnailUrl\":\"https:\/\/drkorn-original-bu.cwis.org\/wp-content\/uploads\/2023\/01\/coaching-clinical-supervision-integrative-medicine-scaled.webp\",\"datePublished\":\"2022-07-18T06:40:14+00:00\",\"dateModified\":\"2023-09-14T13:25:05+00:00\",\"description\":\"Genera confianza mientras construyes tu pr\u00e1ctica integrativa Tanto el entrenamiento grupal como las citas individuales est\u00e1n disponibles.\",\"breadcrumb\":{\"@id\":\"https:\/\/drkorndev.cwis.org\/es\/trabaja-conmigo\/asesoria-avanzada-y-supervision-clinica\/#breadcrumb\"},\"inLanguage\":\"es\",\"potentialAction\":[{\"@type\":\"ReadAction\",\"target\":[\"https:\/\/drkorndev.cwis.org\/es\/trabaja-conmigo\/asesoria-avanzada-y-supervision-clinica\/\"]}]},{\"@type\":\"ImageObject\",\"inLanguage\":\"es\",\"@id\":\"https:\/\/drkorndev.cwis.org\/es\/trabaja-conmigo\/asesoria-avanzada-y-supervision-clinica\/#primaryimage\",\"url\":\"https:\/\/drkorn-original-bu.cwis.org\/wp-content\/uploads\/2023\/01\/coaching-clinical-supervision-integrative-medicine-scaled.webp\",\"contentUrl\":\"https:\/\/drkorn-original-bu.cwis.org\/wp-content\/uploads\/2023\/01\/coaching-clinical-supervision-integrative-medicine-scaled.webp\"},{\"@type\":\"BreadcrumbList\",\"@id\":\"https:\/\/drkorndev.cwis.org\/es\/trabaja-conmigo\/asesoria-avanzada-y-supervision-clinica\/#breadcrumb\",\"itemListElement\":[{\"@type\":\"ListItem\",\"position\":1,\"name\":\"TRABAJA CONMIGO\",\"item\":\"https:\/\/drkorndev.cwis.org\/es\/trabaja-conmigo\/\"},{\"@type\":\"ListItem\",\"position\":2,\"name\":\"Asesor\u00eda avanzada y supervisi\u00f3n cl\u00ednica\"}]},{\"@type\":\"WebSite\",\"@id\":\"https:\/\/drkorn-original-bu.cwis.org\/#website\",\"url\":\"https:\/\/drkorn-original-bu.cwis.org\/\",\"name\":\"Dr. Leslie Korn\",\"description\":\"Integrative Medicine with Heart\",\"publisher\":{\"@id\":\"https:\/\/drkorn-original-bu.cwis.org\/#organization\"},\"potentialAction\":[{\"@type\":\"SearchAction\",\"target\":{\"@type\":\"EntryPoint\",\"urlTemplate\":\"https:\/\/drkorn-original-bu.cwis.org\/?s={search_term_string}\"},\"query-input\":{\"@type\":\"PropertyValueSpecification\",\"valueRequired\":true,\"valueName\":\"search_term_string\"}}],\"inLanguage\":\"es\"},{\"@type\":\"Organization\",\"@id\":\"https:\/\/drkorn-original-bu.cwis.org\/#organization\",\"name\":\"Dr. Leslie Korn\",\"url\":\"https:\/\/drkorn-original-bu.cwis.org\/\",\"logo\":{\"@type\":\"ImageObject\",\"inLanguage\":\"es\",\"@id\":\"https:\/\/drkorn-original-bu.cwis.org\/#\/schema\/logo\/image\/\",\"url\":\"https:\/\/drkorn-original-bu.cwis.org\/wp-content\/uploads\/2022\/11\/Logo_highRess_horizontal.png\",\"contentUrl\":\"https:\/\/drkorn-original-bu.cwis.org\/wp-content\/uploads\/2022\/11\/Logo_highRess_horizontal.png\",\"width\":8001,\"height\":8001,\"caption\":\"Dr. Leslie Korn\"},\"image\":{\"@id\":\"https:\/\/drkorn-original-bu.cwis.org\/#\/schema\/logo\/image\/\"}}]}<\/script>\n<!-- \/ Yoast SEO Premium plugin. -->","yoast_head_json":{"title":"Asesor\u00eda avanzada y supervisi\u00f3n cl\u00ednica con la Dra. Leslie Korn","description":"Genera confianza mientras construyes tu pr\u00e1ctica integrativa Tanto el entrenamiento grupal como las citas individuales est\u00e1n disponibles.","robots":{"index":"noindex","follow":"follow","max-snippet":"max-snippet:-1","max-image-preview":"max-image-preview:large","max-video-preview":"max-video-preview:-1"},"og_locale":"es_ES","og_type":"article","og_title":"Asesor\u00eda avanzada y supervisi\u00f3n cl\u00ednica | Dr. Leslie Korn","og_description":"TRABAJA CONMIGO Consulta de salud Orientaci\u00f3n profesional Desarrollo profesional Asesor\u00eda avanzada Asesor\u00eda avanzada y supervisi\u00f3n cl\u00ednica con la Dra.","og_url":"https:\/\/drkorndev.cwis.org\/es\/trabaja-conmigo\/asesoria-avanzada-y-supervision-clinica\/","og_site_name":"Dr. Leslie Korn","article_modified_time":"2023-09-14T13:25:05+00:00","og_image":[{"url":"https:\/\/drkorndev.cwis.org\/wp-content\/uploads\/2023\/01\/coaching-clinical-supervision-integrative-medicine-scaled.webp","type":"","width":"","height":""}],"twitter_card":"summary_large_image","twitter_misc":{"Tiempo de lectura":"3 minutos"},"schema":{"@context":"https:\/\/schema.org","@graph":[{"@type":"WebPage","@id":"https:\/\/drkorndev.cwis.org\/es\/trabaja-conmigo\/asesoria-avanzada-y-supervision-clinica\/","url":"https:\/\/drkorndev.cwis.org\/es\/trabaja-conmigo\/asesoria-avanzada-y-supervision-clinica\/","name":"Asesor\u00eda avanzada y supervisi\u00f3n cl\u00ednica con la Dra. Leslie Korn","isPartOf":{"@id":"https:\/\/drkorn-original-bu.cwis.org\/#website"},"primaryImageOfPage":{"@id":"https:\/\/drkorndev.cwis.org\/es\/trabaja-conmigo\/asesoria-avanzada-y-supervision-clinica\/#primaryimage"},"image":{"@id":"https:\/\/drkorndev.cwis.org\/es\/trabaja-conmigo\/asesoria-avanzada-y-supervision-clinica\/#primaryimage"},"thumbnailUrl":"https:\/\/drkorn-original-bu.cwis.org\/wp-content\/uploads\/2023\/01\/coaching-clinical-supervision-integrative-medicine-scaled.webp","datePublished":"2022-07-18T06:40:14+00:00","dateModified":"2023-09-14T13:25:05+00:00","description":"Genera confianza mientras construyes tu pr\u00e1ctica integrativa Tanto el entrenamiento grupal como las citas individuales est\u00e1n disponibles.","breadcrumb":{"@id":"https:\/\/drkorndev.cwis.org\/es\/trabaja-conmigo\/asesoria-avanzada-y-supervision-clinica\/#breadcrumb"},"inLanguage":"es","potentialAction":[{"@type":"ReadAction","target":["https:\/\/drkorndev.cwis.org\/es\/trabaja-conmigo\/asesoria-avanzada-y-supervision-clinica\/"]}]},{"@type":"ImageObject","inLanguage":"es","@id":"https:\/\/drkorndev.cwis.org\/es\/trabaja-conmigo\/asesoria-avanzada-y-supervision-clinica\/#primaryimage","url":"https:\/\/drkorn-original-bu.cwis.org\/wp-content\/uploads\/2023\/01\/coaching-clinical-supervision-integrative-medicine-scaled.webp","contentUrl":"https:\/\/drkorn-original-bu.cwis.org\/wp-content\/uploads\/2023\/01\/coaching-clinical-supervision-integrative-medicine-scaled.webp"},{"@type":"BreadcrumbList","@id":"https:\/\/drkorndev.cwis.org\/es\/trabaja-conmigo\/asesoria-avanzada-y-supervision-clinica\/#breadcrumb","itemListElement":[{"@type":"ListItem","position":1,"name":"TRABAJA CONMIGO","item":"https:\/\/drkorndev.cwis.org\/es\/trabaja-conmigo\/"},{"@type":"ListItem","position":2,"name":"Asesor\u00eda avanzada y supervisi\u00f3n cl\u00ednica"}]},{"@type":"WebSite","@id":"https:\/\/drkorn-original-bu.cwis.org\/#website","url":"https:\/\/drkorn-original-bu.cwis.org\/","name":"Dr. Leslie Korn","description":"Integrative Medicine with Heart","publisher":{"@id":"https:\/\/drkorn-original-bu.cwis.org\/#organization"},"potentialAction":[{"@type":"SearchAction","target":{"@type":"EntryPoint","urlTemplate":"https:\/\/drkorn-original-bu.cwis.org\/?s={search_term_string}"},"query-input":{"@type":"PropertyValueSpecification","valueRequired":true,"valueName":"search_term_string"}}],"inLanguage":"es"},{"@type":"Organization","@id":"https:\/\/drkorn-original-bu.cwis.org\/#organization","name":"Dr. Leslie Korn","url":"https:\/\/drkorn-original-bu.cwis.org\/","logo":{"@type":"ImageObject","inLanguage":"es","@id":"https:\/\/drkorn-original-bu.cwis.org\/#\/schema\/logo\/image\/","url":"https:\/\/drkorn-original-bu.cwis.org\/wp-content\/uploads\/2022\/11\/Logo_highRess_horizontal.png","contentUrl":"https:\/\/drkorn-original-bu.cwis.org\/wp-content\/uploads\/2022\/11\/Logo_highRess_horizontal.png","width":8001,"height":8001,"caption":"Dr. Leslie Korn"},"image":{"@id":"https:\/\/drkorn-original-bu.cwis.org\/#\/schema\/logo\/image\/"}}]}},"_links":{"self":[{"href":"https:\/\/drkorn-original-bu.cwis.org\/es\/wp-json\/wp\/v2\/pages\/37745","targetHints":{"allow":["GET"]}}],"collection":[{"href":"https:\/\/drkorn-original-bu.cwis.org\/es\/wp-json\/wp\/v2\/pages"}],"about":[{"href":"https:\/\/drkorn-original-bu.cwis.org\/es\/wp-json\/wp\/v2\/types\/page"}],"author":[{"embeddable":true,"href":"https:\/\/drkorn-original-bu.cwis.org\/es\/wp-json\/wp\/v2\/users\/20"}],"replies":[{"embeddable":true,"href":"https:\/\/drkorn-original-bu.cwis.org\/es\/wp-json\/wp\/v2\/comments?post=37745"}],"version-history":[{"count":0,"href":"https:\/\/drkorn-original-bu.cwis.org\/es\/wp-json\/wp\/v2\/pages\/37745\/revisions"}],"up":[{"embeddable":true,"href":"https:\/\/drkorn-original-bu.cwis.org\/es\/wp-json\/wp\/v2\/pages\/37741"}],"wp:attachment":[{"href":"https:\/\/drkorn-original-bu.cwis.org\/es\/wp-json\/wp\/v2\/media?parent=37745"}],"curies":[{"name":"wp","href":"https:\/\/api.w.org\/{rel}","templated":true}]}}